{"id":91669,"date":"2025-10-08T14:24:02","date_gmt":"2025-10-08T14:24:02","guid":{"rendered":"https:\/\/brandss.com.py\/index\/?post_type=product&#038;p=91669"},"modified":"2025-12-04T11:50:14","modified_gmt":"2025-12-04T11:50:14","slug":"perfume-femenino-onlyou-collection-n-861-edp-30ml","status":"publish","type":"product","link":"https:\/\/brandss.com.py\/index\/producto\/perfume-femenino-onlyou-collection-n-861-edp-30ml\/","title":{"rendered":"PERFUME FEMENINO ONLYOU COLLECTION N\u00b0 861 EDP 30ML"},"content":{"rendered":"<p><img loading=\"lazy\" decoding=\"async\" class=\"\" src=\"https:\/\/mms.img.susercontent.com\/daf5cb679a10c2e67bc0aee3321f9b5b\" alt=\"ONLYOU, Online Shop | Shopee Philippines\" width=\"87\" height=\"87\" \/><\/p>\n<h1>COLLECTION N\u00b0 861<\/h1>\n<p>Sum\u00e9rgete en el encanto de Onlyou No. 861 Eau De Parfum, una fragancia dise\u00f1ada para la mujer segura y sofisticada. Este perfume es un testimonio del compromiso de la marca Onlyou con la calidad y el estilo, ofreciendo una experiencia olfativa \u00fanica que cautiva los sentidos. Inspirada en la elegancia de Boss The Scent For Her de Hugo Boss, Onlyou No. 861 es una fragancia floral afrutada que personifica la feminidad y la gracia. Las notas altas de melocot\u00f3n y fresia crean una apertura refrescante y vigorizante, preparando el escenario para un delicioso viaje sensorial.<\/p>\n<p>Onlyou No. 861 Eau De Parfum es una declaraci\u00f3n de individualidad y sofisticaci\u00f3n. Eleva tu presencia con este aroma cautivador, un compa\u00f1ero perfecto para las vibrantes estaciones de primavera y verano. Libera tu confianza y estilo con la exquisita mezcla de melocot\u00f3n, fresia, osmanto y cacao, encapsulada en este perfume bellamente elaborado por Onlyou.<\/p>\n<p>Envasado en un pr\u00e1ctico tama\u00f1o de 30 ml, este Eau De Parfum es ideal para quienes prefieren una fragancia compacta pero impactante. El tipo de spray vaporizador garantiza una aplicaci\u00f3n uniforme y sin esfuerzo, permitiendo al usuario abrazar la belleza de este aroma con cada rociado.<\/p>\n<h3>Notas Olfativas<\/h3>\n<p>Las notas de salida de durazno y fresia brindan una apertura jugosa y floral, creando una sensaci\u00f3n de alegr\u00eda y ligereza. En el coraz\u00f3n, el osmanto a\u00f1ade un toque ex\u00f3tico y sofisticado, mientras que las notas de fondo de cacao aportan una calidez envolvente que deja una estela memorable. Esta combinaci\u00f3n \u00fanica de aromas hace que el Onlyou No 861 sea una elecci\u00f3n irresistible para quienes desean destacar su personalidad.<\/p>\n<p><strong>Notas de Salida:<\/strong> durazno y fresia<br \/>\n<strong>Nota de Coraz\u00f3n:<\/strong> osmanto (olivo oloroso)<br \/>\n<strong>Nota de Fondo:<\/strong> cacao.<\/p>\n","protected":false},"excerpt":{"rendered":"<p>COLLECTION N\u00b0 861 Sum\u00e9rgete en el encanto de Onlyou No. 861 Eau De Parfum, una fragancia dise\u00f1ada para la mujer<\/p>\n","protected":false},"featured_media":91670,"comment_status":"open","ping_status":"closed","template":"","meta":{"nf_dc_page":""},"product_brand":[933],"product_cat":[84],"product_tag":[935],"class_list":{"0":"post-91669","1":"product","2":"type-product","3":"status-publish","4":"has-post-thumbnail","6":"product_brand-onlyou","7":"product_cat-perfumeria","8":"product_tag-935","10":"first","11":"outofstock","12":"shipping-taxable","13":"purchasable","14":"product-type-simple"},"_links":{"self":[{"href":"https:\/\/brandss.com.py\/index\/wp-json\/wp\/v2\/product\/91669","targetHints":{"allow":["GET"]}}],"collection":[{"href":"https:\/\/brandss.com.py\/index\/wp-json\/wp\/v2\/product"}],"about":[{"href":"https:\/\/brandss.com.py\/index\/wp-json\/wp\/v2\/types\/product"}],"replies":[{"embeddable":true,"href":"https:\/\/brandss.com.py\/index\/wp-json\/wp\/v2\/comments?post=91669"}],"version-history":[{"count":1,"href":"https:\/\/brandss.com.py\/index\/wp-json\/wp\/v2\/product\/91669\/revisions"}],"predecessor-version":[{"id":91674,"href":"https:\/\/brandss.com.py\/index\/wp-json\/wp\/v2\/product\/91669\/revisions\/91674"}],"wp:featuredmedia":[{"embeddable":true,"href":"https:\/\/brandss.com.py\/index\/wp-json\/wp\/v2\/media\/91670"}],"wp:attachment":[{"href":"https:\/\/brandss.com.py\/index\/wp-json\/wp\/v2\/media?parent=91669"}],"wp:term":[{"taxonomy":"product_brand","embeddable":true,"href":"https:\/\/brandss.com.py\/index\/wp-json\/wp\/v2\/product_brand?post=91669"},{"taxonomy":"product_cat","embeddable":true,"href":"https:\/\/brandss.com.py\/index\/wp-json\/wp\/v2\/product_cat?post=91669"},{"taxonomy":"product_tag","embeddable":true,"href":"https:\/\/brandss.com.py\/index\/wp-json\/wp\/v2\/product_tag?post=91669"}],"curies":[{"name":"wp","href":"https:\/\/api.w.org\/{rel}","templated":true}]}}