{"id":91675,"date":"2025-10-08T14:49:07","date_gmt":"2025-10-08T14:49:07","guid":{"rendered":"https:\/\/brandss.com.py\/index\/?post_type=product&#038;p=91675"},"modified":"2025-10-08T14:50:04","modified_gmt":"2025-10-08T14:50:04","slug":"perfume-unisex-onlyou-collection-n-863-edp-30ml","status":"publish","type":"product","link":"https:\/\/brandss.com.py\/index\/producto\/perfume-unisex-onlyou-collection-n-863-edp-30ml\/","title":{"rendered":"PERFUME UNISEX ONLYOU COLLECTION N\u00b0 863 EDP 30ML"},"content":{"rendered":"<p><img loading=\"lazy\" decoding=\"async\" class=\"\" src=\"https:\/\/mms.img.susercontent.com\/daf5cb679a10c2e67bc0aee3321f9b5b\" alt=\"ONLYOU, Online Shop | Shopee Philippines\" width=\"109\" height=\"109\" \/><\/p>\n<h1>COLLECTION N\u00b0 863<\/h1>\n<p dir=\"ltr\">Descubre el encanto de\u00a0ONLYOU No. 863 Eau De Parfum, una fragancia distintiva dise\u00f1ada tanto para hombres como para mujeres. Meticulosamente elaborado por la estimada marca ONLYOU, este perfume unisex es una mezcla armoniosa de sofisticaci\u00f3n e individualidad, que ofrece una experiencia olfativa cautivadora que trasciende los l\u00edmites tradicionales de g\u00e9nero.<\/p>\n<h3 dir=\"ltr\">Notas Olfativas<\/h3>\n<p dir=\"ltr\">Inspirado en el ic\u00f3nico Baccarat Rouge 540 de Maison Francis Kurkdjian, ONLYOU No. 863 se abre con una declaraci\u00f3n audaz, con notas altas de azafr\u00e1n y jazm\u00edn. Esta combinaci\u00f3n crea una introducci\u00f3n cautivadora y picante, preparando el escenario para las complejas capas que se despliegan en esta fragancia \u00fanica. En el coraz\u00f3n de este Eau De Parfum se encuentra una rica fusi\u00f3n de madera de \u00e1mbar y \u00e1mbar gris, contribuyendo al car\u00e1cter c\u00e1lido y sensual del perfume\u201d. Estas notas medias agregan profundidad y complejidad, por lo que es una opci\u00f3n ideal para las estaciones de oto\u00f1o, invierno y primavera. A medida que la fragancia se asienta, emergen las notas base de resina de abeto y cedro, dejando un rastro persistente y terroso. Estos elementos mejoran la longevidad del perfume y evocan una sensaci\u00f3n de naturaleza, por lo que es una opci\u00f3n vers\u00e1til para varias ocasiones.<\/p>\n<p dir=\"ltr\"><strong>Notas de salida:<\/strong> azafr\u00e1n, jazm\u00edn.<\/p>\n<p dir=\"ltr\"><strong>Notas de coraz\u00f3n:<\/strong> madera de \u00e1mbar, \u00e1mbar gris.<\/p>\n<p dir=\"ltr\"><strong>Notas de fondo:<\/strong> resina de abeto, cedro.<\/p>\n","protected":false},"excerpt":{"rendered":"<p>COLLECTION N\u00b0 863 Descubre el encanto de\u00a0ONLYOU No. 863 Eau De Parfum, una fragancia distintiva dise\u00f1ada tanto para hombres como<\/p>\n","protected":false},"featured_media":91676,"comment_status":"open","ping_status":"closed","template":"","meta":{"nf_dc_page":""},"product_brand":[933],"product_cat":[84],"product_tag":[936],"class_list":{"0":"post-91675","1":"product","2":"type-product","3":"status-publish","4":"has-post-thumbnail","6":"product_brand-onlyou","7":"product_cat-perfumeria","8":"product_tag-936","10":"first","11":"instock","12":"shipping-taxable","13":"purchasable","14":"product-type-simple"},"_links":{"self":[{"href":"https:\/\/brandss.com.py\/index\/wp-json\/wp\/v2\/product\/91675","targetHints":{"allow":["GET"]}}],"collection":[{"href":"https:\/\/brandss.com.py\/index\/wp-json\/wp\/v2\/product"}],"about":[{"href":"https:\/\/brandss.com.py\/index\/wp-json\/wp\/v2\/types\/product"}],"replies":[{"embeddable":true,"href":"https:\/\/brandss.com.py\/index\/wp-json\/wp\/v2\/comments?post=91675"}],"version-history":[{"count":1,"href":"https:\/\/brandss.com.py\/index\/wp-json\/wp\/v2\/product\/91675\/revisions"}],"predecessor-version":[{"id":91679,"href":"https:\/\/brandss.com.py\/index\/wp-json\/wp\/v2\/product\/91675\/revisions\/91679"}],"wp:featuredmedia":[{"embeddable":true,"href":"https:\/\/brandss.com.py\/index\/wp-json\/wp\/v2\/media\/91676"}],"wp:attachment":[{"href":"https:\/\/brandss.com.py\/index\/wp-json\/wp\/v2\/media?parent=91675"}],"wp:term":[{"taxonomy":"product_brand","embeddable":true,"href":"https:\/\/brandss.com.py\/index\/wp-json\/wp\/v2\/product_brand?post=91675"},{"taxonomy":"product_cat","embeddable":true,"href":"https:\/\/brandss.com.py\/index\/wp-json\/wp\/v2\/product_cat?post=91675"},{"taxonomy":"product_tag","embeddable":true,"href":"https:\/\/brandss.com.py\/index\/wp-json\/wp\/v2\/product_tag?post=91675"}],"curies":[{"name":"wp","href":"https:\/\/api.w.org\/{rel}","templated":true}]}}