{"id":91690,"date":"2025-10-08T17:26:37","date_gmt":"2025-10-08T17:26:37","guid":{"rendered":"https:\/\/brandss.com.py\/index\/?post_type=product&#038;p=91690"},"modified":"2025-10-08T17:26:57","modified_gmt":"2025-10-08T17:26:57","slug":"perfume-unisex-onlyou-collection-n-866-edp-30ml","status":"publish","type":"product","link":"https:\/\/brandss.com.py\/index\/producto\/perfume-unisex-onlyou-collection-n-866-edp-30ml\/","title":{"rendered":"PERFUME UNISEX ONLYOU COLLECTION N\u00b0 866 EDP 30ML"},"content":{"rendered":"<p><img loading=\"lazy\" decoding=\"async\" class=\"\" src=\"https:\/\/mms.img.susercontent.com\/daf5cb679a10c2e67bc0aee3321f9b5b\" alt=\"ONLYOU, Online Shop | Shopee Philippines\" width=\"80\" height=\"80\" \/><\/p>\n<h1>COLLECTION N\u00b0 866<\/h1>\n<p><span dir=\"auto\">Descubre el exquisito encanto de\u00a0<\/span><span dir=\"auto\">ONLYOU N\u00b0 866<\/span><span dir=\"auto\">, una fragancia unisex que celebra la elegancia y la sofisticaci\u00f3n. Inspirada en el lujoso\u00a0<\/span><em><span dir=\"auto\">Baccarat Rouge 540<\/span><\/em><span dir=\"auto\">, esta fragancia captura la esencia de la opulencia en un frasco compacto y port\u00e1til de 30 ml. Perfecta para primavera, verano y oto\u00f1o, esta obra maestra floral oriental deja una estela de encanto e intriga, ideal para quienes aprecian el lujo discreto.<\/span><\/p>\n<h4>Caracter\u00edsticas<\/h4>\n<ul>\n<li><strong><span dir=\"auto\">Excelencia inspirada<\/span><\/strong><span dir=\"auto\">\u00a0: ofrece la esencia de\u00a0<\/span><em><span dir=\"auto\">Baccarat Rouge 540 Extrait de Parfum<\/span><\/em><span dir=\"auto\">\u00a0a un precio asequible.<\/span><\/li>\n<li><strong><span dir=\"auto\">Atractivo unisex<\/span><\/strong><span dir=\"auto\">\u00a0: un aroma vers\u00e1til que complementa tanto a hombres como a mujeres, lo que lo convierte en una fragancia perfecta para compartir.<\/span><\/li>\n<li><strong><span dir=\"auto\">Elegancia compacta<\/span><\/strong><span dir=\"auto\">\u00a0: un tama\u00f1o de 30 ml ideal para estilos de vida en movimiento o como un regalo considerado.<\/span><\/li>\n<li><strong><span dir=\"auto\">Versatilidad estacional<\/span><\/strong><span dir=\"auto\">\u00a0: dise\u00f1ado para primavera, verano y oto\u00f1o, agregando un toque de sofisticaci\u00f3n a cualquier ocasi\u00f3n.<\/span><\/li>\n<li><strong><span dir=\"auto\">Impresi\u00f3n duradera<\/span><\/strong><span dir=\"auto\">\u00a0: la concentraci\u00f3n de Eau de Parfum garantiza una experiencia arom\u00e1tica persistente y memorable.<\/span><\/li>\n<\/ul>\n<h3><strong><span dir=\"auto\">Notas Olfativas<\/span><\/strong><\/h3>\n<p><span dir=\"auto\">Sum\u00e9rgete en un cautivador viaje olfativo iniciando con l<\/span><span dir=\"auto\">a almendra amarga y el azafr\u00e1n crean una apertura c\u00e1lida y ex\u00f3tica, que exuda riqueza y refinamiento. Evoluciona hacia un coraz\u00f3n con<\/span><span dir=\"auto\"> el jazm\u00edn egipcio y el cedro de Virginia aportan un elegante toque floral equilibrado por la profundidad amaderada, agregando complejidad y sofisticaci\u00f3n. Finalmente en la base tenemos el <\/span><span dir=\"auto\">\u00e1mbar gris, notas amaderadas, almizcle, ambrox\u00e1n y cachemira tejen una base sensual y duradera, envolvi\u00e9ndote en un aura de calidez y lujo.<\/span><\/p>\n<p><strong><span dir=\"auto\">Notas de salida:<\/span><\/strong><span dir=\"auto\"> almendra amarga, azafr\u00e1n.<\/span><br \/>\n<strong><span dir=\"auto\">Notas de coraz\u00f3n:<\/span><\/strong><span dir=\"auto\"> jazm\u00edn egipcio, cedro de virginia.<\/span><br \/>\n<strong><span dir=\"auto\">Notas de fondo:<\/span><\/strong><span dir=\"auto\"> \u00e1mbar gris, notas amaderadas, almizcle, ambroxan, cachemira.<\/span><\/p>\n","protected":false},"excerpt":{"rendered":"<p>COLLECTION N\u00b0 866 Descubre el exquisito encanto de\u00a0ONLYOU N\u00b0 866, una fragancia unisex que celebra la elegancia y la sofisticaci\u00f3n.<\/p>\n","protected":false},"featured_media":91691,"comment_status":"open","ping_status":"closed","template":"","meta":{"nf_dc_page":""},"product_brand":[933],"product_cat":[84],"product_tag":[939],"class_list":{"0":"post-91690","1":"product","2":"type-product","3":"status-publish","4":"has-post-thumbnail","6":"product_brand-onlyou","7":"product_cat-perfumeria","8":"product_tag-939","10":"first","11":"instock","12":"shipping-taxable","13":"purchasable","14":"product-type-simple"},"_links":{"self":[{"href":"https:\/\/brandss.com.py\/index\/wp-json\/wp\/v2\/product\/91690","targetHints":{"allow":["GET"]}}],"collection":[{"href":"https:\/\/brandss.com.py\/index\/wp-json\/wp\/v2\/product"}],"about":[{"href":"https:\/\/brandss.com.py\/index\/wp-json\/wp\/v2\/types\/product"}],"replies":[{"embeddable":true,"href":"https:\/\/brandss.com.py\/index\/wp-json\/wp\/v2\/comments?post=91690"}],"version-history":[{"count":1,"href":"https:\/\/brandss.com.py\/index\/wp-json\/wp\/v2\/product\/91690\/revisions"}],"predecessor-version":[{"id":91694,"href":"https:\/\/brandss.com.py\/index\/wp-json\/wp\/v2\/product\/91690\/revisions\/91694"}],"wp:featuredmedia":[{"embeddable":true,"href":"https:\/\/brandss.com.py\/index\/wp-json\/wp\/v2\/media\/91691"}],"wp:attachment":[{"href":"https:\/\/brandss.com.py\/index\/wp-json\/wp\/v2\/media?parent=91690"}],"wp:term":[{"taxonomy":"product_brand","embeddable":true,"href":"https:\/\/brandss.com.py\/index\/wp-json\/wp\/v2\/product_brand?post=91690"},{"taxonomy":"product_cat","embeddable":true,"href":"https:\/\/brandss.com.py\/index\/wp-json\/wp\/v2\/product_cat?post=91690"},{"taxonomy":"product_tag","embeddable":true,"href":"https:\/\/brandss.com.py\/index\/wp-json\/wp\/v2\/product_tag?post=91690"}],"curies":[{"name":"wp","href":"https:\/\/api.w.org\/{rel}","templated":true}]}}