{"id":91695,"date":"2025-10-08T17:54:52","date_gmt":"2025-10-08T17:54:52","guid":{"rendered":"https:\/\/brandss.com.py\/index\/?post_type=product&#038;p=91695"},"modified":"2025-12-04T12:12:07","modified_gmt":"2025-12-04T12:12:07","slug":"perfume-femenino-onlyou-collection-n-874-edp-30ml","status":"publish","type":"product","link":"https:\/\/brandss.com.py\/index\/producto\/perfume-femenino-onlyou-collection-n-874-edp-30ml\/","title":{"rendered":"PERFUME FEMENINO ONLYOU COLLECTION N\u00b0 874 EDP 30ML"},"content":{"rendered":"<p><img loading=\"lazy\" decoding=\"async\" class=\"\" src=\"https:\/\/mms.img.susercontent.com\/daf5cb679a10c2e67bc0aee3321f9b5b\" alt=\"ONLYOU, Online Shop | Shopee Philippines\" width=\"92\" height=\"92\" \/><\/p>\n<h1>COLLECTION N\u00b0 874<\/h1>\n<p>Sum\u00e9rgete en la esencia irresistible de la elegancia con nuestro exclusivo Perfume de Bolsillo, Only You, perteneciente a la glamurosa Perfume Collection No. 874. Este cautivador aroma, meticulosamente elaborado, despierta la pasi\u00f3n y enciende la confianza en cada paso que das. Su fragancia \u00fanica, un equilibrio perfecto de notas florales y c\u00edtricas, envuelve tus sentidos en un velo de sofisticaci\u00f3n.<\/p>\n","protected":false},"excerpt":{"rendered":"<p>COLLECTION N\u00b0 874 Sum\u00e9rgete en la esencia irresistible de la elegancia con nuestro exclusivo Perfume de Bolsillo, Only You, perteneciente<\/p>\n","protected":false},"featured_media":91696,"comment_status":"open","ping_status":"closed","template":"","meta":{"nf_dc_page":""},"product_brand":[933],"product_cat":[84],"product_tag":[940],"class_list":{"0":"post-91695","1":"product","2":"type-product","3":"status-publish","4":"has-post-thumbnail","6":"product_brand-onlyou","7":"product_cat-perfumeria","8":"product_tag-940","10":"first","11":"outofstock","12":"shipping-taxable","13":"purchasable","14":"product-type-simple"},"_links":{"self":[{"href":"https:\/\/brandss.com.py\/index\/wp-json\/wp\/v2\/product\/91695","targetHints":{"allow":["GET"]}}],"collection":[{"href":"https:\/\/brandss.com.py\/index\/wp-json\/wp\/v2\/product"}],"about":[{"href":"https:\/\/brandss.com.py\/index\/wp-json\/wp\/v2\/types\/product"}],"replies":[{"embeddable":true,"href":"https:\/\/brandss.com.py\/index\/wp-json\/wp\/v2\/comments?post=91695"}],"version-history":[{"count":1,"href":"https:\/\/brandss.com.py\/index\/wp-json\/wp\/v2\/product\/91695\/revisions"}],"predecessor-version":[{"id":91700,"href":"https:\/\/brandss.com.py\/index\/wp-json\/wp\/v2\/product\/91695\/revisions\/91700"}],"wp:featuredmedia":[{"embeddable":true,"href":"https:\/\/brandss.com.py\/index\/wp-json\/wp\/v2\/media\/91696"}],"wp:attachment":[{"href":"https:\/\/brandss.com.py\/index\/wp-json\/wp\/v2\/media?parent=91695"}],"wp:term":[{"taxonomy":"product_brand","embeddable":true,"href":"https:\/\/brandss.com.py\/index\/wp-json\/wp\/v2\/product_brand?post=91695"},{"taxonomy":"product_cat","embeddable":true,"href":"https:\/\/brandss.com.py\/index\/wp-json\/wp\/v2\/product_cat?post=91695"},{"taxonomy":"product_tag","embeddable":true,"href":"https:\/\/brandss.com.py\/index\/wp-json\/wp\/v2\/product_tag?post=91695"}],"curies":[{"name":"wp","href":"https:\/\/api.w.org\/{rel}","templated":true}]}}