{"id":91711,"date":"2025-10-08T19:24:58","date_gmt":"2025-10-08T19:24:58","guid":{"rendered":"https:\/\/brandss.com.py\/index\/?post_type=product&#038;p=91711"},"modified":"2025-12-04T12:14:12","modified_gmt":"2025-12-04T12:14:12","slug":"perfume-femenino-onlyou-collection-n-881-edp-30ml","status":"publish","type":"product","link":"https:\/\/brandss.com.py\/index\/producto\/perfume-femenino-onlyou-collection-n-881-edp-30ml\/","title":{"rendered":"PERFUME FEMENINO ONLYOU COLLECTION N\u00b0 881 EDP 30ML"},"content":{"rendered":"<p><img loading=\"lazy\" decoding=\"async\" class=\"\" src=\"https:\/\/mms.img.susercontent.com\/daf5cb679a10c2e67bc0aee3321f9b5b\" alt=\"ONLYOU, Online Shop | Shopee Philippines\" width=\"135\" height=\"135\" \/><\/p>\n<h1>COLLECTION N\u00b0 881<\/h1>\n<p>Experimenta la dulzura del azahar y la frescura de la bergamota. Las notas ex\u00f3ticas te revitalizan y, en instantes, la intensidad del jazm\u00edn y el nardo te envuelve. El fondo se llena de acordes de almizcle blanco, cedro y c\u00e1lida vainilla.<\/p>\n<h3>Notas Olfativas<\/h3>\n<p><strong>Notas de salida:<\/strong> azahar, bergamota.<\/p>\n<p><strong>Notas de coraz\u00f3n:<\/strong> jazm\u00edn, nardo.<\/p>\n<p><strong>Notas de fondo:<\/strong> almizcle blanco, cedro, vainilla.<\/p>\n","protected":false},"excerpt":{"rendered":"<p>COLLECTION N\u00b0 881 Experimenta la dulzura del azahar y la frescura de la bergamota. Las notas ex\u00f3ticas te revitalizan y,<\/p>\n","protected":false},"featured_media":91712,"comment_status":"open","ping_status":"closed","template":"","meta":{"nf_dc_page":""},"product_brand":[933],"product_cat":[84],"product_tag":[943],"class_list":{"0":"post-91711","1":"product","2":"type-product","3":"status-publish","4":"has-post-thumbnail","6":"product_brand-onlyou","7":"product_cat-perfumeria","8":"product_tag-943","10":"first","11":"outofstock","12":"shipping-taxable","13":"purchasable","14":"product-type-simple"},"_links":{"self":[{"href":"https:\/\/brandss.com.py\/index\/wp-json\/wp\/v2\/product\/91711","targetHints":{"allow":["GET"]}}],"collection":[{"href":"https:\/\/brandss.com.py\/index\/wp-json\/wp\/v2\/product"}],"about":[{"href":"https:\/\/brandss.com.py\/index\/wp-json\/wp\/v2\/types\/product"}],"replies":[{"embeddable":true,"href":"https:\/\/brandss.com.py\/index\/wp-json\/wp\/v2\/comments?post=91711"}],"version-history":[{"count":1,"href":"https:\/\/brandss.com.py\/index\/wp-json\/wp\/v2\/product\/91711\/revisions"}],"predecessor-version":[{"id":91717,"href":"https:\/\/brandss.com.py\/index\/wp-json\/wp\/v2\/product\/91711\/revisions\/91717"}],"wp:featuredmedia":[{"embeddable":true,"href":"https:\/\/brandss.com.py\/index\/wp-json\/wp\/v2\/media\/91712"}],"wp:attachment":[{"href":"https:\/\/brandss.com.py\/index\/wp-json\/wp\/v2\/media?parent=91711"}],"wp:term":[{"taxonomy":"product_brand","embeddable":true,"href":"https:\/\/brandss.com.py\/index\/wp-json\/wp\/v2\/product_brand?post=91711"},{"taxonomy":"product_cat","embeddable":true,"href":"https:\/\/brandss.com.py\/index\/wp-json\/wp\/v2\/product_cat?post=91711"},{"taxonomy":"product_tag","embeddable":true,"href":"https:\/\/brandss.com.py\/index\/wp-json\/wp\/v2\/product_tag?post=91711"}],"curies":[{"name":"wp","href":"https:\/\/api.w.org\/{rel}","templated":true}]}}