{"id":91718,"date":"2025-10-09T10:59:54","date_gmt":"2025-10-09T10:59:54","guid":{"rendered":"https:\/\/brandss.com.py\/index\/?post_type=product&#038;p=91718"},"modified":"2025-10-09T11:05:18","modified_gmt":"2025-10-09T11:05:18","slug":"perfume-femenino-onlyou-collection-n-886-edp-30ml","status":"publish","type":"product","link":"https:\/\/brandss.com.py\/index\/producto\/perfume-femenino-onlyou-collection-n-886-edp-30ml\/","title":{"rendered":"PERFUME FEMENINO ONLYOU COLLECTION N\u00b0 886 EDP 30ML"},"content":{"rendered":"<p><img loading=\"lazy\" decoding=\"async\" class=\"\" src=\"https:\/\/mms.img.susercontent.com\/daf5cb679a10c2e67bc0aee3321f9b5b\" alt=\"ONLYOU, Online Shop | Shopee Philippines\" width=\"86\" height=\"86\" \/><\/p>\n<h1>COLLECTION N\u00b0 886<\/h1>\n<p>Descubre el perfume de mujer Onlyou 886 EDP, una miniatura que encapsula la esencia de la sofisticaci\u00f3n y la elegancia. Con un formato de 30 ml, este eau de parfum es ideal para llevar en tu bolso y disfrutar de su fragancia floral especiada en cualquier momento del d\u00eda. Su aplicaci\u00f3n en spray permite una distribuci\u00f3n uniforme, asegurando que cada rociada te envuelva en un aura cautivadora.<\/p>\n<p>Este perfume es una opci\u00f3n consciente, ya que es libre de crueldad, lo que significa que no ha sido probado en animales. La fragancia Onlyou 886 es perfecta para la mujer moderna que busca un aroma distintivo y memorable, ideal para cualquier ocasi\u00f3n, desde una reuni\u00f3n de trabajo hasta una cena especial.<\/p>\n<p>Atr\u00e9vete a dejar una impresi\u00f3n duradera con Onlyou 886 EDP, un perfume que celebra la feminidad y la elegancia en cada nota. Su dise\u00f1o compacto y su exquisita fragancia lo convierten en un compa\u00f1ero perfecto para la mujer que valora la calidad y el estilo.<\/p>\n<h3>Notas Olfativas<\/h3>\n<p>Las notas de salida de miel, naranja amarga y c\u00edtricos te brindan una explosi\u00f3n fresca y dulce, mientras que el coraz\u00f3n de cereza, nardos, flor de azahar y pera a\u00f1ade un toque de sensualidad y sofisticaci\u00f3n. Finalmente, las notas de fondo de haba tonka, vainilla, pachul\u00ed, s\u00e1ndalo y almizcle blanco crean una estela duradera que te acompa\u00f1ar\u00e1 a lo largo del d\u00eda.<\/p>\n<p><strong>Notas de salida:<\/strong> miel, naranja amarga, c\u00edtricos.<br \/>\n<strong>Notas de coraz\u00f3n:<\/strong> cereza, nardos, flor de azahar.<br \/>\n<strong>Notas de fondo:<\/strong> haba tonka,vainilla, pachul\u00ed, s\u00e1ndalo, almizcle blanco.<\/p>\n","protected":false},"excerpt":{"rendered":"<p>COLLECTION N\u00b0 886 Descubre el perfume de mujer Onlyou 886 EDP, una miniatura que encapsula la esencia de la sofisticaci\u00f3n<\/p>\n","protected":false},"featured_media":91719,"comment_status":"open","ping_status":"closed","template":"","meta":{"nf_dc_page":""},"product_brand":[933],"product_cat":[84],"product_tag":[944],"class_list":{"0":"post-91718","1":"product","2":"type-product","3":"status-publish","4":"has-post-thumbnail","6":"product_brand-onlyou","7":"product_cat-perfumeria","8":"product_tag-944","10":"first","11":"outofstock","12":"shipping-taxable","13":"purchasable","14":"product-type-simple"},"_links":{"self":[{"href":"https:\/\/brandss.com.py\/index\/wp-json\/wp\/v2\/product\/91718","targetHints":{"allow":["GET"]}}],"collection":[{"href":"https:\/\/brandss.com.py\/index\/wp-json\/wp\/v2\/product"}],"about":[{"href":"https:\/\/brandss.com.py\/index\/wp-json\/wp\/v2\/types\/product"}],"replies":[{"embeddable":true,"href":"https:\/\/brandss.com.py\/index\/wp-json\/wp\/v2\/comments?post=91718"}],"version-history":[{"count":1,"href":"https:\/\/brandss.com.py\/index\/wp-json\/wp\/v2\/product\/91718\/revisions"}],"predecessor-version":[{"id":91722,"href":"https:\/\/brandss.com.py\/index\/wp-json\/wp\/v2\/product\/91718\/revisions\/91722"}],"wp:featuredmedia":[{"embeddable":true,"href":"https:\/\/brandss.com.py\/index\/wp-json\/wp\/v2\/media\/91719"}],"wp:attachment":[{"href":"https:\/\/brandss.com.py\/index\/wp-json\/wp\/v2\/media?parent=91718"}],"wp:term":[{"taxonomy":"product_brand","embeddable":true,"href":"https:\/\/brandss.com.py\/index\/wp-json\/wp\/v2\/product_brand?post=91718"},{"taxonomy":"product_cat","embeddable":true,"href":"https:\/\/brandss.com.py\/index\/wp-json\/wp\/v2\/product_cat?post=91718"},{"taxonomy":"product_tag","embeddable":true,"href":"https:\/\/brandss.com.py\/index\/wp-json\/wp\/v2\/product_tag?post=91718"}],"curies":[{"name":"wp","href":"https:\/\/api.w.org\/{rel}","templated":true}]}}