{"id":91723,"date":"2025-10-09T13:22:03","date_gmt":"2025-10-09T13:22:03","guid":{"rendered":"https:\/\/brandss.com.py\/index\/?post_type=product&#038;p=91723"},"modified":"2025-12-05T10:54:42","modified_gmt":"2025-12-05T10:54:42","slug":"balsamo-limpiador-facial-henlics-avocado-skin-balance-100g","status":"publish","type":"product","link":"https:\/\/brandss.com.py\/index\/producto\/balsamo-limpiador-facial-henlics-avocado-skin-balance-100g\/","title":{"rendered":"B\u00c1LSAMO LIMPIADOR FACIAL HENLICS AVOCADO SKIN BALANCE 100G"},"content":{"rendered":"<p><img loading=\"lazy\" decoding=\"async\" class=\"\" src=\"https:\/\/i.pinimg.com\/280x280_RS\/2d\/60\/a3\/2d60a369c1102d756b974c976d8e80fe.jpg\" alt=\"Henlics Paris (henlicsparis) - Perfil | Pinterest\" width=\"113\" height=\"113\" \/><\/p>\n<h1>AVOCADO SKIN BALANCE<\/h1>\n<p><em><strong><span dir=\"auto\">Presentamos nuestra f\u00f3rmula desmaquillante de primera calidad<\/span><\/strong><\/em><br \/>\n<span dir=\"auto\">Nuestro innovador b\u00e1lsamo se transforma en un lujoso aceite sedoso al aplicarlo, disolviendo f\u00e1cilmente el maquillaje de larga duraci\u00f3n. Dise\u00f1ado para limpiar en profundidad, se enjuaga completamente sin dejar residuos. Suave pero eficaz, ayuda a eliminar los efectos de la contaminaci\u00f3n, promoviendo una piel de aspecto juvenil. No graso ni reseca la piel, proporciona una experiencia refrescante y revitalizante con cada uso.<img loading=\"lazy\" decoding=\"async\" class=\"alignleft\" src=\"https:\/\/m.media-amazon.com\/images\/I\/511Si9wY8EL._SL1080_.jpg\" width=\"647\" height=\"647\" \/><\/span><\/p>\n<p><span dir=\"auto\">Hora de terminar: Elimina el maquillaje. Ofrece una eficacia superior al 99.99% eliminando maquillaje, protector solar y contaminantes.<\/span><\/p>\n<ul>\n<li><span dir=\"auto\">Hidrata, protege y nutre la piel.<\/span><\/li>\n<li><span dir=\"auto\">Experiencia hidratante<\/span><\/li>\n<li><span dir=\"auto\">Calma y repara la piel.<\/span><\/li>\n<li><span dir=\"auto\">Previene la p\u00e9rdida de humedad.<\/span><\/li>\n<li><span dir=\"auto\">Fortalece la barrera cut\u00e1nea.<\/span><\/li>\n<\/ul>\n<div id=\"f-block-1727721090CqFi3\" class=\"f:blocks f:block f-block-1727721090CqFi3 f:block\">\n<h3 class=\"a-spacing-mini\"><span dir=\"auto\">Tecnolog\u00eda de triple eliminaci\u00f3n | Ahora lo VES, ahora no lo VES<\/span><\/h3>\n<p class=\"a-spacing-base\"><span class=\"a-text-bold\"><u><span dir=\"auto\">Ingredientes activos<\/span><\/u><\/span><\/p>\n<p class=\"a-spacing-base\"><span dir=\"auto\">1. Enriquecido con\u00a0<\/span><span class=\"a-text-bold\"><span dir=\"auto\">aceite de oliva<\/span><\/span><span dir=\"auto\">\u00a0: hidrata, protege y nutre la piel, haci\u00e9ndolo adecuado incluso para pieles sensibles.<\/span><\/p>\n<p class=\"a-spacing-base\"><span dir=\"auto\">2. Infundido con\u00a0<\/span><span class=\"a-text-bold\"><span dir=\"auto\">manteca de karit\u00e9<\/span><\/span><span dir=\"auto\">\u00a0: suaviza y alisa la piel, proporcionando una experiencia lujosa e hidratante.<\/span><\/p>\n<p class=\"a-spacing-base\"><span dir=\"auto\">3. Enriquecido con\u00a0<\/span><span class=\"a-text-bold\"><span dir=\"auto\">extracto de flores asi\u00e1ticas<\/span><\/span><span dir=\"auto\">\u00a0: calma y repara la piel, promoviendo un efecto calmante y rejuvenecedor.<\/span><\/p>\n<p class=\"a-spacing-base\"><span dir=\"auto\">4. Formulado con\u00a0<\/span><span class=\"a-text-bold\"><span dir=\"auto\">aceite de semilla de Camellia Japonica<\/span><\/span><span dir=\"auto\">\u00a0: previene la p\u00e9rdida de humedad e hidrata profundamente la piel, asegurando una tez flexible y radiante.<\/span><\/p>\n<p class=\"a-spacing-base\"><span dir=\"auto\">5.\u00a0<\/span><span class=\"a-text-bold\"><span dir=\"auto\">Ceramida NP<\/span><\/span><span dir=\"auto\">\u00a0fortalece la barrera cut\u00e1nea, retiene la humedad y mejora la elasticidad.<\/span><\/p>\n<h4 id=\"f-heading-1727721090gUZTX\" class=\"f:blocks f:heading f-heading-1727721090gUZTX f:content-block\"><span dir=\"auto\">TIPO DE PIEL<\/span><\/h4>\n<div id=\"f-richtext-1727721090Zr0t0\" class=\"f:blocks f:richtext f-richtext-1727721090Zr0t0 f:content-block f:rte\"><span dir=\"auto\">Muy seco a seco, seco mixto, mixto graso, graso<\/span><\/div>\n<div id=\"f-richtext-1727721090mFFsL\" class=\"f:blocks f:richtext f-richtext-1727721090mFFsL f:content-block f:rte\"><\/div>\n<\/div>\n<div id=\"f-block-17277210900bB3e\" class=\"f:blocks f:block f-block-17277210900bB3e f:block\">\n<h4 id=\"f-heading-1727721090ItVVo\" class=\"f:blocks f:heading f-heading-1727721090ItVVo f:content-block\"><span dir=\"auto\">F\u00f3rmula:<\/span><\/h4>\n<div id=\"f-richtext-17277210901p17M\" class=\"f:blocks f:richtext f-richtext-17277210901p17M f:content-block f:rte\"><span dir=\"auto\">Vegano. Cruelty-Free. Sin aceite.<\/span><\/div>\n<h4 id=\"f-heading-1727721090dySze\" class=\"f:blocks f:heading f-heading-1727721090dySze f:content-block\"><span dir=\"auto\">Duraci\u00f3n:<\/span><\/h4>\n<div id=\"f-richtext-1727721090hdlfn\" class=\"f:blocks f:richtext f-richtext-1727721090hdlfn f:content-block f:rte\"><span dir=\"auto\">Conservar en un lugar fresco y seco, fuera del alcance de los ni\u00f1os. Consumir preferentemente antes de la fecha indicada en el envase.<\/span><\/div>\n<div>\n<h4><span dir=\"auto\">Instrucciones:<\/span><\/h4>\n<p><span dir=\"auto\">1. Masajea suavemente una peque\u00f1a cantidad de la f\u00f3rmula sobre la piel seca, centr\u00e1ndote en las zonas con maquillaje o impurezas. <\/span><\/p>\n<p><span dir=\"auto\">2. Disfruta mientras el b\u00e1lsamo se transforma en un aceite sedoso que disuelve f\u00e1cilmente el maquillaje de larga duraci\u00f3n y las impurezas.<\/span><\/p>\n<p><span dir=\"auto\">3. Enjuaga bien con agua tibia, dejando que la f\u00f3rmula emulsione y elimine cualquier resto de maquillaje.<\/span><\/p>\n<p><span dir=\"auto\"> 4. Seca con una toalla suave, dejando la piel limpia, fresca y nutrida.<\/span><\/p>\n<\/div>\n<\/div>\n","protected":false},"excerpt":{"rendered":"<p>AVOCADO SKIN BALANCE Presentamos nuestra f\u00f3rmula desmaquillante de primera calidad Nuestro innovador b\u00e1lsamo se transforma en un lujoso aceite sedoso<\/p>\n","protected":false},"featured_media":91724,"comment_status":"open","ping_status":"closed","template":"","meta":{"nf_dc_page":""},"product_brand":[928],"product_cat":[104],"product_tag":[945],"class_list":{"0":"post-91723","1":"product","2":"type-product","3":"status-publish","4":"has-post-thumbnail","6":"product_brand-henlics","7":"product_cat-skin-care","8":"product_tag-hs940","10":"first","11":"instock","12":"shipping-taxable","13":"purchasable","14":"product-type-simple"},"_links":{"self":[{"href":"https:\/\/brandss.com.py\/index\/wp-json\/wp\/v2\/product\/91723","targetHints":{"allow":["GET"]}}],"collection":[{"href":"https:\/\/brandss.com.py\/index\/wp-json\/wp\/v2\/product"}],"about":[{"href":"https:\/\/brandss.com.py\/index\/wp-json\/wp\/v2\/types\/product"}],"replies":[{"embeddable":true,"href":"https:\/\/brandss.com.py\/index\/wp-json\/wp\/v2\/comments?post=91723"}],"version-history":[{"count":1,"href":"https:\/\/brandss.com.py\/index\/wp-json\/wp\/v2\/product\/91723\/revisions"}],"predecessor-version":[{"id":91732,"href":"https:\/\/brandss.com.py\/index\/wp-json\/wp\/v2\/product\/91723\/revisions\/91732"}],"wp:featuredmedia":[{"embeddable":true,"href":"https:\/\/brandss.com.py\/index\/wp-json\/wp\/v2\/media\/91724"}],"wp:attachment":[{"href":"https:\/\/brandss.com.py\/index\/wp-json\/wp\/v2\/media?parent=91723"}],"wp:term":[{"taxonomy":"product_brand","embeddable":true,"href":"https:\/\/brandss.com.py\/index\/wp-json\/wp\/v2\/product_brand?post=91723"},{"taxonomy":"product_cat","embeddable":true,"href":"https:\/\/brandss.com.py\/index\/wp-json\/wp\/v2\/product_cat?post=91723"},{"taxonomy":"product_tag","embeddable":true,"href":"https:\/\/brandss.com.py\/index\/wp-json\/wp\/v2\/product_tag?post=91723"}],"curies":[{"name":"wp","href":"https:\/\/api.w.org\/{rel}","templated":true}]}}