{"id":91733,"date":"2025-10-09T14:29:24","date_gmt":"2025-10-09T14:29:24","guid":{"rendered":"https:\/\/brandss.com.py\/index\/?post_type=product&#038;p=91733"},"modified":"2025-10-09T14:30:33","modified_gmt":"2025-10-09T14:30:33","slug":"protector-solar-facial-henlics-lotion-whitening-protective-spf50-pa-40ml","status":"publish","type":"product","link":"https:\/\/brandss.com.py\/index\/producto\/protector-solar-facial-henlics-lotion-whitening-protective-spf50-pa-40ml\/","title":{"rendered":"PROTECTOR SOLAR FACIAL HENLICS LOTION WHITENING &amp; PROTECTIVE SPF50+ PA 40ML"},"content":{"rendered":"<p><img loading=\"lazy\" decoding=\"async\" class=\"\" src=\"https:\/\/i.pinimg.com\/280x280_RS\/2d\/60\/a3\/2d60a369c1102d756b974c976d8e80fe.jpg\" alt=\"Henlics Paris (henlicsparis) - Perfil | Pinterest\" width=\"90\" height=\"90\" \/><\/p>\n<h1>LOTION WHITENING &amp; PROTECTIVE SPF50+ PA<\/h1>\n<p><em><strong><span dir=\"auto\">\u00a0\u00a1tu protecci\u00f3n solar diaria!<\/span><\/strong><\/em><br \/>\n<span dir=\"auto\">Esta f\u00f3rmula fiable con alto FPS bloquea eficazmente los da\u00f1inos rayos UVA y UVB, previniendo la pigmentaci\u00f3n, la sequedad y el envejecimiento prematuro.<img loading=\"lazy\" decoding=\"async\" class=\"alignleft\" src=\"https:\/\/8271065.s21i.faiusr.com\/2\/1\/ABUIABACGAAg8PSsxAYo35jjqAEwoAY4oAY.jpg\" width=\"442\" height=\"442\" \/><\/span><\/p>\n<h3><span dir=\"auto\">Beneficios:<\/span><\/h3>\n<ul>\n<li><span dir=\"auto\">Textura ligera y de r\u00e1pida absorci\u00f3n.<\/span><\/li>\n<li><span dir=\"auto\">No deja marcas blancas.<\/span><\/li>\n<li><span dir=\"auto\">Es apta para todo tipo de piel, incluso la sensible.<\/span><\/li>\n<li><span dir=\"auto\">Y es ideal para usar debajo del maquillaje.<\/span><\/li>\n<li><span dir=\"auto\">\u00a0Beneficios de protecci\u00f3n solar, iluminador y nutritivo para la piel.<\/span><\/li>\n<li><span dir=\"auto\">Protecci\u00f3n dual UVA y UVB con filtros avanzados.<\/span><\/li>\n<li><span dir=\"auto\">Protege la piel para un tono radiante y uniforme.<\/span><\/li>\n<li><span dir=\"auto\">Ligero, no grasoso y f\u00e1cil de difuminar.<\/span><\/li>\n<li><span dir=\"auto\">\u00a0Acabado natural y transpirable.<\/span><br \/>\n<span dir=\"auto\">\u00a1Un producto imprescindible para tu rutina de cuidado de la piel de verano (y otras ocasiones)!<\/span><\/li>\n<\/ul>\n","protected":false},"excerpt":{"rendered":"<p>LOTION WHITENING &amp; PROTECTIVE SPF50+ PA \u00a0\u00a1tu protecci\u00f3n solar diaria! Esta f\u00f3rmula fiable con alto FPS bloquea eficazmente los da\u00f1inos<\/p>\n","protected":false},"featured_media":91734,"comment_status":"open","ping_status":"closed","template":"","meta":{"nf_dc_page":""},"product_brand":[928],"product_cat":[104],"product_tag":[946],"class_list":{"0":"post-91733","1":"product","2":"type-product","3":"status-publish","4":"has-post-thumbnail","6":"product_brand-henlics","7":"product_cat-skin-care","8":"product_tag-946","10":"first","11":"instock","12":"shipping-taxable","13":"purchasable","14":"product-type-simple"},"_links":{"self":[{"href":"https:\/\/brandss.com.py\/index\/wp-json\/wp\/v2\/product\/91733","targetHints":{"allow":["GET"]}}],"collection":[{"href":"https:\/\/brandss.com.py\/index\/wp-json\/wp\/v2\/product"}],"about":[{"href":"https:\/\/brandss.com.py\/index\/wp-json\/wp\/v2\/types\/product"}],"replies":[{"embeddable":true,"href":"https:\/\/brandss.com.py\/index\/wp-json\/wp\/v2\/comments?post=91733"}],"version-history":[{"count":1,"href":"https:\/\/brandss.com.py\/index\/wp-json\/wp\/v2\/product\/91733\/revisions"}],"predecessor-version":[{"id":91742,"href":"https:\/\/brandss.com.py\/index\/wp-json\/wp\/v2\/product\/91733\/revisions\/91742"}],"wp:featuredmedia":[{"embeddable":true,"href":"https:\/\/brandss.com.py\/index\/wp-json\/wp\/v2\/media\/91734"}],"wp:attachment":[{"href":"https:\/\/brandss.com.py\/index\/wp-json\/wp\/v2\/media?parent=91733"}],"wp:term":[{"taxonomy":"product_brand","embeddable":true,"href":"https:\/\/brandss.com.py\/index\/wp-json\/wp\/v2\/product_brand?post=91733"},{"taxonomy":"product_cat","embeddable":true,"href":"https:\/\/brandss.com.py\/index\/wp-json\/wp\/v2\/product_cat?post=91733"},{"taxonomy":"product_tag","embeddable":true,"href":"https:\/\/brandss.com.py\/index\/wp-json\/wp\/v2\/product_tag?post=91733"}],"curies":[{"name":"wp","href":"https:\/\/api.w.org\/{rel}","templated":true}]}}