{"id":91743,"date":"2025-10-09T16:29:10","date_gmt":"2025-10-09T16:29:10","guid":{"rendered":"https:\/\/brandss.com.py\/index\/?post_type=product&#038;p=91743"},"modified":"2025-10-09T17:21:52","modified_gmt":"2025-10-09T17:21:52","slug":"crema-hidratante-facial-henlics-primer-tone-up-35ml","status":"publish","type":"product","link":"https:\/\/brandss.com.py\/index\/producto\/crema-hidratante-facial-henlics-primer-tone-up-35ml\/","title":{"rendered":"CREMA HIDRATANTE FACIAL HENLICS PRIMER TONE-UP 35ML"},"content":{"rendered":"<p><img loading=\"lazy\" decoding=\"async\" class=\"\" src=\"https:\/\/i.pinimg.com\/280x280_RS\/2d\/60\/a3\/2d60a369c1102d756b974c976d8e80fe.jpg\" alt=\"Henlics Paris (henlicsparis) - Perfil | Pinterest\" width=\"93\" height=\"93\" \/><\/p>\n<h1>PRIMER TONE-UP<\/h1>\n<p>Una lujosa crema hidratante tonificante y prebase facial disponible en tres tonos: Morado, Verde y Crudo. Dise\u00f1ada para preparar y perfeccionar la piel para una aplicaci\u00f3n de maquillaje impecable.<\/p>\n<h4 class=\"beae-acc-item-header beae-typo-p1 beae-acc-item-active\"><span dir=\"auto\">Qu\u00e9 es?<\/span><\/h4>\n<div class=\"beae-acc-item-body\">\n<div class=\"beae-acc-item-body-content\">\n<div class=\"beae-uy5h0ied beae-block beae-core beae-animation beae-animated\" data-loopindex=\"0\" data-uniqueid=\"annnti2a\">\n<div class=\"beae-block beae-x-text-editor\" data-min-height=\"content\">\n<div class=\"beae-text-content beae-html beae-scale-ratio\" data-autolayout=\"beae-uy5h0ied\">\n<div class=\"beae-typo-p3\"><span dir=\"auto\">Una lujosa crema hidratante tonificante y prebase facial disponible en tres tonos: Morado, Verde y Crudo. Dise\u00f1ada para preparar y perfeccionar la piel para una aplicaci\u00f3n de maquillaje impecable.<\/span><\/div>\n<div class=\"beae-typo-p3\">\n<ul>\n<li><span dir=\"auto\">Ilumina y refresca la pielHidratante y humectantePoros invisibles, textura suaveSe difumina perfectamente para un acabado perfecto<\/span><\/li>\n<\/ul>\n<h4 class=\"beae-typo-p3\"><span dir=\"auto\">Ingredientes clave:<\/span><\/h4>\n<div><\/div>\n<div class=\"beae-typo-p3\">\n<ul>\n<li><span dir=\"auto\">\u00c1cido hialur\u00f3nico: Hidrataci\u00f3n profunda y rellena la piel. Vitamina C: Ilumina y restaura el brillo. Niacinamida: Calma la piel y reduce el enrojecimiento. Extractos de plantas: Nutrici\u00f3n natural y refuerzo de la barrera cut\u00e1nea.<\/span><\/li>\n<\/ul>\n<h4 class=\"beae-acc-item-header beae-typo-p1 beae-acc-item-active\"><span dir=\"auto\">Por qu\u00e9 es diferente?<\/span><\/h4>\n<div><\/div>\n<div class=\"beae-acc-item-body\">\n<div class=\"beae-acc-item-body-content\">\n<div class=\"beae-830125pg beae-block beae-core beae-animation beae-animated\" data-loopindex=\"0\" data-uniqueid=\"t1rdw3es\">\n<div class=\"beae-block beae-x-text-editor\" data-min-height=\"content\">\n<div class=\"beae-text-content beae-html beae-scale-ratio\" data-autolayout=\"beae-830125pg\">\n<div class=\"beae-typo-p3\"><span dir=\"auto\">Esta prebase facial est\u00e1 dise\u00f1ada para iluminar y refrescar la piel al instante gracias a su f\u00f3rmula hidratante, dej\u00e1ndola nutrida y suave. Minimiza la apariencia de los poros y se difumina a la perfecci\u00f3n para un acabado impecable y uniforme. Disponible en tres tonos vers\u00e1tiles, cada uno adaptado a las necesidades espec\u00edficas de la piel: el morado ayuda a reparar la opacidad, restaurar la luminosidad original e iluminar la piel para una apariencia renovada. El verde act\u00faa eficazmente para mejorar el enrojecimiento, reducir el acn\u00e9 y las marcas de granitos, a la vez que calma y suaviza la piel. El crudo es ideal para una tez natural, minimizando los poros, realzando el tono de la piel y proporcionando un acabado impecable y transpirable.<img loading=\"lazy\" decoding=\"async\" class=\"alignleft\" src=\"https:\/\/www.henlicsparis.com\/cdn\/shop\/files\/2_c3ef6f15-28ed-40c8-8728-791f9bb0c33a.jpg?v=1736006313\" width=\"634\" height=\"634\" \/><\/span><\/div>\n<div>\n<div class=\"beae-grid-block grid-beae-b5de99mb\">\n<div class=\"beae-b5de99mb beae-block beae-core beae-animation beae-animated\">\n<div class=\"beae-block beae-x-text-editor\" data-min-height=\"content\">\n<div class=\"beae-text-content beae-html beae-scale-ratio\" data-autolayout=\"beae-b5de99mb\">\n<h4 class=\"beae-typo-h5\"><span dir=\"auto\">Morado: Dise\u00f1ado para corregir de forma natural el tono C\u00c1LIDO.<\/span><\/h4>\n<\/div>\n<\/div>\n<\/div>\n<\/div>\n<div class=\"beae-grid-block grid-beae-qslcuzlh\">\n<div class=\"beae-qslcuzlh beae-block beae-core beae-animation beae-animated\">\n<div class=\"beae-block beae-x-text-editor\" data-min-height=\"content\">\n<div class=\"beae-text-content beae-html beae-scale-ratio\" data-autolayout=\"beae-qslcuzlh\">\n<p class=\"beae-typo-p1\"><span dir=\"auto\">La prebase morada est\u00e1 formulada por expertos para tratar la piel apagada y cansada, lo que la convierte en la opci\u00f3n perfecta para quienes buscan una tez luminosa y radiante. Dise\u00f1ada para corregir el tono de piel de forma natural, act\u00faa neutralizando los matices amarillentos, comunes en la piel asi\u00e1tica, d\u00e1ndole al rostro una apariencia m\u00e1s fresca y saludable. El pigmento morado contrarresta la opacidad a la vez que restaura la luminosidad original de la piel, creando un acabado luminoso y uniforme sin un aspecto pesado ni artificial.<\/span><\/p>\n<\/div>\n<\/div>\n<\/div>\n<\/div>\n<div class=\"beae-grid-block grid-beae-mlz1o69q\">\n<div class=\"beae-mlz1o69q beae-block beae-core beae-animation beae-animated\">\n<div class=\"beae-block beae-x-text-editor\" data-min-height=\"content\">\n<div class=\"beae-text-content beae-html beae-scale-ratio\" data-autolayout=\"beae-mlz1o69q\">\n<ul>\n<li><span dir=\"auto\">Primer ha sido desarrollado utilizando tecnolog\u00eda de procesamiento de polvo mejorada que garantiza que los pigmentos se mezclen perfectamente con la piel para lograr un efecto de correcci\u00f3n natural.<\/span><\/li>\n<li><span dir=\"auto\">El tono ideal para pieles apagadas y cetrinas. Esta prebase no solo revitaliza tu belleza natural, sino que tambi\u00e9n minimiza la apariencia de los poros y realza la luminosidad de la piel. Ya sea que se use sola o como base de maquillaje, la prebase morada garantiza una apariencia fresca y radiante con una perfecci\u00f3n duradera.<\/span><\/li>\n<\/ul>\n<div class=\"beae-grid-block grid-beae-0lxq4o76\">\n<div class=\"beae-0lxq4o76 beae-block beae-core beae-animation beae-animated\">\n<div class=\"beae-block beae-x-text-editor\" data-min-height=\"content\">\n<div class=\"beae-text-content beae-html beae-scale-ratio\" data-autolayout=\"beae-0lxq4o76\">\n<h4 class=\"beae-typo-h5\"><span dir=\"auto\">Verde: Dise\u00f1ado para funcionar mejor para neutralizar el enrojecimiento y el acn\u00e9.<\/span><\/h4>\n<\/div>\n<\/div>\n<\/div>\n<\/div>\n<div class=\"beae-grid-block grid-beae-i7ep2lwb\">\n<div class=\"beae-i7ep2lwb beae-block beae-core beae-animation beae-animated\">\n<div class=\"beae-block beae-x-text-editor\" data-min-height=\"content\">\n<div class=\"beae-text-content beae-html beae-scale-ratio\" data-autolayout=\"beae-i7ep2lwb\">\n<p class=\"beae-typo-p1\"><span dir=\"auto\"><strong>Reducci\u00f3n del enrojecimiento:<\/strong> El objetivo principal de una prebase verde es neutralizar el enrojecimiento. El verde es el opuesto al rojo en el c\u00edrculo crom\u00e1tico, por lo que ayuda a equilibrar el enrojecimiento causado por acn\u00e9, ros\u00e1cea, imperfecciones o irritaci\u00f3n.<\/span><\/p>\n<p class=\"beae-typo-p1\"><span dir=\"auto\"><strong>Smooth Canvas:<\/strong> al igual que otros primers, un primer verde tambi\u00e9n ayuda a crear una base suave para la base rellenando los poros y las l\u00edneas finas, lo que garantiza que el maquillaje dure m\u00e1s tiempo.<\/span><\/p>\n<p class=\"beae-typo-p1\"><span dir=\"auto\"><strong>Unifica el tono de la piel:<\/strong> ayuda a unificar el tono general de la piel antes de aplicar la base, lo que lo hace especialmente \u00fatil para aquellas personas con tonos de piel naturalmente rojizos o enrojecidos.<\/span><\/p>\n<p class=\"beae-typo-p1\"><span dir=\"auto\"><strong>Hidrataci\u00f3n y protecci\u00f3n:<\/strong> Algunos primers verdes est\u00e1n formulados con ingredientes hidratantes y antioxidantes, que ofrecen beneficios adicionales para el cuidado de la piel al tiempo que proporcionan un acabado mate para combatir el exceso de grasa.<\/span><\/p>\n<div class=\"beae-grid-block grid-beae-emvti5va\">\n<div class=\"beae-emvti5va beae-block beae-core beae-animation beae-animated\">\n<div class=\"beae-block beae-x-text-editor\" data-min-height=\"content\">\n<div class=\"beae-text-content beae-html beae-scale-ratio\" data-autolayout=\"beae-emvti5va\">\n<h4 class=\"beae-typo-h5\"><span dir=\"auto\">Nude: Dise\u00f1ado para funcionar mejor en todos los tonos de piel de la India y todos los tipos de piel.<\/span><\/h4>\n<\/div>\n<\/div>\n<\/div>\n<\/div>\n<div class=\"beae-grid-block grid-beae-n154ede6\">\n<div class=\"beae-n154ede6 beae-block beae-core beae-animation beae-animated\">\n<div class=\"beae-block beae-x-text-editor\" data-min-height=\"content\">\n<div class=\"beae-text-content beae-html beae-scale-ratio\" data-autolayout=\"beae-n154ede6\">\n<p class=\"beae-typo-p1\"><span dir=\"auto\">Tonos de piel adecuados:<\/span><\/p>\n<p class=\"beae-typo-p1\"><span dir=\"auto\"><strong>Piel clara a clara:<\/strong> los primers naturales para piel ayudan a equilibrar la textura de la piel y brindan una base suave, perfecta para tonos de piel claros a claros que buscan mejorar la duraci\u00f3n de su base.<\/span><\/p>\n<p class=\"beae-typo-p1\"><span dir=\"auto\"><strong>Tonos de piel medios:<\/strong> para pieles de tono medio, una base natural ayuda a refinar la textura de la piel, permitiendo que el maquillaje se adhiera mejor sin afectar el tono.<\/span><\/p>\n<p class=\"beae-typo-p1\"><span dir=\"auto\"><strong>Piel oliva a m\u00e1s oscura:<\/strong> Los primers de piel natural tambi\u00e9n son efectivos para tonos de piel m\u00e1s profundos, ya que no dejan un tono blanco ni alteran el tono, sino que brindan hidrataci\u00f3n, suavidad y una fijaci\u00f3n del maquillaje duradera.<\/span><\/p>\n<h4 class=\"beae-typo-p1\"><strong><span dir=\"auto\">Beneficios para todos los tonos de piel:<\/span><\/strong><\/h4>\n<p class=\"beae-typo-p1\"><span dir=\"auto\"><strong>Hidrataci\u00f3n:<\/strong> la mayor\u00eda de los primers naturales para la piel tienen ingredientes que hidratan la piel, lo que los hace ideales para todo tipo de piel, incluidas las secas, mixtas e incluso las grasas.<\/span><\/p>\n<p class=\"beae-typo-p1\"><span dir=\"auto\"><strong>Uso universal:<\/strong> Debido a que es neutral, el primer no se enfoca en matices espec\u00edficos (como el verde para el enrojecimiento o el morado para la opacidad), lo que lo convierte en una opci\u00f3n ideal para cualquiera que no necesite un color correctivo.<\/span><\/p>\n<p class=\"beae-typo-p1\"><span dir=\"auto\"><strong>Acabado duradero:<\/strong> estos primers crean una textura suave y sedosa, que ayuda a que la base se aplique de manera uniforme y dure m\u00e1s tiempo, sin importar el tono de tu piel.<\/span><\/p>\n<\/div>\n<\/div>\n<\/div>\n<\/div>\n<\/div>\n<\/div>\n<\/div>\n<\/div>\n<\/div>\n<\/div>\n<\/div>\n<\/div>\n<\/div>\n<\/div>\n<\/div>\n<\/div>\n<\/div>\n<\/div>\n<\/div>\n<\/div>\n<\/div>\n<\/div>\n<\/div>\n<\/div>\n<\/div>\n","protected":false},"excerpt":{"rendered":"<p>PRIMER TONE-UP Una lujosa crema hidratante tonificante y prebase facial disponible en tres tonos: Morado, Verde y Crudo. Dise\u00f1ada para<\/p>\n","protected":false},"featured_media":91744,"comment_status":"open","ping_status":"closed","template":"","meta":{"nf_dc_page":""},"product_brand":[928],"product_cat":[95],"product_tag":[947],"class_list":{"0":"post-91743","1":"product","2":"type-product","3":"status-publish","4":"has-post-thumbnail","6":"product_brand-henlics","7":"product_cat-maquillaje","8":"product_tag-947","10":"first","11":"instock","12":"shipping-taxable","13":"purchasable","14":"product-type-simple"},"_links":{"self":[{"href":"https:\/\/brandss.com.py\/index\/wp-json\/wp\/v2\/product\/91743","targetHints":{"allow":["GET"]}}],"collection":[{"href":"https:\/\/brandss.com.py\/index\/wp-json\/wp\/v2\/product"}],"about":[{"href":"https:\/\/brandss.com.py\/index\/wp-json\/wp\/v2\/types\/product"}],"replies":[{"embeddable":true,"href":"https:\/\/brandss.com.py\/index\/wp-json\/wp\/v2\/comments?post=91743"}],"version-history":[{"count":1,"href":"https:\/\/brandss.com.py\/index\/wp-json\/wp\/v2\/product\/91743\/revisions"}],"predecessor-version":[{"id":91754,"href":"https:\/\/brandss.com.py\/index\/wp-json\/wp\/v2\/product\/91743\/revisions\/91754"}],"wp:featuredmedia":[{"embeddable":true,"href":"https:\/\/brandss.com.py\/index\/wp-json\/wp\/v2\/media\/91744"}],"wp:attachment":[{"href":"https:\/\/brandss.com.py\/index\/wp-json\/wp\/v2\/media?parent=91743"}],"wp:term":[{"taxonomy":"product_brand","embeddable":true,"href":"https:\/\/brandss.com.py\/index\/wp-json\/wp\/v2\/product_brand?post=91743"},{"taxonomy":"product_cat","embeddable":true,"href":"https:\/\/brandss.com.py\/index\/wp-json\/wp\/v2\/product_cat?post=91743"},{"taxonomy":"product_tag","embeddable":true,"href":"https:\/\/brandss.com.py\/index\/wp-json\/wp\/v2\/product_tag?post=91743"}],"curies":[{"name":"wp","href":"https:\/\/api.w.org\/{rel}","templated":true}]}}