{"id":91765,"date":"2025-10-09T18:15:32","date_gmt":"2025-10-09T18:15:32","guid":{"rendered":"https:\/\/brandss.com.py\/index\/?post_type=product&#038;p=91765"},"modified":"2025-10-09T18:16:38","modified_gmt":"2025-10-09T18:16:38","slug":"spray-fijador-facial-henlics-ultra-stay-long-lasting-setting-99ml","status":"publish","type":"product","link":"https:\/\/brandss.com.py\/index\/producto\/spray-fijador-facial-henlics-ultra-stay-long-lasting-setting-99ml\/","title":{"rendered":"SPRAY FIJADOR FACIAL HENLICS ULTRA STAY LONG-LASTING SETTING 99ML"},"content":{"rendered":"<p><img loading=\"lazy\" decoding=\"async\" class=\"\" src=\"https:\/\/i.pinimg.com\/280x280_RS\/2d\/60\/a3\/2d60a369c1102d756b974c976d8e80fe.jpg\" alt=\"Henlics Paris (henlicsparis) - Perfil | Pinterest\" width=\"97\" height=\"97\" \/><\/p>\n<h1>ULTRA STAY LONG-LASTING SETTING<\/h1>\n<p>Es un fijador de maquillaje dise\u00f1ado para mantener tu look impecable durante todo el d\u00eda. Su f\u00f3rmula ligera ayuda a sellar el maquillaje, reduciendo el brillo y evitando que se desvanezca o se transfiera.<img loading=\"lazy\" decoding=\"async\" class=\"alignleft\" src=\"https:\/\/8271065.s21i.faiusr.com\/2\/1\/ABUIABACGAAgzvewxAYogPKsqwQwoAY4oAY.jpg\" width=\"464\" height=\"464\" \/><\/p>\n<p>&nbsp;<\/p>\n<h3>Beneficios<\/h3>\n<p>&nbsp;<\/p>\n<p><span dir=\"auto\">\u00b712 horas de duraci\u00f3n con tecnolog\u00eda formadora de pel\u00edcula<\/span><br \/>\n<span dir=\"auto\">\u00b7Control de grasa y resistente a las manchas, ligero y transpirable<\/span><br \/>\n<span dir=\"auto\">\u00b7Aerosol de niebla fina para un acabado uniforme y sin apelmazamiento<\/span><br \/>\n<span dir=\"auto\">\u00b7Aplicaci\u00f3n de rociado cruzado para una cobertura total, antimanchas<\/span><\/p>\n","protected":false},"excerpt":{"rendered":"<p>ULTRA STAY LONG-LASTING SETTING Es un fijador de maquillaje dise\u00f1ado para mantener tu look impecable durante todo el d\u00eda. Su<\/p>\n","protected":false},"featured_media":91766,"comment_status":"open","ping_status":"closed","template":"","meta":{"nf_dc_page":""},"product_brand":[928],"product_cat":[95],"product_tag":[949],"class_list":{"0":"post-91765","1":"product","2":"type-product","3":"status-publish","4":"has-post-thumbnail","6":"product_brand-henlics","7":"product_cat-maquillaje","8":"product_tag-949","10":"first","11":"instock","12":"shipping-taxable","13":"purchasable","14":"product-type-simple"},"_links":{"self":[{"href":"https:\/\/brandss.com.py\/index\/wp-json\/wp\/v2\/product\/91765","targetHints":{"allow":["GET"]}}],"collection":[{"href":"https:\/\/brandss.com.py\/index\/wp-json\/wp\/v2\/product"}],"about":[{"href":"https:\/\/brandss.com.py\/index\/wp-json\/wp\/v2\/types\/product"}],"replies":[{"embeddable":true,"href":"https:\/\/brandss.com.py\/index\/wp-json\/wp\/v2\/comments?post=91765"}],"version-history":[{"count":1,"href":"https:\/\/brandss.com.py\/index\/wp-json\/wp\/v2\/product\/91765\/revisions"}],"predecessor-version":[{"id":91773,"href":"https:\/\/brandss.com.py\/index\/wp-json\/wp\/v2\/product\/91765\/revisions\/91773"}],"wp:featuredmedia":[{"embeddable":true,"href":"https:\/\/brandss.com.py\/index\/wp-json\/wp\/v2\/media\/91766"}],"wp:attachment":[{"href":"https:\/\/brandss.com.py\/index\/wp-json\/wp\/v2\/media?parent=91765"}],"wp:term":[{"taxonomy":"product_brand","embeddable":true,"href":"https:\/\/brandss.com.py\/index\/wp-json\/wp\/v2\/product_brand?post=91765"},{"taxonomy":"product_cat","embeddable":true,"href":"https:\/\/brandss.com.py\/index\/wp-json\/wp\/v2\/product_cat?post=91765"},{"taxonomy":"product_tag","embeddable":true,"href":"https:\/\/brandss.com.py\/index\/wp-json\/wp\/v2\/product_tag?post=91765"}],"curies":[{"name":"wp","href":"https:\/\/api.w.org\/{rel}","templated":true}]}}