{"id":91783,"date":"2025-10-10T10:50:42","date_gmt":"2025-10-10T10:50:42","guid":{"rendered":"https:\/\/brandss.com.py\/index\/?post_type=product&#038;p=91783"},"modified":"2025-10-10T10:52:16","modified_gmt":"2025-10-10T10:52:16","slug":"base-facial-henlics-coverage-light-reflecting-30ml","status":"publish","type":"product","link":"https:\/\/brandss.com.py\/index\/producto\/base-facial-henlics-coverage-light-reflecting-30ml\/","title":{"rendered":"BASE FACIAL HENLICS COVERAGE LIGHT REFLECTING 30ML"},"content":{"rendered":"<p><img loading=\"lazy\" decoding=\"async\" class=\"\" src=\"https:\/\/i.pinimg.com\/280x280_RS\/2d\/60\/a3\/2d60a369c1102d756b974c976d8e80fe.jpg\" alt=\"Henlics Paris (henlicsparis) - Perfil | Pinterest\" width=\"100\" height=\"100\" \/><\/p>\n<h1>COVERAGE LIGHT REFLECTING<\/h1>\n<h4 class=\"productNameText\"><em><span dir=\"auto\">Base de maquillaje que refleja la luz<\/span><\/em><\/h4>\n<p>Base de maquillaje de larga duraci\u00f3n Henlics. Duraci\u00f3n de 24 horas y acabado mate natural. La base de la confianza. Esta base mate para una tez impecable y natural tiene una textura tan ligera y c\u00f3moda que te sorprender\u00e1n sus incre\u00edbles efectos. No necesitar\u00e1s retocar tu maquillaje a lo largo del d\u00eda. Es resistente a altas temperaturas y humedad.<img loading=\"lazy\" decoding=\"async\" class=\"alignleft\" src=\"https:\/\/8271065.s21i.faiusr.com\/2\/1\/ABUIABACGAAgv_axxAYorLXU1QMwoAY4oAY.jpg\" width=\"588\" height=\"588\" \/><\/p>\n<p>Controla la producci\u00f3n de grasa. Uniformiza el tono de la piel y disimula imperfecciones con una cobertura modulable de media a completa. Una amplia gama de tonos te permite encontrar el perfecto para ti. Henlics cuenta con una incre\u00edble duraci\u00f3n y resistir\u00e1 cualquier retoque, sin importar lo que te depare el d\u00eda. Apl\u00edcala por la ma\u00f1ana y olv\u00eddate de retocar tu base de maquillaje a lo largo del d\u00eda.<\/p>\n<p>&nbsp;<\/p>\n<div class=\"productNameDescBox\">\n<h4 class=\"productNameText\">Beneficios<\/h4>\n<p>&nbsp;<\/p>\n<\/div>\n<div class=\"salePointDesc\"><span dir=\"auto\">\u00b7 Fijaci\u00f3n en 5 minutos, cobertura total y duraci\u00f3n de 24 horas<\/span><br \/>\n<span dir=\"auto\">\u00b7 Resistente a las manchas, al sudor y al agua<\/span><br \/>\n<span dir=\"auto\">\u00b7 Ligero, cobertura media para pieles grasas y mixtas<\/span><br \/>\n<span dir=\"auto\">\u00b7 Polvos difuminadores con ceramidas y niacinamida<\/span><br \/>\n<span dir=\"auto\">\u00b7 Control de grasa, acabado mate todo el d\u00eda<\/span><\/div>\n","protected":false},"excerpt":{"rendered":"<p>COVERAGE LIGHT REFLECTING Base de maquillaje que refleja la luz Base de maquillaje de larga duraci\u00f3n Henlics. Duraci\u00f3n de 24<\/p>\n","protected":false},"featured_media":91784,"comment_status":"open","ping_status":"closed","template":"","meta":{"nf_dc_page":""},"product_brand":[928],"product_cat":[95],"product_tag":[951],"class_list":{"0":"post-91783","1":"product","2":"type-product","3":"status-publish","4":"has-post-thumbnail","6":"product_brand-henlics","7":"product_cat-maquillaje","8":"product_tag-ds2010","10":"first","11":"instock","12":"shipping-taxable","13":"purchasable","14":"product-type-simple"},"_links":{"self":[{"href":"https:\/\/brandss.com.py\/index\/wp-json\/wp\/v2\/product\/91783","targetHints":{"allow":["GET"]}}],"collection":[{"href":"https:\/\/brandss.com.py\/index\/wp-json\/wp\/v2\/product"}],"about":[{"href":"https:\/\/brandss.com.py\/index\/wp-json\/wp\/v2\/types\/product"}],"replies":[{"embeddable":true,"href":"https:\/\/brandss.com.py\/index\/wp-json\/wp\/v2\/comments?post=91783"}],"version-history":[{"count":1,"href":"https:\/\/brandss.com.py\/index\/wp-json\/wp\/v2\/product\/91783\/revisions"}],"predecessor-version":[{"id":91793,"href":"https:\/\/brandss.com.py\/index\/wp-json\/wp\/v2\/product\/91783\/revisions\/91793"}],"wp:featuredmedia":[{"embeddable":true,"href":"https:\/\/brandss.com.py\/index\/wp-json\/wp\/v2\/media\/91784"}],"wp:attachment":[{"href":"https:\/\/brandss.com.py\/index\/wp-json\/wp\/v2\/media?parent=91783"}],"wp:term":[{"taxonomy":"product_brand","embeddable":true,"href":"https:\/\/brandss.com.py\/index\/wp-json\/wp\/v2\/product_brand?post=91783"},{"taxonomy":"product_cat","embeddable":true,"href":"https:\/\/brandss.com.py\/index\/wp-json\/wp\/v2\/product_cat?post=91783"},{"taxonomy":"product_tag","embeddable":true,"href":"https:\/\/brandss.com.py\/index\/wp-json\/wp\/v2\/product_tag?post=91783"}],"curies":[{"name":"wp","href":"https:\/\/api.w.org\/{rel}","templated":true}]}}