{"id":91815,"date":"2025-10-10T14:33:51","date_gmt":"2025-10-10T14:33:51","guid":{"rendered":"https:\/\/brandss.com.py\/index\/?post_type=product&#038;p=91815"},"modified":"2025-10-10T14:34:39","modified_gmt":"2025-10-10T14:34:39","slug":"labial-liquido-henlics-transfer-proof-velvet-pink-4-5ml","status":"publish","type":"product","link":"https:\/\/brandss.com.py\/index\/producto\/labial-liquido-henlics-transfer-proof-velvet-pink-4-5ml\/","title":{"rendered":"LABIAL L\u00cdQUIDO HENLICS TRANSFER-PROOF VELVET PINK 4.5ML"},"content":{"rendered":"<p><img loading=\"lazy\" decoding=\"async\" class=\"\" src=\"https:\/\/i.pinimg.com\/280x280_RS\/2d\/60\/a3\/2d60a369c1102d756b974c976d8e80fe.jpg\" alt=\"Henlics Paris (henlicsparis) - Perfil | Pinterest\" width=\"101\" height=\"101\" \/><\/p>\n<h1>TRANSFER-PROOF VELVET PINK<\/h1>\n<div class=\"productNameDescBox\">\n<h4 class=\"productNameText\"><em><span dir=\"auto\">Brillo labial con efecto espejo de cristal resistente al agua<\/span><\/em><\/h4>\n<\/div>\n<div class=\"salePointDesc\"><span dir=\"auto\">Henglizi Lock Makeup Ultimate Mirror Lip Glaze, con una textura gelatinosa que se derrite en los labios. El maquillaje se siente ligero, con un toque completo y brillante. Contiene factores hidratantes, retiene la humedad y se seca r\u00e1pidamente para prevenir la p\u00e9rdida de humedad de los labios. La tecnolog\u00eda de bloqueo de color formadora de pel\u00edcula proporciona un brillo como un espejo. El labio superior es naturalmente uniforme, transl\u00facido y de color duradero. No es f\u00e1cil de desvanecer o mostrar l\u00edneas de labios.<\/span><\/div>\n<div><img loading=\"lazy\" decoding=\"async\" class=\"alignleft\" src=\"https:\/\/8271065.s21i.faiusr.com\/2\/1\/ABUIABACGAAgrYayxAYop6yv0wMwsAk4sAk.jpg\" width=\"464\" height=\"464\" \/><\/div>\n<h3 class=\"salePointDesc\">Caracter\u00edticas<\/h3>\n<div class=\"salePointDesc\">\n<span dir=\"auto\">1. Hidratante y transl\u00facido, bloqueo de color de larga duraci\u00f3n (un toque de bloqueo de color de espejo, labios de cristal que mantienen el color)<\/span><br \/>\n<span dir=\"auto\">2. F\u00f3rmula hidratante (como el labio superior transparente y no pegajoso con agua limpia)<\/span><br \/>\n<span dir=\"auto\">3. Color de bloqueo de formaci\u00f3n de pel\u00edcula (tecnolog\u00eda \u00fanica de formaci\u00f3n de pel\u00edcula que fija hermosos colores)<\/span><br \/>\n<span dir=\"auto\">4. Sensaci\u00f3n de agua y luz (Factor hidratante y luminoso completo y abundante)<\/span><br \/>\n<span dir=\"auto\">La opci\u00f3n para labios secos, hidratante y humectante, con fuerte sensaci\u00f3n de agua y luz, labios voluminosos, superficie de espejo transparente y una sensaci\u00f3n de agua no pegajosa.<\/span><\/div>\n<div><\/div>\n<h3>Beneficios<\/h3>\n<div>\n<div class=\"J_productTitle title g_minor\">\n<p><span dir=\"auto\">Tinta labial aterciopelada a prueba de transferencia<\/span><\/p>\n<\/div>\n<div class=\"J_productBrief emptyPropUnderline\"><span dir=\"auto\">\u00b7Color labial de vidrio antiadherente de larga duraci\u00f3n y a prueba de transferencias<\/span><br \/>\n<span dir=\"auto\">\u00b7Se fija en 5 minutos, a prueba de besos y manchas<\/span><br \/>\n<span dir=\"auto\">\u00b7Color vibrante y ligero con acabado mate aterciopelado<\/span><br \/>\n<span dir=\"auto\">\u00b7Empaque lujoso con aplicador suave y ergon\u00f3mico<\/span><br \/>\n<span dir=\"auto\">\u00b7F\u00f3rmula de alta pigmentaci\u00f3n para una cobertura completa y natural<\/span><\/div>\n<\/div>\n","protected":false},"excerpt":{"rendered":"<p>TRANSFER-PROOF VELVET PINK Brillo labial con efecto espejo de cristal resistente al agua Henglizi Lock Makeup Ultimate Mirror Lip Glaze,<\/p>\n","protected":false},"featured_media":91816,"comment_status":"open","ping_status":"closed","template":"","meta":{"nf_dc_page":""},"product_brand":[928],"product_cat":[95],"product_tag":[954],"class_list":{"0":"post-91815","1":"product","2":"type-product","3":"status-publish","4":"has-post-thumbnail","6":"product_brand-henlics","7":"product_cat-maquillaje","8":"product_tag-954","10":"first","11":"instock","12":"shipping-taxable","13":"purchasable","14":"product-type-simple"},"_links":{"self":[{"href":"https:\/\/brandss.com.py\/index\/wp-json\/wp\/v2\/product\/91815","targetHints":{"allow":["GET"]}}],"collection":[{"href":"https:\/\/brandss.com.py\/index\/wp-json\/wp\/v2\/product"}],"about":[{"href":"https:\/\/brandss.com.py\/index\/wp-json\/wp\/v2\/types\/product"}],"replies":[{"embeddable":true,"href":"https:\/\/brandss.com.py\/index\/wp-json\/wp\/v2\/comments?post=91815"}],"version-history":[{"count":1,"href":"https:\/\/brandss.com.py\/index\/wp-json\/wp\/v2\/product\/91815\/revisions"}],"predecessor-version":[{"id":91830,"href":"https:\/\/brandss.com.py\/index\/wp-json\/wp\/v2\/product\/91815\/revisions\/91830"}],"wp:featuredmedia":[{"embeddable":true,"href":"https:\/\/brandss.com.py\/index\/wp-json\/wp\/v2\/media\/91816"}],"wp:attachment":[{"href":"https:\/\/brandss.com.py\/index\/wp-json\/wp\/v2\/media?parent=91815"}],"wp:term":[{"taxonomy":"product_brand","embeddable":true,"href":"https:\/\/brandss.com.py\/index\/wp-json\/wp\/v2\/product_brand?post=91815"},{"taxonomy":"product_cat","embeddable":true,"href":"https:\/\/brandss.com.py\/index\/wp-json\/wp\/v2\/product_cat?post=91815"},{"taxonomy":"product_tag","embeddable":true,"href":"https:\/\/brandss.com.py\/index\/wp-json\/wp\/v2\/product_tag?post=91815"}],"curies":[{"name":"wp","href":"https:\/\/api.w.org\/{rel}","templated":true}]}}