{"id":91855,"date":"2025-10-10T18:04:58","date_gmt":"2025-10-10T18:04:58","guid":{"rendered":"https:\/\/brandss.com.py\/index\/?post_type=product&#038;p=91855"},"modified":"2026-03-23T11:37:27","modified_gmt":"2026-03-23T11:37:27","slug":"paleta-de-sombras-de-ojos-henlics-bright-shine-9-color","status":"publish","type":"product","link":"https:\/\/brandss.com.py\/index\/producto\/paleta-de-sombras-de-ojos-henlics-bright-shine-9-color\/","title":{"rendered":"PALETA DE SOMBRAS DE OJOS HENLICS BRIGHT SHINE 9 COLOR"},"content":{"rendered":"<p><img loading=\"lazy\" decoding=\"async\" class=\"\" src=\"https:\/\/i.pinimg.com\/280x280_RS\/2d\/60\/a3\/2d60a369c1102d756b974c976d8e80fe.jpg\" alt=\"Henlics Paris (henlicsparis) - Perfil | Pinterest\" width=\"96\" height=\"96\" \/><\/p>\n<h1>BRIGHT SHINE<\/h1>\n<p><span data-sheets-root=\"1\" data-sheets-value=\"{&quot;1&quot;:2,&quot;2&quot;:&quot;\\&quot;Explore a multitude of sultry to sophisticated looks with our pigment-rich nine-pan eyeshadow palette, boasting glittery, matte, and pearl hues.\\&quot;&quot;}\" data-sheets-userformat=\"{&quot;2&quot;:831,&quot;3&quot;:{&quot;1&quot;:0},&quot;4&quot;:{&quot;1&quot;:2,&quot;2&quot;:16777215},&quot;5&quot;:{&quot;1&quot;:[{&quot;1&quot;:2,&quot;2&quot;:0,&quot;5&quot;:{&quot;1&quot;:2,&quot;2&quot;:0}},{&quot;1&quot;:0,&quot;2&quot;:0,&quot;3&quot;:3},{&quot;1&quot;:1,&quot;2&quot;:0,&quot;4&quot;:1}]},&quot;6&quot;:{&quot;1&quot;:[{&quot;1&quot;:2,&quot;2&quot;:0,&quot;5&quot;:{&quot;1&quot;:2,&quot;2&quot;:0}},{&quot;1&quot;:0,&quot;2&quot;:0,&quot;3&quot;:3},{&quot;1&quot;:1,&quot;2&quot;:0,&quot;4&quot;:1}]},&quot;7&quot;:{&quot;1&quot;:[{&quot;1&quot;:2,&quot;2&quot;:0,&quot;5&quot;:{&quot;1&quot;:2,&quot;2&quot;:0}},{&quot;1&quot;:0,&quot;2&quot;:0,&quot;3&quot;:3},{&quot;1&quot;:1,&quot;2&quot;:0,&quot;4&quot;:1}]},&quot;8&quot;:{&quot;1&quot;:[{&quot;1&quot;:2,&quot;2&quot;:0,&quot;5&quot;:{&quot;1&quot;:2,&quot;2&quot;:0}},{&quot;1&quot;:0,&quot;2&quot;:0,&quot;3&quot;:3},{&quot;1&quot;:1,&quot;2&quot;:0,&quot;4&quot;:1}]},&quot;11&quot;:4,&quot;12&quot;:0}\"><span dir=\"auto\">Explora una multitud de looks sensuales y sofisticados con nuestra paleta de sombras de ojos de nueve tonos rica en pigmentos, que incluye tonos brillantes, mate y perlados.<img loading=\"lazy\" decoding=\"async\" class=\"alignleft\" src=\"https:\/\/8271065.s21i.faiusr.com\/2\/1\/ABUIABACGAAgxYatxAYo1MrpmwUwoAY4oAY.jpg\" width=\"437\" height=\"437\" \/><\/span><\/span><\/p>\n<h3>\nCaracter\u00edsticas<\/h3>\n<p>&nbsp;<\/p>\n<div class=\"J_productTitle title g_minor\">\n<p><span dir=\"auto\">Paleta de sombras de ojos en tonos tierra de 9 colores<\/span><\/p>\n<\/div>\n<div class=\"J_productBrief emptyPropUnderline\"><span dir=\"auto\">\u00b7 Acabados mate, brillantes y con brillo para looks vers\u00e1tiles.<\/span><br \/>\n<span dir=\"auto\">\u00b7 Nueve tonos combinables para un estilo sin esfuerzo.<\/span><br \/>\n<span dir=\"auto\">\u00b7 Desde tonos neutros cotidianos hasta llamativos, perfectos para cualquier ocasi\u00f3n.<\/span><br \/>\n<span dir=\"auto\">\u00b7 Transici\u00f3n f\u00e1cil del d\u00eda a la noche con una sola paleta.<\/span><\/div>\n","protected":false},"excerpt":{"rendered":"<p>BRIGHT SHINE Explora una multitud de looks sensuales y sofisticados con nuestra paleta de sombras de ojos de nueve tonos<\/p>\n","protected":false},"featured_media":91856,"comment_status":"open","ping_status":"closed","template":"","meta":{"nf_dc_page":""},"product_brand":[928],"product_cat":[95],"product_tag":[957],"class_list":{"0":"post-91855","1":"product","2":"type-product","3":"status-publish","4":"has-post-thumbnail","6":"product_brand-henlics","7":"product_cat-maquillaje","8":"product_tag-957","10":"first","11":"outofstock","12":"shipping-taxable","13":"purchasable","14":"product-type-simple"},"_links":{"self":[{"href":"https:\/\/brandss.com.py\/index\/wp-json\/wp\/v2\/product\/91855","targetHints":{"allow":["GET"]}}],"collection":[{"href":"https:\/\/brandss.com.py\/index\/wp-json\/wp\/v2\/product"}],"about":[{"href":"https:\/\/brandss.com.py\/index\/wp-json\/wp\/v2\/types\/product"}],"replies":[{"embeddable":true,"href":"https:\/\/brandss.com.py\/index\/wp-json\/wp\/v2\/comments?post=91855"}],"version-history":[{"count":1,"href":"https:\/\/brandss.com.py\/index\/wp-json\/wp\/v2\/product\/91855\/revisions"}],"predecessor-version":[{"id":91867,"href":"https:\/\/brandss.com.py\/index\/wp-json\/wp\/v2\/product\/91855\/revisions\/91867"}],"wp:featuredmedia":[{"embeddable":true,"href":"https:\/\/brandss.com.py\/index\/wp-json\/wp\/v2\/media\/91856"}],"wp:attachment":[{"href":"https:\/\/brandss.com.py\/index\/wp-json\/wp\/v2\/media?parent=91855"}],"wp:term":[{"taxonomy":"product_brand","embeddable":true,"href":"https:\/\/brandss.com.py\/index\/wp-json\/wp\/v2\/product_brand?post=91855"},{"taxonomy":"product_cat","embeddable":true,"href":"https:\/\/brandss.com.py\/index\/wp-json\/wp\/v2\/product_cat?post=91855"},{"taxonomy":"product_tag","embeddable":true,"href":"https:\/\/brandss.com.py\/index\/wp-json\/wp\/v2\/product_tag?post=91855"}],"curies":[{"name":"wp","href":"https:\/\/api.w.org\/{rel}","templated":true}]}}