{"id":91884,"date":"2025-10-11T12:35:38","date_gmt":"2025-10-11T12:35:38","guid":{"rendered":"https:\/\/brandss.com.py\/index\/?post_type=product&#038;p=91884"},"modified":"2025-10-11T12:36:36","modified_gmt":"2025-10-11T12:36:36","slug":"polvo-facial-henlics-stunning-velvet-waterproof-14g","status":"publish","type":"product","link":"https:\/\/brandss.com.py\/index\/producto\/polvo-facial-henlics-stunning-velvet-waterproof-14g\/","title":{"rendered":"POLVO FACIAL HENLICS STUNNING VELVET WATERPROOF 14G"},"content":{"rendered":"<p><img loading=\"lazy\" decoding=\"async\" class=\"\" src=\"https:\/\/i.pinimg.com\/280x280_RS\/2d\/60\/a3\/2d60a369c1102d756b974c976d8e80fe.jpg\" alt=\"Henlics Paris (henlicsparis) - Perfil | Pinterest\" width=\"115\" height=\"115\" \/><\/p>\n<h1>STUNNING VELVET WATERPROOF<\/h1>\n<div class=\"J_productTitle title g_minor\">\n<h4><em><span dir=\"auto\">Polvo impermeable de terciopelo<img loading=\"lazy\" decoding=\"async\" class=\"alignleft\" src=\"https:\/\/8271065.s21i.faiusr.com\/2\/1\/ABUIABACGAAg5LmwxAYonozGMDCgBjigBg.jpg\" width=\"361\" height=\"361\" \/><\/span><\/em><\/h4>\n<\/div>\n<div class=\"J_productBrief emptyPropUnderline\"><span dir=\"auto\">Los incre\u00edbles polvos aterciopelados impermeables de Henglizi son finos y firmes, y se adaptan f\u00e1cilmente a la piel con la base de maquillaje. Presiona la parte superior del rostro para formar una pel\u00edcula que mantiene el maquillaje durante todo el d\u00eda, controlando la grasa sin que el polvo se disperse. La sensaci\u00f3n de maquillaje es ligera, transparente y fresca, con alta saturaci\u00f3n en la parte superior del rostro y un buen poder corrector. Combinado con una borla de maquillaje el\u00e1stica, suave y h\u00fameda, equilibra la grasa y hace que la base de maquillaje sea m\u00e1s uniforme.<\/span><\/div>\n<div class=\"J_productBrief emptyPropUnderline\">\n<span dir=\"auto\">01 # Blanco Porcelana: Efecto de maquillaje brumoso, ideal para pieles blancas y fr\u00edas.<\/span><br \/>\n<span dir=\"auto\">02 # Tono de piel claro: Efecto de maquillaje mate, ideal para pieles amarillas naturales.<\/span><\/div>\n","protected":false},"excerpt":{"rendered":"<p>STUNNING VELVET WATERPROOF Polvo impermeable de terciopelo Los incre\u00edbles polvos aterciopelados impermeables de Henglizi son finos y firmes, y se<\/p>\n","protected":false},"featured_media":91885,"comment_status":"open","ping_status":"closed","template":"","meta":{"nf_dc_page":""},"product_brand":[928],"product_cat":[95],"product_tag":[959],"class_list":{"0":"post-91884","1":"product","2":"type-product","3":"status-publish","4":"has-post-thumbnail","6":"product_brand-henlics","7":"product_cat-maquillaje","8":"product_tag-959","10":"first","11":"instock","12":"shipping-taxable","13":"purchasable","14":"product-type-simple"},"_links":{"self":[{"href":"https:\/\/brandss.com.py\/index\/wp-json\/wp\/v2\/product\/91884","targetHints":{"allow":["GET"]}}],"collection":[{"href":"https:\/\/brandss.com.py\/index\/wp-json\/wp\/v2\/product"}],"about":[{"href":"https:\/\/brandss.com.py\/index\/wp-json\/wp\/v2\/types\/product"}],"replies":[{"embeddable":true,"href":"https:\/\/brandss.com.py\/index\/wp-json\/wp\/v2\/comments?post=91884"}],"version-history":[{"count":1,"href":"https:\/\/brandss.com.py\/index\/wp-json\/wp\/v2\/product\/91884\/revisions"}],"predecessor-version":[{"id":91894,"href":"https:\/\/brandss.com.py\/index\/wp-json\/wp\/v2\/product\/91884\/revisions\/91894"}],"wp:featuredmedia":[{"embeddable":true,"href":"https:\/\/brandss.com.py\/index\/wp-json\/wp\/v2\/media\/91885"}],"wp:attachment":[{"href":"https:\/\/brandss.com.py\/index\/wp-json\/wp\/v2\/media?parent=91884"}],"wp:term":[{"taxonomy":"product_brand","embeddable":true,"href":"https:\/\/brandss.com.py\/index\/wp-json\/wp\/v2\/product_brand?post=91884"},{"taxonomy":"product_cat","embeddable":true,"href":"https:\/\/brandss.com.py\/index\/wp-json\/wp\/v2\/product_cat?post=91884"},{"taxonomy":"product_tag","embeddable":true,"href":"https:\/\/brandss.com.py\/index\/wp-json\/wp\/v2\/product_tag?post=91884"}],"curies":[{"name":"wp","href":"https:\/\/api.w.org\/{rel}","templated":true}]}}