{"id":91895,"date":"2025-10-11T13:21:27","date_gmt":"2025-10-11T13:21:27","guid":{"rendered":"https:\/\/brandss.com.py\/index\/?post_type=product&#038;p=91895"},"modified":"2025-11-10T14:44:27","modified_gmt":"2025-11-10T14:44:27","slug":"perfume-femenino-al-wataniah-sabah-al-ward-sugar-edp-100ml","status":"publish","type":"product","link":"https:\/\/brandss.com.py\/index\/producto\/perfume-femenino-al-wataniah-sabah-al-ward-sugar-edp-100ml\/","title":{"rendered":"PERFUME FEMENINO AL WATANIAH SABAH AL WARD SUGAR EDP 100ML"},"content":{"rendered":"<p><img loading=\"lazy\" decoding=\"async\" class=\"\" src=\"https:\/\/encrypted-tbn0.gstatic.com\/images?q=tbn:ANd9GcTZxf4M7TAbnjGvlsN_ihYlAJt7l3yucNv8ig&amp;s\" alt=\"Al Wataniah \u00b7 Trending Corporate\" width=\"112\" height=\"108\" \/><\/p>\n<h1>SABAH AL WARD SUGAR<\/h1>\n<p><em><strong data-end=\"139\" data-start=\"101\"><span dir=\"auto\">La dulzura que florece al amanecer<\/span><\/strong><\/em><\/p>\n<p><span dir=\"auto\">Es una fragancia irresistiblemente dulce y sofisticada, perfecta para quienes aman los perfumes cautivadores con toques frutales, florales y cremosos. Lanzada como una extensi\u00f3n de la ic\u00f3nica l\u00ednea <\/span><em><span dir=\"auto\">Sabah Al Ward<\/span><\/em><span dir=\"auto\"> , este Eau de Parfum presenta una composici\u00f3n moderna y llamativa, ideal para todas las estaciones. <img loading=\"lazy\" decoding=\"async\" class=\"alignleft\" src=\"https:\/\/images.tcdn.com.br\/img\/img_prod\/626030\/sabah_sugar_al_ward_al_wataniah_eau_de_parfum_100m_2_20250904171143_f10cd15041eb.jpg\" width=\"566\" height=\"566\" \/><\/span><\/p>\n<p>Sabah Sugar es una fragancia envolvente, dulce y sofisticada, perfecta para mujeres amantes de los perfumes impactantes y seductores. Inspirada en irresistibles combinaciones gourmand, transmite feminidad, romanticismo y un toque de audacia en cada aplicaci\u00f3n.<\/p>\n<p>Sabah Al Ward Sugar significa &#8220;Ma\u00f1ana de Rosas&#8221; en \u00e1rabe, y esta fragancia captura a la perfecci\u00f3n esa sensaci\u00f3n: dulce, cautivadora e irresistible.<\/p>\n<h3>Notas Olfativas<\/h3>\n<p><span dir=\"auto\">Sabah\u00a0<\/span><span dir=\"auto\">Al Ward Sugar<\/span><span dir=\"auto\">\u00a0es un nuevo lanzamiento de\u00a0<\/span><span dir=\"auto\">Al Wataniah<\/span><span dir=\"auto\"> que cautiva con su explosi\u00f3n frutal y delicadas notas florales, envueltas en una base cremosa y sofisticada. Una fragancia dise\u00f1ada para quienes aman los perfumes dulces, modernos e impactantes, capaces de transformar cada rociado en una experiencia inolvidable.\u00a0<\/span>Sabah Al Ward Sugar se presenta como una fragancia dulce, afrutada y floral, muy femenina y atractiva. La composici\u00f3n de frutos rojos en la salida proporciona una salida vibrante, casi tentadora, que luego se funde con las delicadas notas florales, aportando suavidad y romanticismo. En la base, la mezcla de vainilla, pachul\u00ed y almizcle proporciona calidez, profundidad y un efecto m\u00e1s duradero, ideal para quienes disfrutan de los aromas persistentes.<\/p>\n<ul>\n<li><strong><span dir=\"auto\">Notas de salida:<\/span><\/strong><span dir=\"auto\"> grosella negra, ar\u00e1ndano, frambuesa, cereza y fresa.<\/span><\/li>\n<li><strong><span dir=\"auto\">Notas de coraz\u00f3n:<\/span><\/strong><span dir=\"auto\"> jazm\u00edn y violeta.<\/span><\/li>\n<li><strong><span dir=\"auto\">Notas de fondo:<\/span><\/strong><span dir=\"auto\">\u00a0\u00e1mbar, almizcle, vainilla, pachul\u00ed, cachemira, musgo de roble y p\u00e9talos de rosa.<\/span><\/li>\n<\/ul>\n","protected":false},"excerpt":{"rendered":"<p>SABAH AL WARD SUGAR La dulzura que florece al amanecer Es una fragancia irresistiblemente dulce y sofisticada, perfecta para quienes<\/p>\n","protected":false},"featured_media":91896,"comment_status":"open","ping_status":"closed","template":"","meta":{"nf_dc_page":""},"product_brand":[105],"product_cat":[84],"product_tag":[960],"class_list":{"0":"post-91895","1":"product","2":"type-product","3":"status-publish","4":"has-post-thumbnail","6":"product_brand-al-wataniah","7":"product_cat-perfumeria","8":"product_tag-960","10":"first","11":"instock","12":"sale","13":"shipping-taxable","14":"purchasable","15":"product-type-simple"},"_links":{"self":[{"href":"https:\/\/brandss.com.py\/index\/wp-json\/wp\/v2\/product\/91895","targetHints":{"allow":["GET"]}}],"collection":[{"href":"https:\/\/brandss.com.py\/index\/wp-json\/wp\/v2\/product"}],"about":[{"href":"https:\/\/brandss.com.py\/index\/wp-json\/wp\/v2\/types\/product"}],"replies":[{"embeddable":true,"href":"https:\/\/brandss.com.py\/index\/wp-json\/wp\/v2\/comments?post=91895"}],"version-history":[{"count":1,"href":"https:\/\/brandss.com.py\/index\/wp-json\/wp\/v2\/product\/91895\/revisions"}],"predecessor-version":[{"id":91899,"href":"https:\/\/brandss.com.py\/index\/wp-json\/wp\/v2\/product\/91895\/revisions\/91899"}],"wp:featuredmedia":[{"embeddable":true,"href":"https:\/\/brandss.com.py\/index\/wp-json\/wp\/v2\/media\/91896"}],"wp:attachment":[{"href":"https:\/\/brandss.com.py\/index\/wp-json\/wp\/v2\/media?parent=91895"}],"wp:term":[{"taxonomy":"product_brand","embeddable":true,"href":"https:\/\/brandss.com.py\/index\/wp-json\/wp\/v2\/product_brand?post=91895"},{"taxonomy":"product_cat","embeddable":true,"href":"https:\/\/brandss.com.py\/index\/wp-json\/wp\/v2\/product_cat?post=91895"},{"taxonomy":"product_tag","embeddable":true,"href":"https:\/\/brandss.com.py\/index\/wp-json\/wp\/v2\/product_tag?post=91895"}],"curies":[{"name":"wp","href":"https:\/\/api.w.org\/{rel}","templated":true}]}}