{"id":91900,"date":"2025-10-11T13:55:13","date_gmt":"2025-10-11T13:55:13","guid":{"rendered":"https:\/\/brandss.com.py\/index\/?post_type=product&#038;p=91900"},"modified":"2025-10-11T13:56:31","modified_gmt":"2025-10-11T13:56:31","slug":"base-facial-teecair-radiant-cover-hydration-foundation-40ml","status":"publish","type":"product","link":"https:\/\/brandss.com.py\/index\/producto\/base-facial-teecair-radiant-cover-hydration-foundation-40ml\/","title":{"rendered":"BASE FACIAL TEECAIR RADIANT COVER HYDRATION FOUNDATION 40ML"},"content":{"rendered":"<h1>RADIANT COVER HYDRATION FOUNDATION<\/h1>\n<p>La base de maquillaje Teecair ofrece la combinaci\u00f3n perfecta de luminosidad e hidrataci\u00f3n para tu cutis. Esta base nutre y cuida profundamente tu piel. Su f\u00f3rmula \u00fanica no solo mejora tu cutis, dej\u00e1ndolo m\u00e1s uniforme y saludable, sino que tambi\u00e9n proporciona una hidrataci\u00f3n duradera, reduciendo la sequedad y las irregularidades. Apta para todo tipo de piel, la base Teecair proporciona una cobertura ligera y natural que dura todo el d\u00eda. El\u00edgela para lograr el tono perfecto y una piel de aspecto saludable.<\/p>\n<p><span dir=\"auto\">TEECAIR: la base de maquillaje perfecta. A pesar de su acabado hidratante, TEECAIR cubre a la perfecci\u00f3n todas las imperfecciones de la piel.<\/span><\/p>\n<p><span dir=\"auto\">Resistente a altas temperaturas y humedad. Aguanta f\u00e1cilmente todo el d\u00eda en cualquier condici\u00f3n clim\u00e1tica. Ideal para uso diario.<\/span><\/p>\n","protected":false},"excerpt":{"rendered":"<p>RADIANT COVER HYDRATION FOUNDATION La base de maquillaje Teecair ofrece la combinaci\u00f3n perfecta de luminosidad e hidrataci\u00f3n para tu cutis.<\/p>\n","protected":false},"featured_media":91901,"comment_status":"open","ping_status":"closed","template":"","meta":{"nf_dc_page":""},"product_brand":[961],"product_cat":[95],"product_tag":[962],"class_list":{"0":"post-91900","1":"product","2":"type-product","3":"status-publish","4":"has-post-thumbnail","6":"product_brand-teecair","7":"product_cat-maquillaje","8":"product_tag-962","10":"first","11":"instock","12":"shipping-taxable","13":"purchasable","14":"product-type-simple"},"_links":{"self":[{"href":"https:\/\/brandss.com.py\/index\/wp-json\/wp\/v2\/product\/91900","targetHints":{"allow":["GET"]}}],"collection":[{"href":"https:\/\/brandss.com.py\/index\/wp-json\/wp\/v2\/product"}],"about":[{"href":"https:\/\/brandss.com.py\/index\/wp-json\/wp\/v2\/types\/product"}],"replies":[{"embeddable":true,"href":"https:\/\/brandss.com.py\/index\/wp-json\/wp\/v2\/comments?post=91900"}],"version-history":[{"count":1,"href":"https:\/\/brandss.com.py\/index\/wp-json\/wp\/v2\/product\/91900\/revisions"}],"predecessor-version":[{"id":91907,"href":"https:\/\/brandss.com.py\/index\/wp-json\/wp\/v2\/product\/91900\/revisions\/91907"}],"wp:featuredmedia":[{"embeddable":true,"href":"https:\/\/brandss.com.py\/index\/wp-json\/wp\/v2\/media\/91901"}],"wp:attachment":[{"href":"https:\/\/brandss.com.py\/index\/wp-json\/wp\/v2\/media?parent=91900"}],"wp:term":[{"taxonomy":"product_brand","embeddable":true,"href":"https:\/\/brandss.com.py\/index\/wp-json\/wp\/v2\/product_brand?post=91900"},{"taxonomy":"product_cat","embeddable":true,"href":"https:\/\/brandss.com.py\/index\/wp-json\/wp\/v2\/product_cat?post=91900"},{"taxonomy":"product_tag","embeddable":true,"href":"https:\/\/brandss.com.py\/index\/wp-json\/wp\/v2\/product_tag?post=91900"}],"curies":[{"name":"wp","href":"https:\/\/api.w.org\/{rel}","templated":true}]}}