{"id":91944,"date":"2025-10-11T18:44:28","date_gmt":"2025-10-11T18:44:28","guid":{"rendered":"https:\/\/brandss.com.py\/index\/?post_type=product&#038;p=91944"},"modified":"2026-03-06T13:11:48","modified_gmt":"2026-03-06T13:11:48","slug":"auricular-jbl-endurance-race-2-black","status":"publish","type":"product","link":"https:\/\/brandss.com.py\/index\/producto\/auricular-jbl-endurance-race-2-black\/","title":{"rendered":"AURICULAR JBL ENDURANCE RACE 2 BLACK"},"content":{"rendered":"<p><img loading=\"lazy\" decoding=\"async\" class=\"\" src=\"https:\/\/cdn.freebiesupply.com\/logos\/large\/2x\/jbl-2-logo-black-and-white.png\" alt=\"JBL Logo PNG Transparent &amp; SVG Vector - Freebie Supply\" width=\"111\" height=\"111\" \/><\/p>\n<h1>ENDURANCE RACE 2<\/h1>\n<h4><em>Amplifica tu rendimiento<\/em><\/h4>\n<div class=\"spec-row\"><span class=\"spec-key -full\">Mantente concentrado y listo para moverte con libertad con los auriculares JBL Endurance Race 2 True Wireless. Con 48\u00a0horas de autonom\u00eda de bater\u00eda* y un dise\u00f1o resistente al agua (IP68) y al polvo, est\u00e1n dise\u00f1ados con la robustez necesaria para las condiciones de entrenamiento m\u00e1s dif\u00edciles. Su ajuste superior con un sellado \u00f3ptimo ofrece estabilidad y comodidad en los o\u00eddos durante todo el d\u00eda, manteni\u00e9ndote activo tanto en la playa como en reuniones. Sus potentes drivers din\u00e1micos de 6,8 mm te ofrecen el famoso sonido JBL Pure Bass. Mant\u00e9n la concentraci\u00f3n con el sistema de cancelaci\u00f3n de ruido (ANC) activo pero no pierdas el contacto con el entorno gracias a la tecnolog\u00eda Smart Ambient. Configura los ajustes del modo Sports a la intensidad de tu entrenamiento, eligiendo uno de los seis ajustes predeterminados en la aplicaci\u00f3n JBL Headphones o aj\u00fastalo seg\u00fan tus preferencias. Y con la posibilidad de realizar llamadas n\u00edtidas desde cualquier lugar, permanecer\u00e1s conectado con el mundo sin importar d\u00f3nde te lleve tu entrenamiento. (*con ANC desactivado)<\/span><\/div>\n<div>\n<div class=\"expanded-feature -lifestyle in-view\">\n<div class=\"imagery\"><img loading=\"lazy\" decoding=\"async\" class=\"alignleft\" src=\"https:\/\/uy.jbl.com\/on\/demandware.static\/-\/Sites-masterCatalog_Harman\/default\/dw679c30f3\/pdp\/Endurance-Race-2_Lifestyle-Image_Black_2.png\" alt=\"Resistencia al polvo y al agua\" width=\"400\" height=\"248\" data-src=\"\/on\/demandware.static\/-\/Sites-masterCatalog_Harman\/default\/dw679c30f3\/pdp\/Endurance-Race-2_Lifestyle-Image_Black_2.png\" \/><\/div>\n<div class=\"copy\">\n<h3><\/h3>\n<h3>Resistencia al polvo y al agua<\/h3>\n<p>Los JBL Endurance Race 2 est\u00e1n dise\u00f1ados para soportar los entrenamientos m\u00e1s duros. Su \u00edndice de protecci\u00f3n IP68 significa que son totalmente resistentes al agua y al polvo, con una protecci\u00f3n completa contra part\u00edculas s\u00f3lidas y con capacidad de resistir una profundidad de m\u00e1s de un metro tanto en agua dulce como en el mar. Incluso el estuche de carga es resistente al agua (\u00edndice de protecci\u00f3n IPX2), por lo que puede acompa\u00f1arte en el pr\u00f3ximo d\u00eda lluvioso que tengas que soportar.<\/p>\n<\/div>\n<\/div>\n<div class=\"expanded-feature -lifestyle not-in-view\">\n<div class=\"imagery\"><img loading=\"lazy\" decoding=\"async\" class=\"alignright\" src=\"https:\/\/uy.jbl.com\/on\/demandware.static\/-\/Sites-masterCatalog_Harman\/default\/dwc73900e0\/pdp\/Endurance-Race-2_Lifestyle-Image_White.png\" alt=\"Aler\u00f3n ergon\u00f3mico con tecnolog\u00eda Twistlock\u2122\" width=\"400\" height=\"248\" data-src=\"\/on\/demandware.static\/-\/Sites-masterCatalog_Harman\/default\/dwc73900e0\/pdp\/Endurance-Race-2_Lifestyle-Image_White.png\" \/><\/div>\n<div class=\"copy\">\n<h3><\/h3>\n<h3>Aler\u00f3n ergon\u00f3mico con tecnolog\u00eda Twistlock\u2122<\/h3>\n<p>El aler\u00f3n ergon\u00f3mico de los auriculares JBL Endurance Race 2 usa la tecnolog\u00eda Twistlock\u2122. Eso significa un mejor sellado y m\u00e1s estabilidad en los o\u00eddos cuando los usas, por no mencionar la comodidad que te aportan durante todo el d\u00eda.<\/p>\n<\/div>\n<\/div>\n<div class=\"expanded-feature -lifestyle not-in-view\">\n<div class=\"imagery\"><img loading=\"lazy\" decoding=\"async\" class=\"alignleft\" src=\"https:\/\/uy.jbl.com\/on\/demandware.static\/-\/Sites-masterCatalog_Harman\/default\/dw63549ab1\/pdp\/Endurance-Race-2_Lifestyle-Image_Purple.png\" alt=\"Mejora tu entrenamiento con el modo Sports\" width=\"400\" height=\"248\" data-src=\"\/on\/demandware.static\/-\/Sites-masterCatalog_Harman\/default\/dw63549ab1\/pdp\/Endurance-Race-2_Lifestyle-Image_Purple.png\" \/><\/div>\n<div class=\"copy\">\n<h3><\/h3>\n<h3>Mejora tu entrenamiento con el modo Sports<\/h3>\n<p>Utiliza la aplicaci\u00f3n JBL Headphones para combinar tu entrenamiento con ANC, Ambient Aware y EQ. Configura los ajustes a la intensidad de tu entrenamiento, eligiendo uno de los seis ajustes predeterminados del modo Sports o aj\u00fastalo seg\u00fan tus preferencias. Y cuando termines tu entrenamiento, rel\u00e1jate y recarga energ\u00edas en el modo Relax eligiendo uno de los cinco apacibles sonidos disponibles, como unas suaves olas del mar o un fuego de le\u00f1a chispeante.<\/p>\n<div class=\"spec-accordion  -active\">\n<h3>Caracter\u00edsticas generales<\/h3>\n<div class=\"accordion-content\">\n<div class=\"spec-row\"><span class=\"spec-key\">Number of Microphones: <\/span><span class=\"spec-value\">4<\/span><\/div>\n<\/div>\n<\/div>\n<div class=\"spec-accordion  -active\">\n<h3>Caracter\u00edsticas Audio<\/h3>\n<div class=\"accordion-content\">\n<div class=\"spec-row\"><span class=\"spec-key\">Respuesta de frecuencia: <\/span><span class=\"spec-value\">20\u00a0Hz a 20\u00a0kHz<\/span><\/div>\n<div class=\"spec-row\"><span class=\"spec-key\">Impedancia 16 \u03a9: <\/span><span class=\"spec-value\">S\u00ed<\/span><\/div>\n<div class=\"spec-row\"><span class=\"spec-key\">Sensibilidad: <\/span><span class=\"spec-value\">104\u00a0dB SPL@1 kHz<\/span><\/div>\n<div class=\"spec-row\"><span class=\"spec-key\">SPL m\u00e1xima: <\/span><span class=\"spec-value\">94\u00a0dB<\/span><\/div>\n<div class=\"spec-row\"><span class=\"spec-key\">Sensibilidad del micr\u00f3fono: <\/span><span class=\"spec-value\">-38\u00a0dB\/Pa a 1\u00a0kHz<\/span><\/div>\n<div>\n<div class=\"spec-accordion  -active\">\n<h3>Caracter\u00edsticas de control y conexi\u00f3n<\/h3>\n<div class=\"accordion-content\">\n<div class=\"spec-row\"><span class=\"spec-key\">Versi\u00f3n Bluetooth: <\/span><span class=\"spec-value\">5.3<\/span><\/div>\n<\/div>\n<\/div>\n<div class=\"spec-accordion  -active\">\n<h3>Bater\u00eda<\/h3>\n<div class=\"accordion-content\">\n<div class=\"spec-row\"><span class=\"spec-key\">Tipo de bater\u00eda de los auriculares: <\/span><span class=\"spec-value\">Bater\u00eda de ion-litio (70 mAh\/ 3,85V)<\/span><\/div>\n<div class=\"spec-row\"><span class=\"spec-key\">Tipo de bater\u00eda del estuche de carga: <\/span><span class=\"spec-value\">Bater\u00eda de ion-litio (600 mAh\/ 3,85V)<\/span><\/div>\n<div class=\"spec-row\"><span class=\"spec-key\">Tiempo de carga: <\/span><span class=\"spec-value\">2\u00a0horas si est\u00e1n totalmente descargados<\/span><\/div>\n<div class=\"spec-row\"><span class=\"spec-key\">Tiempo de reproducci\u00f3n de m\u00fasica con Bluetooth y sin ANC: <\/span><span class=\"spec-value\">hasta 12\u00a0horas<\/span><\/div>\n<div class=\"spec-row\"><span class=\"spec-key\">Tiempo de reproducci\u00f3n de m\u00fasica con Bluetooth y ANC: <\/span><span class=\"spec-value\">hasta 10\u00a0horas<\/span><\/div>\n<div class=\"spec-row\"><span class=\"spec-key\">Tiempo de conversaci\u00f3n con ANC desactivado: <\/span><span class=\"spec-value\">Hasta 7\u00a0horas<\/span><\/div>\n<div class=\"spec-row\"><span class=\"spec-key\">Tiempo de conversaci\u00f3n con Bluetooth activado: <\/span><span class=\"spec-value\">Hasta 6,5\u00a0horas<\/span><\/div>\n<\/div>\n<\/div>\n<div class=\"spec-accordion  -active\">\n<h3>Caracter\u00edsticas<\/h3>\n<div class=\"accordion-content\">\n<div class=\"spec-row\"><span class=\"spec-key\">Bluetooth: <\/span><span class=\"spec-value\">S\u00ed<\/span><\/div>\n<div class=\"spec-row\"><span class=\"spec-key\">Integraci\u00f3n con asistente de voz: <\/span><span class=\"spec-value\">S\u00ed<\/span><\/div>\n<div class=\"spec-row\"><span class=\"spec-key\">Cancelaci\u00f3n activa de ruido: <\/span><span class=\"spec-value\">S\u00ed<\/span><\/div>\n<div class=\"spec-row\"><span class=\"spec-key\">Sonido ambiente: <\/span><span class=\"spec-value\">S\u00ed<\/span><\/div>\n<div class=\"spec-row\"><span class=\"spec-key\">Micr\u00f3fono integrado: <\/span><span class=\"spec-value\">S\u00ed<\/span><\/div>\n<div class=\"spec-row\"><span class=\"spec-key\">JBL Headphone App: <\/span><span class=\"spec-value\">S\u00ed<\/span><\/div>\n<div class=\"spec-row\"><span class=\"spec-key\">Sonido JBL Pure Bass: <\/span><span class=\"spec-value\">S\u00ed<\/span><\/div>\n<div class=\"spec-row\"><span class=\"spec-key\">Conexi\u00f3n Multipunto: <\/span><span class=\"spec-value\">S\u00ed<\/span><\/div>\n<div class=\"spec-row\"><span class=\"spec-key\">Carga r\u00e1pida: <\/span><span class=\"spec-value\">S\u00ed<\/span><\/div>\n<div class=\"spec-row\"><span class=\"spec-key\">TalkThru: <\/span><span class=\"spec-value\">S\u00ed<\/span><\/div>\n<div class=\"spec-row\"><span class=\"spec-key\">Voice Aware: <\/span><span class=\"spec-value\">S\u00ed<\/span><\/div>\n<div class=\"spec-row\"><span class=\"spec-key\">Inal\u00e1mbrico: <\/span><span class=\"spec-value\">S\u00ed<\/span><\/div>\n<div class=\"spec-row\"><span class=\"spec-key\">Certificaci\u00f3n IPX: <\/span><span class=\"spec-value\">IP68<\/span><\/div>\n<\/div>\n<\/div>\n<div class=\"spec-accordion -active\">\n<h3>Contenido de la caja<\/h3>\n<div class=\"accordion-content\">\n<div class=\"box-contents\">\n<ul class=\"bulleted\">\n<li>1\u00a0par de auriculares JBL Endurance Race 2<\/li>\n<li>3 tama\u00f1os de almohadilla<\/li>\n<li>1 aler\u00f3n<\/li>\n<li>1\u00a0cable de carga USB tipo C<\/li>\n<li>1\u00a0estuche de carga<\/li>\n<li>1\u00a0garant\u00eda\/advertencia (W\/!)<\/li>\n<li>1\u00a0QSG\/hoja de seguridad (S\/i)<\/li>\n<\/ul>\n<\/div>\n<\/div>\n<\/div>\n<\/div>\n<\/div>\n<\/div>\n<\/div>\n<\/div>\n<\/div>\n","protected":false},"excerpt":{"rendered":"<p>ENDURANCE RACE 2 Amplifica tu rendimiento Mantente concentrado y listo para moverte con libertad con los auriculares JBL Endurance Race<\/p>\n","protected":false},"featured_media":91945,"comment_status":"open","ping_status":"closed","template":"","meta":{"nf_dc_page":""},"product_brand":[541],"product_cat":[89],"product_tag":[970],"class_list":{"0":"post-91944","1":"product","2":"type-product","3":"status-publish","4":"has-post-thumbnail","6":"product_brand-jbl","7":"product_cat-electronicos","8":"product_tag-970","10":"first","11":"instock","12":"shipping-taxable","13":"purchasable","14":"product-type-simple"},"_links":{"self":[{"href":"https:\/\/brandss.com.py\/index\/wp-json\/wp\/v2\/product\/91944","targetHints":{"allow":["GET"]}}],"collection":[{"href":"https:\/\/brandss.com.py\/index\/wp-json\/wp\/v2\/product"}],"about":[{"href":"https:\/\/brandss.com.py\/index\/wp-json\/wp\/v2\/types\/product"}],"replies":[{"embeddable":true,"href":"https:\/\/brandss.com.py\/index\/wp-json\/wp\/v2\/comments?post=91944"}],"version-history":[{"count":1,"href":"https:\/\/brandss.com.py\/index\/wp-json\/wp\/v2\/product\/91944\/revisions"}],"predecessor-version":[{"id":91956,"href":"https:\/\/brandss.com.py\/index\/wp-json\/wp\/v2\/product\/91944\/revisions\/91956"}],"wp:featuredmedia":[{"embeddable":true,"href":"https:\/\/brandss.com.py\/index\/wp-json\/wp\/v2\/media\/91945"}],"wp:attachment":[{"href":"https:\/\/brandss.com.py\/index\/wp-json\/wp\/v2\/media?parent=91944"}],"wp:term":[{"taxonomy":"product_brand","embeddable":true,"href":"https:\/\/brandss.com.py\/index\/wp-json\/wp\/v2\/product_brand?post=91944"},{"taxonomy":"product_cat","embeddable":true,"href":"https:\/\/brandss.com.py\/index\/wp-json\/wp\/v2\/product_cat?post=91944"},{"taxonomy":"product_tag","embeddable":true,"href":"https:\/\/brandss.com.py\/index\/wp-json\/wp\/v2\/product_tag?post=91944"}],"curies":[{"name":"wp","href":"https:\/\/api.w.org\/{rel}","templated":true}]}}