{"id":91996,"date":"2025-10-13T14:23:12","date_gmt":"2025-10-13T14:23:12","guid":{"rendered":"https:\/\/brandss.com.py\/index\/?post_type=product&#038;p=91996"},"modified":"2026-03-06T13:09:20","modified_gmt":"2026-03-06T13:09:20","slug":"auricular-jbl-tune-buds-2-true-wireless-black","status":"publish","type":"product","link":"https:\/\/brandss.com.py\/index\/producto\/auricular-jbl-tune-buds-2-true-wireless-black\/","title":{"rendered":"AURICULAR JBL TUNE BUDS 2 TRUE WIRELESS BLACK"},"content":{"rendered":"<p><img loading=\"lazy\" decoding=\"async\" class=\"\" src=\"https:\/\/cdn.freebiesupply.com\/logos\/large\/2x\/jbl-2-logo-black-and-white.png\" alt=\"JBL Logo PNG Transparent &amp; SVG Vector - Freebie Supply\" width=\"106\" height=\"106\" \/><\/p>\n<h1>TUNE BUDS 2 TRUE WIRELESS<\/h1>\n<p><em><strong>Pure bass, cero ruidos<\/strong><\/em><\/p>\n<p>Afronta tu d\u00eda canci\u00f3n a canci\u00f3n con los auriculares True Wireless JBL Tune Buds 2 con cancelaci\u00f3n de ruido adaptativa. Te ofrecen hasta 48\u00a0horas del magn\u00edfico sonido JBL Pure Bass y JBL Spatial, mientras que su dise\u00f1o ergon\u00f3mico (resistente al agua y al polvo) garantiza total comodidad durante todo el d\u00eda y en cualquier clima. Disfruta de llamadas con un sonido perfecto y sin ruido ambiental que podr\u00e1s adem\u00e1s controlar completamente mediante unos intuitivos controles t\u00e1ctiles. Gracias a la cancelaci\u00f3n de ruido adaptativa y a la tecnolog\u00eda Smart Ambient podr\u00e1s elegir si quieres desconectarte del mundo o relacionarte con el entorno. Puedes incluso personalizar la experiencia auditiva con la aplicaci\u00f3n JBL Headphones y ajustar el audio que te rodea con Personi-Fi 3.0. Ponte los JBL Tune Buds 2 y disfruta de tu mundo a tu manera.<\/p>\n<div class=\"lifestyle-feature\"><img loading=\"lazy\" decoding=\"async\" class=\"alignleft\" src=\"https:\/\/www.jbl.es\/dw\/image\/v2\/BFND_PRD\/on\/demandware.static\/-\/Sites-masterCatalog_Harman\/default\/dw2da5a81f\/pdp\/01_JBL_Tune-Buds-2_LS_Sound_White.png?sw=904&amp;sh=560\" alt=\"JBL Tune Buds 2 JBL Pure Bass con sonido Spatial - Image\" width=\"500\" height=\"310\" \/><\/p>\n<div class=\"feature-text\">\n<h3><\/h3>\n<h3>JBL Pure Bass con sonido Spatial<\/h3>\n<p>Los auriculares JBL Tune Buds 2 incorporan drivers din\u00e1micos de 10\u00a0mm que son los responsables del potente sonido JBL Pure Bass. As\u00ed que tanto si est\u00e1s escuchando tu lista de reproducci\u00f3n favorita como viendo una pel\u00edcula o jugando con la consola, el sonido JBL Spatial transforma el sonido est\u00e9reo de cualquier fuente o dispositivo en una experiencia auditiva m\u00e1s envolvente.<\/p>\n<\/div>\n<\/div>\n<div class=\"lifestyle-feature\"><img loading=\"lazy\" decoding=\"async\" class=\"alignright\" src=\"https:\/\/www.jbl.es\/dw\/image\/v2\/BFND_PRD\/on\/demandware.static\/-\/Sites-masterCatalog_Harman\/default\/dw27015c5b\/pdp\/02_JBL_Tune-Buds-2_LS_ANC_Black.png?sw=904&amp;sh=560\" alt=\"JBL Tune Buds 2 Cancelaci\u00f3n de ruido adaptativa con Smart Ambient - Image\" width=\"500\" height=\"310\" \/><\/p>\n<div class=\"feature-text\">\n<h3><\/h3>\n<h3><\/h3>\n<h3>Cancelaci\u00f3n de ruido adaptativa con Smart Ambient<\/h3>\n<p>Los auriculares JBL Tune Buds 2 incorporan cancelaci\u00f3n de ruido adaptativa para que puedas aislarte completamente del ruido ambiente o para que sigas oyendo el mundo real al nivel que quieras. Ambient Aware adapta el nivel sonoro del mundo exterior que deseas escuchar, mientras que TalkThru te permite hablar con los que te rodean sin quitarte los auriculares.<\/p>\n<\/div>\n<\/div>\n<div class=\"lifestyle-feature\"><img loading=\"lazy\" decoding=\"async\" class=\"alignleft\" src=\"https:\/\/www.jbl.es\/dw\/image\/v2\/BFND_PRD\/on\/demandware.static\/-\/Sites-masterCatalog_Harman\/default\/dw448b4dcb\/pdp\/03_JBL_Tune-Buds-2_LS_Mic_Blue.png?sw=904&amp;sh=560\" alt=\"JBL Tune Buds 2 Llamadas perfectas y una experiencia personalizada con 6 micr\u00f3fonos - Image\" width=\"560\" height=\"347\" \/><\/p>\n<div class=\"feature-text\">\n<h3><\/h3>\n<h3>Llamadas perfectas y una experiencia personalizada con 6 micr\u00f3fonos<\/h3>\n<p>Los dos micr\u00f3fonos exteriores direccionales de cada auricular captan tu voz y la transmiten con la mayor claridad posible, mientras que otro micr\u00f3fono interior a\u00edsla el ruido. Los algoritmos de cancelaci\u00f3n del ruido ambiental y supresi\u00f3n de ecos captan cada matiz de tu voz sin ruido ni distorsi\u00f3n, aunque est\u00e9s al aire libre un d\u00eda con viento. Usa la aplicaci\u00f3n JBL Headphones para personalizar c\u00f3mo suenan tu voz y la de tu interlocutor al hablar a trav\u00e9s de tus auriculares.<\/p>\n<p><label class=\"ds-accordion-label\" role=\"button\" for=\"pdp-specs--specifications\" aria-controls=\"pdp-specs--specifications-content\">Especificaciones<\/label><\/p>\n<div id=\"pdp-specs--specifications-content\" class=\"ds-accordion-content\">\n<h5>Caracter\u00edsticas generales<\/h5>\n<dl class=\"ds-specs\">\n<dt>Driver (mm): 10<\/dt>\n<dt>Number of Microphones: 6<\/dt>\n<\/dl>\n<h3>Caracter\u00edsticas Audio<\/h3>\n<dl class=\"ds-specs\">\n<dt>Sensibilidad del driver a 1kHz1mW (dB): 100 dB SPL@1 kHz<\/dt>\n<dt>Respuesta de frecuencia din\u00e1mica: 20 Hz &#8211; 20 kHz<\/dt>\n<dt>Impedancia de entrada (ohms): 16<\/dt>\n<\/dl>\n<h3>Medidas<\/h3>\n<dl class=\"ds-specs\">\n<dt>Peso del auricular (g): 5.5<\/dt>\n<dt>Peso (g): 43<\/dt>\n<\/dl>\n<h3>Caracter\u00edsticas de control y conexi\u00f3n<\/h3>\n<dl class=\"ds-specs\">\n<dt>Perfiles Bluetooth: A2DP V1.4, AVRCP V1.6.2, HFP V1.8<\/dt>\n<dt>Rango de frecuencia de transmisi\u00f3n Bluetooth: 2.4 GHz &#8211; 2.4835 GHz<\/dt>\n<dt>Transmisi\u00f3n de modulaci\u00f3n GFSK v\u00eda Bluetooth: \u03c0\/4-DQPSK, 8DPSK<\/dt>\n<dt>Potencia de transmisi\u00f3n Bluetooth: \u2264 12 dBm (EIRP)<\/dt>\n<dt>Versi\u00f3n Bluetooth: 5.3<\/dt>\n<\/dl>\n<h3>Bater\u00eda<\/h3>\n<dl class=\"ds-specs\">\n<dt>Charging case battery life (max hours): 36<\/dt>\n<dt>Tiempo de carga (horas): 2<\/dt>\n<dt>Tiempo m\u00e1ximo de reproducci\u00f3n de m\u00fasica con ANC (cancelaci\u00f3n activa de ruido) desactivado (horas): 12<\/dt>\n<dt>Tiempo m\u00e1ximo de reproducci\u00f3n de m\u00fasica con ANC (cancelaci\u00f3n activa de ruido) activado (horas): 10<\/dt>\n<dt>Tiempo de juego m\u00e1ximo (horas): 48<\/dt>\n<dt>Tiempo de conversaci\u00f3n (horas): 6<\/dt>\n<\/dl>\n<h3>Caracter\u00edsticas<\/h3>\n<dl class=\"ds-specs\">\n<dt>Bluetooth: S\u00ed<\/dt>\n<dt>Integraci\u00f3n con asistente de voz: S\u00ed<\/dt>\n<dt>Cancelaci\u00f3n adaptativa de ruido: S\u00ed<\/dt>\n<dt>Sonido ambiente: S\u00ed<\/dt>\n<dt>Micr\u00f3fono integrado: S\u00ed<\/dt>\n<dt>Estuche de carga: S\u00ed<\/dt>\n<dt>Earbud: S\u00ed<\/dt>\n<dt>Llamadas con manos libres: S\u00ed<\/dt>\n<dt>JBL Headphone App: S\u00ed<\/dt>\n<dt>Sonido JBL Pure Bass: S\u00ed<\/dt>\n<dt>Conexi\u00f3n Multipunto: S\u00ed<\/dt>\n<dt>Bater\u00eda recargable: S\u00ed<\/dt>\n<dt>Spatial Sound: S\u00ed<\/dt>\n<dt>Carga r\u00e1pida: S\u00ed<\/dt>\n<dt>TalkThru: S\u00ed<\/dt>\n<dt>Control t\u00e1ctil: S\u00ed<\/dt>\n<dt>Voice Aware: S\u00ed<\/dt>\n<dt>Water Resistant: S\u00ed<\/dt>\n<dt>Inal\u00e1mbrico: S\u00ed<\/dt>\n<dt>Certificaci\u00f3n IPX: IP54<\/dt>\n<dt>JBL Deep Bass Sound: S\u00ed<\/dt>\n<\/dl>\n<\/div>\n<p><label class=\"ds-accordion-label\" role=\"button\" for=\"pdp-specs--box-contents\" aria-controls=\"pdp-specs--box-contents-content\">Contenido de la caja<\/label><\/p>\n<div id=\"pdp-specs--box-contents-content\" class=\"ds-accordion-content\">\n<dl class=\"ds-specs\">\n<dt>1 par de auriculares JBL Tune Buds 2<\/dt>\n<dt>1\u00a0cable de carga USB tipo C<\/dt>\n<dt>3 tama\u00f1os de almohadilla<\/dt>\n<dt>1\u00a0estuche de carga<\/dt>\n<dt>1\u00a0garant\u00eda\/advertencia (W\/!)<\/dt>\n<dt>1\u00a0QSG \/ Ficha de datos de seguridad (S\/i)<\/dt>\n<\/dl>\n<\/div>\n<\/div>\n<\/div>\n","protected":false},"excerpt":{"rendered":"<p>TUNE BUDS 2 TRUE WIRELESS Pure bass, cero ruidos Afronta tu d\u00eda canci\u00f3n a canci\u00f3n con los auriculares True Wireless<\/p>\n","protected":false},"featured_media":91997,"comment_status":"open","ping_status":"closed","template":"","meta":{"nf_dc_page":""},"product_brand":[541],"product_cat":[89],"product_tag":[975],"class_list":{"0":"post-91996","1":"product","2":"type-product","3":"status-publish","4":"has-post-thumbnail","6":"product_brand-jbl","7":"product_cat-electronicos","8":"product_tag-975","10":"first","11":"outofstock","12":"shipping-taxable","13":"purchasable","14":"product-type-simple"},"_links":{"self":[{"href":"https:\/\/brandss.com.py\/index\/wp-json\/wp\/v2\/product\/91996","targetHints":{"allow":["GET"]}}],"collection":[{"href":"https:\/\/brandss.com.py\/index\/wp-json\/wp\/v2\/product"}],"about":[{"href":"https:\/\/brandss.com.py\/index\/wp-json\/wp\/v2\/types\/product"}],"replies":[{"embeddable":true,"href":"https:\/\/brandss.com.py\/index\/wp-json\/wp\/v2\/comments?post=91996"}],"version-history":[{"count":1,"href":"https:\/\/brandss.com.py\/index\/wp-json\/wp\/v2\/product\/91996\/revisions"}],"predecessor-version":[{"id":92008,"href":"https:\/\/brandss.com.py\/index\/wp-json\/wp\/v2\/product\/91996\/revisions\/92008"}],"wp:featuredmedia":[{"embeddable":true,"href":"https:\/\/brandss.com.py\/index\/wp-json\/wp\/v2\/media\/91997"}],"wp:attachment":[{"href":"https:\/\/brandss.com.py\/index\/wp-json\/wp\/v2\/media?parent=91996"}],"wp:term":[{"taxonomy":"product_brand","embeddable":true,"href":"https:\/\/brandss.com.py\/index\/wp-json\/wp\/v2\/product_brand?post=91996"},{"taxonomy":"product_cat","embeddable":true,"href":"https:\/\/brandss.com.py\/index\/wp-json\/wp\/v2\/product_cat?post=91996"},{"taxonomy":"product_tag","embeddable":true,"href":"https:\/\/brandss.com.py\/index\/wp-json\/wp\/v2\/product_tag?post=91996"}],"curies":[{"name":"wp","href":"https:\/\/api.w.org\/{rel}","templated":true}]}}