{"id":92009,"date":"2025-10-13T17:02:51","date_gmt":"2025-10-13T17:02:51","guid":{"rendered":"https:\/\/brandss.com.py\/index\/?post_type=product&#038;p=92009"},"modified":"2025-10-13T17:21:21","modified_gmt":"2025-10-13T17:21:21","slug":"perfume-masculino-maison-alhambra-galactic-men-intense-edp-100ml","status":"publish","type":"product","link":"https:\/\/brandss.com.py\/index\/producto\/perfume-masculino-maison-alhambra-galactic-men-intense-edp-100ml\/","title":{"rendered":"PERFUME MASCULINO MAISON ALHAMBRA GALACTIC MEN INTENSE EDP 100ML"},"content":{"rendered":"<p><img loading=\"lazy\" decoding=\"async\" class=\"\" src=\"https:\/\/acdn-us.mitiendanube.com\/stores\/004\/407\/494\/products\/logo-maison-alhambra-3b1e691fd5777d7f6117418030884423-1024-1024.webp\" alt=\"MAISON ALHAMBRA - Man Black edition - Perfumia\" width=\"96\" height=\"105\" \/><\/p>\n<h1>GALACTIC MEN INTENSE<\/h1>\n<p><span dir=\"auto\">Descubre la esencia audaz y cautivadora de\u00a0<\/span><span dir=\"auto\">Galactic Intense<\/span><span dir=\"auto\">, una fragancia que irradia confianza y sofisticaci\u00f3n. Este perfume est\u00e1 dise\u00f1ado para el hombre moderno que abraza su fuerza e individualidad.<\/span><\/p>\n<p><span dir=\"auto\">Experimente el encanto de\u00a0<\/span><span dir=\"auto\">Galactic Intense<\/span><span dir=\"auto\">, una fragancia que redefine la masculinidad con su rica, c\u00e1lida y embriagadora mezcla de notas.\u00a0<\/span><\/p>\n<p><span dir=\"auto\">Galactic Intense<\/span><span dir=\"auto\">, en un elegante y sofisticado frasco,\u00a0es un\u00a0<\/span><span dir=\"auto\">Eau de Parfum (EDP) en spray<\/span><span dir=\"auto\">\u00a0que ofrece una experiencia olfativa superior con cada rociado. Ya sea para una ocasi\u00f3n especial o como aroma distintivo para el d\u00eda a d\u00eda, esta fragancia de 100 ml est\u00e1 dise\u00f1ada para dejar una huella imborrable.<\/span><\/p>\n<p><img decoding=\"async\" class=\"alignleft\" src=\"https:\/\/http2.mlstatic.com\/D_NQ_NP_627347-MLA90568973961_082025-O.webp\" \/><\/p>\n<h3>Notas Olfativas<\/h3>\n<p>&nbsp;<\/p>\n<p><span dir=\"auto\">El viaje comienza con una rica y dorada\u00a0<\/span><span dir=\"auto\">miel<\/span><span dir=\"auto\">\u00a0que se funde a la perfecci\u00f3n con el profundo y ahumado aroma del\u00a0<\/span><span dir=\"auto\">tabaco<\/span><span dir=\"auto\">, creando una primera impresi\u00f3n irresistible. A medida que se despliega la fragancia, notas c\u00e1lidas y sensuales de\u00a0<\/span><span dir=\"auto\">vainilla,cacao indulgente\u00a0 <\/span><span dir=\"auto\">y\u00a0<\/span><span dir=\"auto\">pachul\u00ed<\/span><span dir=\"auto\">\u00a0terroso cobran protagonismo, aportando profundidad e intriga. Finalmente, la fragancia se asienta en una base potente y duradera de\u00a0<\/span><span dir=\"auto\">\u00e1mbar<\/span><span dir=\"auto\">, ex\u00f3tico\u00a0<\/span><span dir=\"auto\">l\u00e1dano franc\u00e9s<\/span><span dir=\"auto\">\u00a0y\u00a0<\/span><span dir=\"auto\">styrax<\/span><span dir=\"auto\"> resinoso, dejando una estela refinada e inolvidable.<\/span><\/p>\n<p>&nbsp;<\/p>\n<p><strong><span dir=\"auto\">Notas de salida:<\/span><\/strong><span dir=\"auto\">\u00a0tabaco, miel.<\/span><\/p>\n<p><strong><span dir=\"auto\">Notas de coraz\u00f3n:<\/span><\/strong><span dir=\"auto\">\u00a0pachul\u00ed, vainilla, cacao.<\/span><\/p>\n<p><span dir=\"auto\"><b>Notas de fondo: <\/b>\u00e1mbar, s\u00e1ndalo, styrax.<\/span><\/p>\n","protected":false},"excerpt":{"rendered":"<p>GALACTIC MEN INTENSE Descubre la esencia audaz y cautivadora de\u00a0Galactic Intense, una fragancia que irradia confianza y sofisticaci\u00f3n. Este perfume<\/p>\n","protected":false},"featured_media":92010,"comment_status":"open","ping_status":"closed","template":"","meta":{"nf_dc_page":""},"product_brand":[107],"product_cat":[84],"product_tag":[979],"class_list":{"0":"post-92009","1":"product","2":"type-product","3":"status-publish","4":"has-post-thumbnail","6":"product_brand-maison-alhambra","7":"product_cat-perfumeria","8":"product_tag-979","10":"first","11":"instock","12":"shipping-taxable","13":"purchasable","14":"product-type-simple"},"_links":{"self":[{"href":"https:\/\/brandss.com.py\/index\/wp-json\/wp\/v2\/product\/92009","targetHints":{"allow":["GET"]}}],"collection":[{"href":"https:\/\/brandss.com.py\/index\/wp-json\/wp\/v2\/product"}],"about":[{"href":"https:\/\/brandss.com.py\/index\/wp-json\/wp\/v2\/types\/product"}],"replies":[{"embeddable":true,"href":"https:\/\/brandss.com.py\/index\/wp-json\/wp\/v2\/comments?post=92009"}],"version-history":[{"count":1,"href":"https:\/\/brandss.com.py\/index\/wp-json\/wp\/v2\/product\/92009\/revisions"}],"predecessor-version":[{"id":92017,"href":"https:\/\/brandss.com.py\/index\/wp-json\/wp\/v2\/product\/92009\/revisions\/92017"}],"wp:featuredmedia":[{"embeddable":true,"href":"https:\/\/brandss.com.py\/index\/wp-json\/wp\/v2\/media\/92010"}],"wp:attachment":[{"href":"https:\/\/brandss.com.py\/index\/wp-json\/wp\/v2\/media?parent=92009"}],"wp:term":[{"taxonomy":"product_brand","embeddable":true,"href":"https:\/\/brandss.com.py\/index\/wp-json\/wp\/v2\/product_brand?post=92009"},{"taxonomy":"product_cat","embeddable":true,"href":"https:\/\/brandss.com.py\/index\/wp-json\/wp\/v2\/product_cat?post=92009"},{"taxonomy":"product_tag","embeddable":true,"href":"https:\/\/brandss.com.py\/index\/wp-json\/wp\/v2\/product_tag?post=92009"}],"curies":[{"name":"wp","href":"https:\/\/api.w.org\/{rel}","templated":true}]}}