{"id":92018,"date":"2025-10-13T18:09:50","date_gmt":"2025-10-13T18:09:50","guid":{"rendered":"https:\/\/brandss.com.py\/index\/?post_type=product&#038;p=92018"},"modified":"2026-04-27T19:12:15","modified_gmt":"2026-04-27T19:12:15","slug":"perfume-masculino-maison-alhambra-galactic-men-elixir-edp-100ml","status":"publish","type":"product","link":"https:\/\/brandss.com.py\/index\/producto\/perfume-masculino-maison-alhambra-galactic-men-elixir-edp-100ml\/","title":{"rendered":"PERFUME MASCULINO MAISON ALHAMBRA GALACTIC MEN ELIXIR EDP 100ML"},"content":{"rendered":"<p><img loading=\"lazy\" decoding=\"async\" class=\"\" src=\"https:\/\/acdn-us.mitiendanube.com\/stores\/004\/407\/494\/products\/logo-maison-alhambra-3b1e691fd5777d7f6117418030884423-1024-1024.webp\" alt=\"MAISON ALHAMBRA - Man Black edition - Perfumia\" width=\"114\" height=\"125\" \/><\/p>\n<h1>GALACTIC MEN ELIXIR<\/h1>\n<p><span dir=\"auto\">Libera tu lado audaz y carism\u00e1tico con\u00a0<\/span><span dir=\"auto\">Galactic Men Elixir<\/span><span dir=\"auto\">, una fragancia que combina con maestr\u00eda riqueza, calidez e intriga. Refinada pero audaz, Galactic Men Elixir est\u00e1 dise\u00f1ada para aquellos que llaman la atenci\u00f3n sin esfuerzo. Una fragancia para el hombre moderno que encarna la confianza y la individualidad. Galactic Men Elixir es el n\u00e9ctar oscuro de un hombre que domina su universo. Galactic Men Elixir es el aura del conquistador que no viene de este mundo\u2026 y no piensa quedarse.<\/span><\/p>\n<p><img decoding=\"async\" class=\"alignleft\" src=\"https:\/\/acdn-us.mitiendanube.com\/stores\/005\/137\/375\/products\/3-2025-08-30t153536-046-944b73b927728c9b6a17565789587855-480-0.webp\" \/><\/p>\n<h3>Notas Olfativas<\/h3>\n<p>&nbsp;<\/p>\n<p><span dir=\"auto\">Galactic Men Elixir de Maison Alhambra \u00a0es una fragancia de la familia olfativa Oriental amaderada\u00a0 para hombres.\u00a0Esta fragancia se abre con la c\u00e1lida y rica fragancia ahumada del tabaco, creando un comienzo audaz y cautivador. El coraz\u00f3n a\u00f1ade una dulzura indulgente con la combinaci\u00f3n de miel, cacao y la profundidad resinosa del l\u00e1dano, ofreciendo un coraz\u00f3n lujoso y opulento.<\/span><\/p>\n<p><span dir=\"auto\">En la base, la riqueza del pachul\u00ed, la cremosa calidez de la vainilla y el brillo dorado del \u00e1mbar se fusionan para un final suave y duradero. Perfecto para quienes disfrutan de una fragancia profunda y sensual con una mezcla de toques ahumados y dulces.<\/span><\/p>\n<p><strong><span dir=\"auto\">Notas de salida:<\/span><\/strong><span dir=\"auto\">\u00a0tabaco.<\/span><br \/>\n<strong><span dir=\"auto\">Notas de coraz\u00f3n:<\/span><\/strong><span dir=\"auto\">\u00a0miel, cacao, l\u00e1dano.<\/span><br \/>\n<strong><span dir=\"auto\">Notas de fondo:<\/span><\/strong><span dir=\"auto\">\u00a0pachul\u00ed, vainilla, \u00e1mbar.<\/span><\/p>\n","protected":false},"excerpt":{"rendered":"<p>GALACTIC MEN ELIXIR Libera tu lado audaz y carism\u00e1tico con\u00a0Galactic Men Elixir, una fragancia que combina con maestr\u00eda riqueza, calidez<\/p>\n","protected":false},"featured_media":92019,"comment_status":"open","ping_status":"closed","template":"","meta":{"nf_dc_page":""},"product_brand":[107],"product_cat":[84],"product_tag":[980],"class_list":{"0":"post-92018","1":"product","2":"type-product","3":"status-publish","4":"has-post-thumbnail","6":"product_brand-maison-alhambra","7":"product_cat-perfumeria","8":"product_tag-980","10":"first","11":"instock","12":"shipping-taxable","13":"purchasable","14":"product-type-simple"},"_links":{"self":[{"href":"https:\/\/brandss.com.py\/index\/wp-json\/wp\/v2\/product\/92018","targetHints":{"allow":["GET"]}}],"collection":[{"href":"https:\/\/brandss.com.py\/index\/wp-json\/wp\/v2\/product"}],"about":[{"href":"https:\/\/brandss.com.py\/index\/wp-json\/wp\/v2\/types\/product"}],"replies":[{"embeddable":true,"href":"https:\/\/brandss.com.py\/index\/wp-json\/wp\/v2\/comments?post=92018"}],"version-history":[{"count":1,"href":"https:\/\/brandss.com.py\/index\/wp-json\/wp\/v2\/product\/92018\/revisions"}],"predecessor-version":[{"id":92024,"href":"https:\/\/brandss.com.py\/index\/wp-json\/wp\/v2\/product\/92018\/revisions\/92024"}],"wp:featuredmedia":[{"embeddable":true,"href":"https:\/\/brandss.com.py\/index\/wp-json\/wp\/v2\/media\/92019"}],"wp:attachment":[{"href":"https:\/\/brandss.com.py\/index\/wp-json\/wp\/v2\/media?parent=92018"}],"wp:term":[{"taxonomy":"product_brand","embeddable":true,"href":"https:\/\/brandss.com.py\/index\/wp-json\/wp\/v2\/product_brand?post=92018"},{"taxonomy":"product_cat","embeddable":true,"href":"https:\/\/brandss.com.py\/index\/wp-json\/wp\/v2\/product_cat?post=92018"},{"taxonomy":"product_tag","embeddable":true,"href":"https:\/\/brandss.com.py\/index\/wp-json\/wp\/v2\/product_tag?post=92018"}],"curies":[{"name":"wp","href":"https:\/\/api.w.org\/{rel}","templated":true}]}}