{"id":92054,"date":"2025-10-14T13:04:19","date_gmt":"2025-10-14T13:04:19","guid":{"rendered":"https:\/\/brandss.com.py\/index\/?post_type=product&#038;p=92054"},"modified":"2026-01-10T14:17:20","modified_gmt":"2026-01-10T14:17:20","slug":"parlante-inteligente-amazon-echo-dot-alexa-5-generacion-blue","status":"publish","type":"product","link":"https:\/\/brandss.com.py\/index\/producto\/parlante-inteligente-amazon-echo-dot-alexa-5-generacion-blue\/","title":{"rendered":"PARLANTE INTELIGENTE AMAZON ECHO DOT ALEXA 5\u00b0 GENERACI\u00d3N BLUE"},"content":{"rendered":"<p><img loading=\"lazy\" decoding=\"async\" class=\"\" src=\"https:\/\/upload.wikimedia.org\/wikipedia\/commons\/thumb\/a\/a9\/Amazon_logo.svg\/1280px-Amazon_logo.svg.png\" alt=\"Archivo:Amazon logo.svg - Wikipedia, la enciclopedia libre\" width=\"192\" height=\"58\" \/><\/p>\n<h1>ECHO DOT ALEXA 5\u00b0 GENERACI\u00d3N<\/h1>\n<p>&nbsp;<\/p>\n<p>Sumate al mundo de la inteligencia artificial con el\u00a0Amazon Echo Dot 5th Generaci\u00f3n\u00a0que ofrece soluciones para automatizar algunas tareas en tu hogar. La ventaja de este asistente virtual es que tiene mejor integraci\u00f3n con todos los servicios y dispositivos de Amazon.<\/p>\n<p>\u00bfNecesit\u00e1s ayuda con tus tareas diarias?<\/p>\n<p>Alexa organizar\u00e1 tu rutina, te brindar\u00e1 noticias, comprobar\u00e1 el estado del clima y mucho m\u00e1s. Prender y apagar luces, abrir puertas, controlar la calefacci\u00f3n o encender la TV, son algunas de las tantas tareas que podr\u00e1s automatizar con este \u00fanico producto. Solo deber\u00e1s conectar el parlante a cualquier dispositivo compatible para disfrutar de una nueva forma de interactuar con los espacios. Este novedoso sistema permite compartir m\u00fasica o realizar anuncios en distintas habitaciones y en el mismo momento. Tan solo requiere que conectes los dispositivos smart compatibles entre s\u00ed.<\/p>\n<p>Descubre una nueva forma de disfrutar de la comodidad y el control con el Amazon Echo Dot 5ta gen sin reloj.\u00a0Este altavoz inteligente, equipado con el potente Alexa Voice Service, te permite controlarlo todo con tu voz. Su dise\u00f1o compacto lo convierte en\u00a0el complemento perfecto para cualquier habitaci\u00f3n de tu hogar.<\/p>\n<p>Con el Amazon Echo Dot, puedes\u00a0disfrutar de m\u00fasica, mantenerte al d\u00eda con las \u00faltimas noticias e incluso obtener informaci\u00f3n \u00fatil, todo simplemente con pedirlo. \u00bfNecesitas hacer una llamada? Con\u00e9ctate con cualquier persona que tenga un dispositivo Echo, la aplicaci\u00f3n Alexa o Skype, sin esfuerzo alguno.<\/p>\n<p>Pero eso no es todo. Gracias a su compatibilidad con dispositivos de Hogar digital, el\u00a0Echo Dot te permite controlar luces, termostatos y otros dispositivos inteligentes con tan solo usar tu voz. Adem\u00e1s, con la\u00a0integraci\u00f3n de tus plataformas favoritas de m\u00fasica, como Spotify, podr\u00e1s disfrutar de tus listas de reproducci\u00f3n y canciones favoritas\u00a0en un abrir y cerrar de ojos.<\/p>\n<p>Configurar y usar el Amazon Echo Dot es incre\u00edblemente f\u00e1cil. Con solo unos pocos pasos, estar\u00e1s listo para explorar todas las funcionalidades y aprovechar al m\u00e1ximo este altavoz inteligente. Adem\u00e1s, con la capacidad de crear rutinas programadas,\u00a0podr\u00e1s automatizar tareas diarias y hacer que tu d\u00eda a d\u00eda sea a\u00fan m\u00e1s productivo.<\/p>\n<p>El Amazon Echo Dot 5ta gen sin reloj es el compa\u00f1ero perfecto para tu hogar inteligente. Descubre un nuevo nivel de control y confort, y lleva la experiencia de voz a cada rinc\u00f3n de tu vida.<\/p>\n<h3>Especificaciones<\/h3>\n<p>Marca: Amazon<br \/>\nCaracter\u00edsticas de Audio: Multi-room | Radiofrecuencia 2.4 GHz,5 GHz<br \/>\nColor: Azul<br \/>\nConectividad: Wifi | Bluetooth<br \/>\nDimensiones: Altura: 89 mm | Ancho: 100 mm | Di\u00e1metro: 100 mm<br \/>\nPotencia: 15 W<br \/>\nPeso: 304 g<br \/>\nFunciones: Reproducci\u00f3n de m\u00fasica | Control por voz | Reloj | Alarma | Control de dispositivos del hogar | Llamadas | Desactivar micr\u00f3fono | Noticias | Control por tacto<\/p>\n","protected":false},"excerpt":{"rendered":"<p>ECHO DOT ALEXA 5\u00b0 GENERACI\u00d3N &nbsp; Sumate al mundo de la inteligencia artificial con el\u00a0Amazon Echo Dot 5th Generaci\u00f3n\u00a0que ofrece<\/p>\n","protected":false},"featured_media":92055,"comment_status":"open","ping_status":"closed","template":"","meta":{"nf_dc_page":""},"product_brand":[539],"product_cat":[89],"product_tag":[1358],"class_list":{"0":"post-92054","1":"product","2":"type-product","3":"status-publish","4":"has-post-thumbnail","6":"product_brand-amazon","7":"product_cat-electronicos","8":"product_tag-1358","10":"first","11":"outofstock","12":"shipping-taxable","13":"purchasable","14":"product-type-simple"},"_links":{"self":[{"href":"https:\/\/brandss.com.py\/index\/wp-json\/wp\/v2\/product\/92054","targetHints":{"allow":["GET"]}}],"collection":[{"href":"https:\/\/brandss.com.py\/index\/wp-json\/wp\/v2\/product"}],"about":[{"href":"https:\/\/brandss.com.py\/index\/wp-json\/wp\/v2\/types\/product"}],"replies":[{"embeddable":true,"href":"https:\/\/brandss.com.py\/index\/wp-json\/wp\/v2\/comments?post=92054"}],"version-history":[{"count":1,"href":"https:\/\/brandss.com.py\/index\/wp-json\/wp\/v2\/product\/92054\/revisions"}],"predecessor-version":[{"id":92060,"href":"https:\/\/brandss.com.py\/index\/wp-json\/wp\/v2\/product\/92054\/revisions\/92060"}],"wp:featuredmedia":[{"embeddable":true,"href":"https:\/\/brandss.com.py\/index\/wp-json\/wp\/v2\/media\/92055"}],"wp:attachment":[{"href":"https:\/\/brandss.com.py\/index\/wp-json\/wp\/v2\/media?parent=92054"}],"wp:term":[{"taxonomy":"product_brand","embeddable":true,"href":"https:\/\/brandss.com.py\/index\/wp-json\/wp\/v2\/product_brand?post=92054"},{"taxonomy":"product_cat","embeddable":true,"href":"https:\/\/brandss.com.py\/index\/wp-json\/wp\/v2\/product_cat?post=92054"},{"taxonomy":"product_tag","embeddable":true,"href":"https:\/\/brandss.com.py\/index\/wp-json\/wp\/v2\/product_tag?post=92054"}],"curies":[{"name":"wp","href":"https:\/\/api.w.org\/{rel}","templated":true}]}}