{"id":92083,"date":"2025-10-14T17:25:31","date_gmt":"2025-10-14T17:25:31","guid":{"rendered":"https:\/\/brandss.com.py\/index\/?post_type=product&#038;p=92083"},"modified":"2026-03-06T13:09:01","modified_gmt":"2026-03-06T13:09:01","slug":"auricular-jbl-quantum-50-in-ear-gaming-black","status":"publish","type":"product","link":"https:\/\/brandss.com.py\/index\/producto\/auricular-jbl-quantum-50-in-ear-gaming-black\/","title":{"rendered":"AURICULAR JBL QUANTUM 50 IN-EAR GAMING BLACK"},"content":{"rendered":"<p><img loading=\"lazy\" decoding=\"async\" class=\"\" src=\"https:\/\/cdn.freebiesupply.com\/logos\/large\/2x\/jbl-2-logo-black-and-white.png\" alt=\"JBL Logo PNG Transparent &amp; SVG Vector - Freebie Supply\" width=\"105\" height=\"105\" \/><\/p>\n<h1>QUANTUM 50<\/h1>\n<h4><em>Sound is Survival<\/em><\/h4>\n<div class=\"spec-row\"><span class=\"spec-key -full\">Todos los sonidos cuentan y JBL QuantumSOUND Signature te permite escuchar a tus amigos y enemigos mejor que nunca. Hechos para el m\u00f3vil, pero compatibles con cualquier plataforma. Te proporcionan confort y estabilidad gracias a la tecnolog\u00eda Twistlock\u2122: toma asiento y prep\u00e1rate para horas de uso. C\u00e9ntrate en la partida y en nada m\u00e1s gracias al completo controlador integrado en el cable, con bot\u00f3n deslizante para el volumen, bot\u00f3n para silenciar el micr\u00f3fono y bot\u00f3n multifunci\u00f3n separados que te permiten gestionar las llamadas y la m\u00fasica. Elige el color que mejor vaya contigo. Un sonido n\u00edtido y la cabeza despejada. Ya lo tienes.<\/span><\/div>\n<div>\n<div class=\"expanded-feature -lifestyle in-view\">\n<div class=\"imagery\"><img loading=\"lazy\" decoding=\"async\" class=\"alignleft\" src=\"https:\/\/uy.jbl.com\/on\/demandware.static\/-\/Sites-masterCatalog_Harman\/default\/dw91933651\/pdp\/JBL_Quantum_50_Lifestyle1.png\" alt=\"JBL QuantumSOUND Signature\" width=\"500\" height=\"310\" data-src=\"\/on\/demandware.static\/-\/Sites-masterCatalog_Harman\/default\/dw91933651\/pdp\/JBL_Quantum_50_Lifestyle1.png\" \/><\/div>\n<div class=\"copy\">\n<h3><\/h3>\n<h3><\/h3>\n<h3>JBL QuantumSOUND Signature<\/h3>\n<p>Con drivers de 8,6\u00a0mm con JBL QuantumSOUND Signature, escuchar\u00e1s a tus amigos y enemigos mejor que nunca. Sum\u00e9rgete en el mundo de los juegos para m\u00f3vil. Escucha hasta el m\u00e1s m\u00ednimo detalle. Juega para ganar.<\/p>\n<\/div>\n<\/div>\n<div class=\"expanded-feature -lifestyle in-view\">\n<div class=\"imagery\"><img loading=\"lazy\" decoding=\"async\" class=\"alignright\" src=\"https:\/\/uy.jbl.com\/on\/demandware.static\/-\/Sites-masterCatalog_Harman\/default\/dw30566b78\/pdp\/JBL_Quantum_50_Lifestyle2.png\" alt=\"Control total gracias al bot\u00f3n deslizante de volumen y de silenciar el micr\u00f3fono\" width=\"500\" height=\"310\" data-src=\"\/on\/demandware.static\/-\/Sites-masterCatalog_Harman\/default\/dw30566b78\/pdp\/JBL_Quantum_50_Lifestyle2.png\" \/><\/div>\n<div class=\"copy\">\n<h3><\/h3>\n<h3><\/h3>\n<h3><\/h3>\n<h3>Control total gracias al bot\u00f3n deslizante de volumen y de silenciar el micr\u00f3fono<\/h3>\n<p>Cuando est\u00e1s en medio de una partida, est\u00e1s en medio de una partida. Olv\u00eddate de controles dif\u00edciles. Lo tienes f\u00e1cil con un bot\u00f3n deslizante para el volumen, un bot\u00f3n para silenciar el micr\u00f3fono y un bot\u00f3n multifunci\u00f3n separados.<\/p>\n<\/div>\n<\/div>\n<div class=\"expanded-feature -lifestyle not-in-view\">\n<div class=\"imagery\"><img loading=\"lazy\" decoding=\"async\" class=\"alignleft\" src=\"https:\/\/uy.jbl.com\/on\/demandware.static\/-\/Sites-masterCatalog_Harman\/default\/dw1eca7591\/pdp\/JBL_Quantum_50_Lifestyle3.png\" alt=\"Micr\u00f3fono para voz integrado en el cable\" width=\"500\" height=\"310\" data-src=\"\/on\/demandware.static\/-\/Sites-masterCatalog_Harman\/default\/dw1eca7591\/pdp\/JBL_Quantum_50_Lifestyle3.png\" \/><\/div>\n<div class=\"copy\">\n<h3><\/h3>\n<h3><\/h3>\n<h3>Micr\u00f3fono para voz integrado en el cable<\/h3>\n<p>Optimizado para partidas multijugador. El micr\u00f3fono est\u00e1 cerca de la boca y separado del resto de controles para captar tu voz a la perfecci\u00f3n.<\/p>\n<\/div>\n<div class=\"spec-accordion  -active\">\n<h3><\/h3>\n<h3>Caracter\u00edsticas generales<\/h3>\n<div class=\"accordion-content\">\n<div class=\"spec-row\"><span class=\"spec-key\">Driver (mm): <\/span><span class=\"spec-value\">8.6<\/span><\/div>\n<\/div>\n<\/div>\n<div class=\"spec-accordion  -active\">\n<h3>Caracter\u00edsticas Audio<\/h3>\n<div class=\"accordion-content\">\n<div class=\"spec-row\"><span class=\"spec-key\">Sensibilidad del driver a 1kHz1mW (dB): <\/span><span class=\"spec-value\">97<\/span><\/div>\n<div class=\"spec-row\"><span class=\"spec-key\">Respuesta de frecuencia din\u00e1mica: <\/span><span class=\"spec-value\">20 Hz &#8211; 20 kHz<\/span><\/div>\n<div class=\"spec-row\"><span class=\"spec-key\">Impedancia de entrada (ohms): <\/span><span class=\"spec-value\">16<\/span><\/div>\n<\/div>\n<\/div>\n<div class=\"spec-accordion  -active\">\n<h3>Medidas<\/h3>\n<div class=\"accordion-content\">\n<div class=\"spec-row\"><span class=\"spec-key\">Peso (g): <\/span><span class=\"spec-value\">21.5<\/span><\/div>\n<div class=\"spec-row\"><span class=\"spec-key\">Peso (oz): <\/span><span class=\"spec-value\">.76<\/span><\/div>\n<\/div>\n<\/div>\n<div class=\"spec-accordion  -active\">\n<h3>Caracter\u00edsticas<\/h3>\n<div class=\"accordion-content\">\n<div class=\"spec-row\"><span class=\"spec-key\">Micr\u00f3fono integrado: <\/span><span class=\"spec-value\">S\u00ed<\/span><\/div>\n<div class=\"spec-row\"><span class=\"spec-key\">Twistlock: <\/span><span class=\"spec-value\">S\u00ed<\/span><\/div>\n<\/div>\n<\/div>\n<div class=\"spec-accordion -active\">\n<h3>Contenido de la caja<\/h3>\n<div class=\"accordion-content\">\n<div class=\"box-contents\">\n<ul class=\"bulleted\">\n<li>Auriculares JBL Quantum 50<\/li>\n<li>Alerones L\/R (izquierda\/derecha)<\/li>\n<li>Almohadillas de silicona en tres tama\u00f1os (S, M, L)<\/li>\n<li>GU\u00cdA DE INICIO R\u00c1PIDO | TARJETA DE GARANT\u00cdA | TARJETA DE ADVERTENCIAS<\/li>\n<\/ul>\n<\/div>\n<\/div>\n<\/div>\n<\/div>\n<\/div>\n","protected":false},"excerpt":{"rendered":"<p>QUANTUM 50 Sound is Survival Todos los sonidos cuentan y JBL QuantumSOUND Signature te permite escuchar a tus amigos y<\/p>\n","protected":false},"featured_media":92084,"comment_status":"open","ping_status":"closed","template":"","meta":{"nf_dc_page":""},"product_brand":[541],"product_cat":[89],"product_tag":[1006],"class_list":{"0":"post-92083","1":"product","2":"type-product","3":"status-publish","4":"has-post-thumbnail","6":"product_brand-jbl","7":"product_cat-electronicos","8":"product_tag-1006","10":"first","11":"outofstock","12":"shipping-taxable","13":"purchasable","14":"product-type-simple"},"_links":{"self":[{"href":"https:\/\/brandss.com.py\/index\/wp-json\/wp\/v2\/product\/92083","targetHints":{"allow":["GET"]}}],"collection":[{"href":"https:\/\/brandss.com.py\/index\/wp-json\/wp\/v2\/product"}],"about":[{"href":"https:\/\/brandss.com.py\/index\/wp-json\/wp\/v2\/types\/product"}],"replies":[{"embeddable":true,"href":"https:\/\/brandss.com.py\/index\/wp-json\/wp\/v2\/comments?post=92083"}],"version-history":[{"count":1,"href":"https:\/\/brandss.com.py\/index\/wp-json\/wp\/v2\/product\/92083\/revisions"}],"predecessor-version":[{"id":92092,"href":"https:\/\/brandss.com.py\/index\/wp-json\/wp\/v2\/product\/92083\/revisions\/92092"}],"wp:featuredmedia":[{"embeddable":true,"href":"https:\/\/brandss.com.py\/index\/wp-json\/wp\/v2\/media\/92084"}],"wp:attachment":[{"href":"https:\/\/brandss.com.py\/index\/wp-json\/wp\/v2\/media?parent=92083"}],"wp:term":[{"taxonomy":"product_brand","embeddable":true,"href":"https:\/\/brandss.com.py\/index\/wp-json\/wp\/v2\/product_brand?post=92083"},{"taxonomy":"product_cat","embeddable":true,"href":"https:\/\/brandss.com.py\/index\/wp-json\/wp\/v2\/product_cat?post=92083"},{"taxonomy":"product_tag","embeddable":true,"href":"https:\/\/brandss.com.py\/index\/wp-json\/wp\/v2\/product_tag?post=92083"}],"curies":[{"name":"wp","href":"https:\/\/api.w.org\/{rel}","templated":true}]}}