{"id":92133,"date":"2025-10-15T13:50:08","date_gmt":"2025-10-15T13:50:08","guid":{"rendered":"https:\/\/brandss.com.py\/index\/?post_type=product&#038;p=92133"},"modified":"2026-03-06T13:01:33","modified_gmt":"2026-03-06T13:01:33","slug":"microfono-inalambrico-telesin-lavalier-p5-mcp-01-tipo-c-ios-android","status":"publish","type":"product","link":"https:\/\/brandss.com.py\/index\/producto\/microfono-inalambrico-telesin-lavalier-p5-mcp-01-tipo-c-ios-android\/","title":{"rendered":"MICR\u00d3FONO INAL\u00c1MBRICO TELESIN LAVALIER P5-MCP-01 TIPO-C IOS\/ANDROID"},"content":{"rendered":"<p><img loading=\"lazy\" decoding=\"async\" class=\"\" src=\"https:\/\/movidis.nl\/wp-content\/uploads\/2022\/02\/TELESIN-LOGO-600x180-2.png\" alt=\"Telesin-Movidis\" width=\"177\" height=\"53\" \/><\/p>\n<h1>LAVALIER P5-MCP-01<\/h1>\n<p>Este micr\u00f3fono inal\u00e1mbrico ofrece una grabaci\u00f3n de calidad profesional. Es f\u00e1cil de usar, no requiere aplicaci\u00f3n y tiene m\u00faltiples usos: ideal para webcasting, grabaci\u00f3n de videoblogs, entrevistas, grabaci\u00f3n de entrevistas, videoconferencias y otras ocasiones.<\/p>\n<h5><span class=\"a-list-item\">Calidad de sonido pura con reducci\u00f3n de ruido con un solo clic<img decoding=\"async\" class=\"alignleft\" src=\"https:\/\/m.media-amazon.com\/images\/S\/aplus-media-library-service-media\/24838637-5912-4bc4-bca1-70038fdab06f.__CR0,0,600,450_PT0_SX600_V1___.png\" \/><\/span><\/h5>\n<p><span class=\"a-list-item\">El micr\u00f3fono inal\u00e1mbrico con clip TELESIN cuenta con una frecuencia de muestreo de 24 bits de 48 KHz y cancelaci\u00f3n de ruido de un solo toque. Con una relaci\u00f3n se\u00f1al\/ruido de 70 dB, mejora la pureza del sonido al reducir las interferencias, mientras que su nivel de presi\u00f3n ac\u00fastica de 110 dB garantiza una tolerancia excepcional para audio sin distorsiones, incluso a grandes vol\u00famenes<\/span><\/p>\n<h5><span class=\"a-list-item\">Excepcional duraci\u00f3n de la bater\u00eda<\/span><\/h5>\n<p><span class=\"a-list-item\">Disfruta de hasta 18 horas de uso prolongado. Cada micr\u00f3fono dura hasta 6 horas con una sola carga, mientras que la funda completamente cargada a\u00f1ade 12 horas adicionales de tiempo de funcionamiento. La funda de carga se recarga completamente en solo 1.5 horas, manteni\u00e9ndote encendido y listo para usar<\/span><\/p>\n<h5><span class=\"a-list-item\">Amplia compatibilidad<\/span><\/h5>\n<p><span class=\"a-list-item\">El micr\u00f3fono inal\u00e1mbrico TELESIN es universalmente compatible con cualquier dispositivo USB-C, incluyendo iPhone 15 serie 16, c\u00e1maras, tel\u00e9fonos inteligentes Android, tabletas y PC<\/span><\/p>\n<h5><span class=\"a-list-item\">Rango de audio de 656 pies<\/span><\/h5>\n<p><span class=\"a-list-item\">El micr\u00f3fono inal\u00e1mbrico TELESIN ofrece un impresionante rango de captaci\u00f3n de 656.2 ft, asegurando una captura de audio clara incluso a largas distancias. Equipado con una antena grabada con l\u00e1ser de precisi\u00f3n, ofrece una transmisi\u00f3n estable para transmisiones en vivo al aire libre, senderismo o aventuras de campamento<\/span><\/p>\n<h5><span class=\"a-list-item\">\u00bfQu\u00e9 hay en el paquete?<\/span><\/h5>\n<p><span class=\"a-list-item\"> &#8211; 1 estuche de carga, 1 receptor, 2 micr\u00f3fonos tipo C, 2 hebillas magn\u00e9ticas, 2 clips magn\u00e9ticos, 1 cable de datos, 2 cubiertas resistentes al viento, 1 bolsa de almacenamiento. El clip magn\u00e9tico y la hebilla magn\u00e9tica pueden proporcionar una variedad de m\u00e9todos de uso para satisfacer con precisi\u00f3n las necesidades de la escena<\/span><\/p>\n<h2><span dir=\"auto\">Especificaciones t\u00e9cnicas<\/span><\/h2>\n<table>\n<tbody>\n<tr>\n<td><span dir=\"auto\">Compatibilidad<\/span><\/td>\n<td><span dir=\"auto\">iPhone 16\/15, tel\u00e9fonos Android<\/span><\/td>\n<\/tr>\n<tr>\n<td><span dir=\"auto\">Puerto de conexi\u00f3n<\/span><\/td>\n<td><span dir=\"auto\">Tipo C<\/span><\/td>\n<\/tr>\n<tr>\n<td><span dir=\"auto\">Rango<\/span><\/td>\n<td><span dir=\"auto\">200 m (en caso de visibilidad directa)<\/span><\/td>\n<\/tr>\n<tr>\n<td><span dir=\"auto\">Rango de frecuencia<\/span><\/td>\n<td><span dir=\"auto\">20 Hz-20 kHz<\/span><\/td>\n<\/tr>\n<tr>\n<td><span dir=\"auto\">Frecuencia de muestreo<\/span><\/td>\n<td><span dir=\"auto\">24 bits 48 kHz<\/span><\/td>\n<\/tr>\n<tr>\n<td><span dir=\"auto\">Demora<\/span><\/td>\n<td><span dir=\"auto\">24 ms<\/span><\/td>\n<\/tr>\n<tr>\n<td><span dir=\"auto\">Reducci\u00f3n de ruido<\/span><\/td>\n<td><span dir=\"auto\">Protecci\u00f3n activa y pasiva contra el viento<\/span><\/td>\n<\/tr>\n<tr>\n<td><span dir=\"auto\">Relaci\u00f3n se\u00f1al-ruido<\/span><\/td>\n<td><span dir=\"auto\">m\u00e1s de 70 dB<\/span><\/td>\n<\/tr>\n<tr>\n<td><span dir=\"auto\">Estuche\u00a0para bater\u00eda<\/span><br \/>\n<span dir=\"auto\">de micr\u00f3fono<\/span><\/td>\n<td>\n<span dir=\"auto\">65 mAh<\/span><br \/>\n<span dir=\"auto\">300 mAh<\/span><\/td>\n<\/tr>\n<tr>\n<td><span dir=\"auto\">Soporte para micr\u00f3fono<\/span><\/td>\n<td><span dir=\"auto\">clip, im\u00e1n<\/span><\/td>\n<\/tr>\n<tr>\n<td><span dir=\"auto\">Material<\/span><\/td>\n<td><span dir=\"auto\">pl\u00e1stico<\/span><\/td>\n<\/tr>\n<tr>\n<td><span dir=\"auto\">Dimensiones<\/span><br \/>\n<span dir=\"auto\">de\u00a0la caja<\/span><br \/>\n<span dir=\"auto\">del receptor del micr\u00f3fono<\/span><\/td>\n<td>\n<span dir=\"auto\">26 \u00d7 25 \u00d7 12 mm<\/span><br \/>\n<span dir=\"auto\">34 \u00d7 25 \u00d7 9 mm<\/span><br \/>\n<span dir=\"auto\">75 \u00d7 42 \u00d7 36 mm<\/span><\/td>\n<\/tr>\n<tr>\n<td><span dir=\"auto\">Estuche\u00a0receptor<\/span><br \/>\n<span dir=\"auto\">de micr\u00f3fono\u00a0de peso<\/span><\/td>\n<td><span dir=\"auto\">9 g<\/span><br \/>\n<span dir=\"auto\">5 g<\/span><br \/>\n<span dir=\"auto\">43 g<\/span><\/td>\n<\/tr>\n<\/tbody>\n<\/table>\n<p>&nbsp;<\/p>\n","protected":false},"excerpt":{"rendered":"<p>LAVALIER P5-MCP-01 Este micr\u00f3fono inal\u00e1mbrico ofrece una grabaci\u00f3n de calidad profesional. Es f\u00e1cil de usar, no requiere aplicaci\u00f3n y tiene<\/p>\n","protected":false},"featured_media":92134,"comment_status":"open","ping_status":"closed","template":"","meta":{"nf_dc_page":""},"product_brand":[1009],"product_cat":[89],"product_tag":[1011],"class_list":{"0":"post-92133","1":"product","2":"type-product","3":"status-publish","4":"has-post-thumbnail","6":"product_brand-telesin","7":"product_cat-electronicos","8":"product_tag-1011","10":"first","11":"outofstock","12":"shipping-taxable","13":"purchasable","14":"product-type-simple"},"_links":{"self":[{"href":"https:\/\/brandss.com.py\/index\/wp-json\/wp\/v2\/product\/92133","targetHints":{"allow":["GET"]}}],"collection":[{"href":"https:\/\/brandss.com.py\/index\/wp-json\/wp\/v2\/product"}],"about":[{"href":"https:\/\/brandss.com.py\/index\/wp-json\/wp\/v2\/types\/product"}],"replies":[{"embeddable":true,"href":"https:\/\/brandss.com.py\/index\/wp-json\/wp\/v2\/comments?post=92133"}],"version-history":[{"count":1,"href":"https:\/\/brandss.com.py\/index\/wp-json\/wp\/v2\/product\/92133\/revisions"}],"predecessor-version":[{"id":92146,"href":"https:\/\/brandss.com.py\/index\/wp-json\/wp\/v2\/product\/92133\/revisions\/92146"}],"wp:featuredmedia":[{"embeddable":true,"href":"https:\/\/brandss.com.py\/index\/wp-json\/wp\/v2\/media\/92134"}],"wp:attachment":[{"href":"https:\/\/brandss.com.py\/index\/wp-json\/wp\/v2\/media?parent=92133"}],"wp:term":[{"taxonomy":"product_brand","embeddable":true,"href":"https:\/\/brandss.com.py\/index\/wp-json\/wp\/v2\/product_brand?post=92133"},{"taxonomy":"product_cat","embeddable":true,"href":"https:\/\/brandss.com.py\/index\/wp-json\/wp\/v2\/product_cat?post=92133"},{"taxonomy":"product_tag","embeddable":true,"href":"https:\/\/brandss.com.py\/index\/wp-json\/wp\/v2\/product_tag?post=92133"}],"curies":[{"name":"wp","href":"https:\/\/api.w.org\/{rel}","templated":true}]}}