{"id":92147,"date":"2025-10-15T14:45:57","date_gmt":"2025-10-15T14:45:57","guid":{"rendered":"https:\/\/brandss.com.py\/index\/?post_type=product&#038;p=92147"},"modified":"2025-10-15T14:46:44","modified_gmt":"2025-10-15T14:46:44","slug":"tripode-mini-telesin-ws-22005-selfie-stick-magnetic","status":"publish","type":"product","link":"https:\/\/brandss.com.py\/index\/producto\/tripode-mini-telesin-ws-22005-selfie-stick-magnetic\/","title":{"rendered":"TRIPODE MINI TELESIN WS-22005 SELFIE STICK MAGNETIC"},"content":{"rendered":"<p><img loading=\"lazy\" decoding=\"async\" class=\"\" src=\"https:\/\/movidis.nl\/wp-content\/uploads\/2022\/02\/TELESIN-LOGO-600x180-2.png\" alt=\"Telesin-Movidis\" width=\"153\" height=\"46\" \/><\/p>\n<h1>WS-22005 SELFIE STICK<\/h1>\n<p data-start=\"125\" data-end=\"557\"><span dir=\"auto\">El WS\u201122005 es un palo selfie magn\u00e9tico compacto y multifuncional con control remoto Bluetooth integrado y funci\u00f3n de tr\u00edpode. Dise\u00f1ado para usuarios de smartphones modernos, cuenta con un potente soporte magn\u00e9tico para una r\u00e1pida fijaci\u00f3n, un eje telesc\u00f3pico de aluminio y patas de tr\u00edpode plegables con base antideslizante. Su dise\u00f1o ligero y su configuraci\u00f3n flexible lo hacen ideal tanto para vlogs con la c\u00e1mara en mano como para grabar desde un escritorio.<\/span><\/p>\n<p data-start=\"559\" data-end=\"577\"><strong data-start=\"559\" data-end=\"575\"><span dir=\"auto\">Caracter\u00edsticas principales<img loading=\"lazy\" decoding=\"async\" class=\"alignleft\" src=\"https:\/\/bornnordic.com\/pub\/media\/catalog\/product\/cache\/74c1057f7991b4edb2bc7bdaa94de933\/w\/s\/ws-22005_telesin-mini-magnetic-selfie-stick-for-phones-7.jpg\" width=\"589\" height=\"589\" \/><\/span><\/strong><\/p>\n<ul data-start=\"578\" data-end=\"1153\">\n<li data-start=\"578\" data-end=\"676\">\n<p data-start=\"580\" data-end=\"676\"><strong data-start=\"580\" data-end=\"596\"><span dir=\"auto\">Dise\u00f1o 2 en 1<\/span><\/strong><span dir=\"auto\">\u00a0: funciona como palo para selfies y como tr\u00edpode estable con patas de metal plegables.<\/span><\/p>\n<\/li>\n<li data-start=\"677\" data-end=\"822\">\n<p data-start=\"679\" data-end=\"822\"><strong data-start=\"679\" data-end=\"703\"><span dir=\"auto\">Soporte magn\u00e9tico para tel\u00e9fono<\/span><\/strong><span dir=\"auto\">\u00a0: admite iPhone 12 y modelos m\u00e1s nuevos a trav\u00e9s de imanes integrados compatibles con MagSafe e incluye un anillo magn\u00e9tico para otros dispositivos.<\/span><\/p>\n<\/li>\n<li data-start=\"823\" data-end=\"929\">\n<p data-start=\"825\" data-end=\"929\"><strong data-start=\"825\" data-end=\"849\"><span dir=\"auto\">Posicionamiento flexible<\/span><\/strong><span dir=\"auto\">\u00a0: rotaci\u00f3n de 360\u00b0 e inclinaci\u00f3n de 180\u00b0 para un encuadre perfecto en cualquier \u00e1ngulo u orientaci\u00f3n.<\/span><\/p>\n<\/li>\n<li data-start=\"930\" data-end=\"1034\">\n<p data-start=\"932\" data-end=\"1034\"><strong data-start=\"932\" data-end=\"952\"><span dir=\"auto\">Control remoto Bluetooth<\/span><\/strong><span dir=\"auto\">\u00a0: control de obturador inal\u00e1mbrico incorporado con un alcance de hasta 10 m, recargable a trav\u00e9s de USB.<\/span><\/p>\n<\/li>\n<li data-start=\"1035\" data-end=\"1153\">\n<p data-start=\"1037\" data-end=\"1153\"><strong data-start=\"1037\" data-end=\"1061\"><span dir=\"auto\">Port\u00e1til y duradero<\/span><\/strong><span dir=\"auto\">\u00a0: Fabricado en ABS, PC y aleaci\u00f3n de aluminio. Ligero y plegable para facilitar su transporte.<\/span><\/p>\n<\/li>\n<\/ul>\n<p>&nbsp;<\/p>\n<p>&nbsp;<\/p>\n<p>&nbsp;<\/p>\n<h3 data-start=\"1155\" data-end=\"1175\"><strong data-start=\"1155\" data-end=\"1173\"><span dir=\"auto\">Caracter\u00edsticas<\/span><\/strong><\/h3>\n<div class=\"_tableContainer_80l1q_1\">\n<div class=\"_tableWrapper_80l1q_14 group flex w-fit flex-col-reverse\">\n<table class=\"w-fit min-w-(--thread-content-width)\" data-start=\"1176\" data-end=\"2109\">\n<thead data-start=\"1176\" data-end=\"1246\">\n<tr data-start=\"1176\" data-end=\"1246\">\n<th data-start=\"1176\" data-end=\"1200\" data-col-size=\"sm\"><span dir=\"auto\">Especificaci\u00f3n<\/span><\/th>\n<th data-start=\"1200\" data-end=\"1246\" data-col-size=\"sm\"><span dir=\"auto\">Detalles<\/span><\/th>\n<\/tr>\n<\/thead>\n<tbody data-start=\"1320\" data-end=\"2109\">\n<tr data-start=\"1320\" data-end=\"1391\">\n<td data-start=\"1320\" data-end=\"1344\" data-col-size=\"sm\"><span dir=\"auto\">C\u00f3digo SKU<\/span><\/td>\n<td data-col-size=\"sm\" data-start=\"1344\" data-end=\"1391\"><span dir=\"auto\">WS\u201122005<\/span><\/td>\n<\/tr>\n<tr data-start=\"1392\" data-end=\"1463\">\n<td data-start=\"1392\" data-end=\"1416\" data-col-size=\"sm\"><span dir=\"auto\">Materiales<\/span><\/td>\n<td data-col-size=\"sm\" data-start=\"1416\" data-end=\"1463\"><span dir=\"auto\">ABS, PC, aleaci\u00f3n de aluminio<\/span><\/td>\n<\/tr>\n<tr data-start=\"1464\" data-end=\"1535\">\n<td data-start=\"1464\" data-end=\"1488\" data-col-size=\"sm\"><span dir=\"auto\">Longitud plegada<\/span><\/td>\n<td data-col-size=\"sm\" data-start=\"1488\" data-end=\"1535\"><span dir=\"auto\">167 mil\u00edmetros<\/span><\/td>\n<\/tr>\n<tr data-start=\"1536\" data-end=\"1607\">\n<td data-start=\"1536\" data-end=\"1560\" data-col-size=\"sm\"><span dir=\"auto\">Longitud extendida<\/span><\/td>\n<td data-col-size=\"sm\" data-start=\"1560\" data-end=\"1607\"><span dir=\"auto\">690 mil\u00edmetros<\/span><\/td>\n<\/tr>\n<tr data-start=\"1608\" data-end=\"1679\">\n<td data-start=\"1608\" data-end=\"1632\" data-col-size=\"sm\"><span dir=\"auto\">Peso<\/span><\/td>\n<td data-col-size=\"sm\" data-start=\"1632\" data-end=\"1679\"><span dir=\"auto\">~193 gramos<\/span><\/td>\n<\/tr>\n<tr data-start=\"1680\" data-end=\"1751\">\n<td data-start=\"1680\" data-end=\"1704\" data-col-size=\"sm\"><span dir=\"auto\">Tipo de montaje<\/span><\/td>\n<td data-col-size=\"sm\" data-start=\"1704\" data-end=\"1751\"><span dir=\"auto\">Magn\u00e9tico + anillo magn\u00e9tico incluido<\/span><\/td>\n<\/tr>\n<tr data-start=\"1752\" data-end=\"1823\">\n<td data-start=\"1752\" data-end=\"1776\" data-col-size=\"sm\"><span dir=\"auto\">Rotaci\u00f3n<\/span><\/td>\n<td data-col-size=\"sm\" data-start=\"1776\" data-end=\"1823\"><span dir=\"auto\">Giro de 360\u00b0 \/ inclinaci\u00f3n de 180\u00b0<\/span><\/td>\n<\/tr>\n<tr data-start=\"1824\" data-end=\"1895\">\n<td data-start=\"1824\" data-end=\"1848\" data-col-size=\"sm\"><span dir=\"auto\">Control remoto Bluetooth<\/span><\/td>\n<td data-col-size=\"sm\" data-start=\"1848\" data-end=\"1895\"><span dir=\"auto\">S\u00ed (hasta 10 m de alcance)<\/span><\/td>\n<\/tr>\n<tr data-start=\"1896\" data-end=\"1967\">\n<td data-start=\"1896\" data-end=\"1920\" data-col-size=\"sm\"><span dir=\"auto\">Bater\u00eda<\/span><\/td>\n<td data-col-size=\"sm\" data-start=\"1920\" data-end=\"1967\"><span dir=\"auto\">120 mAh recargable<\/span><\/td>\n<\/tr>\n<tr data-start=\"1968\" data-end=\"2039\">\n<td data-start=\"1968\" data-end=\"1992\" data-col-size=\"sm\"><span dir=\"auto\">Patas de tr\u00edpode<\/span><\/td>\n<td data-col-size=\"sm\" data-start=\"1992\" data-end=\"2039\"><span dir=\"auto\">Metal con pies de silicona antideslizantes.<\/span><\/td>\n<\/tr>\n<tr data-start=\"2040\" data-end=\"2109\">\n<td data-start=\"2040\" data-end=\"2064\" data-col-size=\"sm\"><span dir=\"auto\">Compatibilidad<\/span><\/td>\n<td data-col-size=\"sm\" data-start=\"2064\" data-end=\"2109\"><span dir=\"auto\">iPhone 12 y posteriores \/ Fundas magn\u00e9ticas<\/span><\/td>\n<\/tr>\n<\/tbody>\n<\/table>\n<\/div>\n<\/div>\n","protected":false},"excerpt":{"rendered":"<p>WS-22005 SELFIE STICK El WS\u201122005 es un palo selfie magn\u00e9tico compacto y multifuncional con control remoto Bluetooth integrado y funci\u00f3n<\/p>\n","protected":false},"featured_media":92148,"comment_status":"open","ping_status":"closed","template":"","meta":{"nf_dc_page":""},"product_brand":[1009],"product_cat":[89],"product_tag":[1012],"class_list":{"0":"post-92147","1":"product","2":"type-product","3":"status-publish","4":"has-post-thumbnail","6":"product_brand-telesin","7":"product_cat-electronicos","8":"product_tag-1012","10":"first","11":"instock","12":"shipping-taxable","13":"purchasable","14":"product-type-simple"},"_links":{"self":[{"href":"https:\/\/brandss.com.py\/index\/wp-json\/wp\/v2\/product\/92147","targetHints":{"allow":["GET"]}}],"collection":[{"href":"https:\/\/brandss.com.py\/index\/wp-json\/wp\/v2\/product"}],"about":[{"href":"https:\/\/brandss.com.py\/index\/wp-json\/wp\/v2\/types\/product"}],"replies":[{"embeddable":true,"href":"https:\/\/brandss.com.py\/index\/wp-json\/wp\/v2\/comments?post=92147"}],"version-history":[{"count":1,"href":"https:\/\/brandss.com.py\/index\/wp-json\/wp\/v2\/product\/92147\/revisions"}],"predecessor-version":[{"id":92168,"href":"https:\/\/brandss.com.py\/index\/wp-json\/wp\/v2\/product\/92147\/revisions\/92168"}],"wp:featuredmedia":[{"embeddable":true,"href":"https:\/\/brandss.com.py\/index\/wp-json\/wp\/v2\/media\/92148"}],"wp:attachment":[{"href":"https:\/\/brandss.com.py\/index\/wp-json\/wp\/v2\/media?parent=92147"}],"wp:term":[{"taxonomy":"product_brand","embeddable":true,"href":"https:\/\/brandss.com.py\/index\/wp-json\/wp\/v2\/product_brand?post=92147"},{"taxonomy":"product_cat","embeddable":true,"href":"https:\/\/brandss.com.py\/index\/wp-json\/wp\/v2\/product_cat?post=92147"},{"taxonomy":"product_tag","embeddable":true,"href":"https:\/\/brandss.com.py\/index\/wp-json\/wp\/v2\/product_tag?post=92147"}],"curies":[{"name":"wp","href":"https:\/\/api.w.org\/{rel}","templated":true}]}}