{"id":92188,"date":"2025-10-15T19:01:55","date_gmt":"2025-10-15T19:01:55","guid":{"rendered":"https:\/\/brandss.com.py\/index\/?post_type=product&#038;p=92188"},"modified":"2025-10-21T14:10:35","modified_gmt":"2025-10-21T14:10:35","slug":"luz-magnetico-telesin-selfie-right-light-s5-bgd-01-c03","status":"publish","type":"product","link":"https:\/\/brandss.com.py\/index\/producto\/luz-magnetico-telesin-selfie-right-light-s5-bgd-01-c03\/","title":{"rendered":"LUZ MAGN\u00c9TICO TELESIN SELFIE RIGHT LIGHT S5-BGD-01 C03"},"content":{"rendered":"<p><img loading=\"lazy\" decoding=\"async\" class=\"\" src=\"https:\/\/movidis.nl\/wp-content\/uploads\/2022\/02\/TELESIN-LOGO-600x180-2.png\" alt=\"Telesin-Movidis\" width=\"147\" height=\"44\" \/><\/p>\n<h1>SELFIE RIGHT LIGHT<\/h1>\n<p id=\"title\" class=\"a-size-large a-spacing-none\"><span id=\"productTitle\" class=\"a-size-large product-title-word-break\"><span dir=\"auto\">Luz magn\u00e9tica para selfies TELESIN compatible con iPhone Magsafe, anillo de luz LED de 360\u00b0 con anillo adhesivo para selfies, fotograf\u00eda, llamadas de Zoom y videoconferencias.<\/span><\/span><\/p>\n<h5><span class=\"a-list-item\"><span dir=\"auto\">Mejora tu fotograf\u00eda<img loading=\"lazy\" decoding=\"async\" class=\"alignleft\" src=\"https:\/\/cdn.shopify.com\/s\/files\/1\/0571\/8648\/4422\/files\/8_956a1f73-e38a-4a53-9558-b4eeda23b038.jpg?v=1731917837\" width=\"592\" height=\"366\" \/><\/span><\/span><\/h5>\n<p><span class=\"a-list-item\"><span dir=\"auto\">Mejora tu fotograf\u00eda con la luz de relleno magn\u00e9tica TELESIN, un aliado confiable para fotos, selfies, videos, vlogs y sesiones de maquillaje. Compatible con iPhone 16\/15\/14\/13\/12\/11 y otros tel\u00e9fonos sin MagSafe. Es recargable, port\u00e1til y tan compacta que cabe en tu bolsillo.<\/span><\/span><\/p>\n<h5><span class=\"a-list-item\"><span dir=\"auto\">Calidad de foto mejorada<\/span><\/span><\/h5>\n<p><span class=\"a-list-item\"><span dir=\"auto\">La luz para selfies del tel\u00e9fono cuenta con tres temperaturas de color suaves (fr\u00edo, natural y c\u00e1lido) ajustables de 2700 K a 7500 K, adem\u00e1s de un ajuste de brillo continuo del 10 % al 100 %. La luz se controla f\u00e1cilmente deslizando la rueda de ondas. Esto realza la apariencia de la piel y los ojos en tus fotos y videos, creando efectos de iluminaci\u00f3n cautivadores para un contenido visualmente impactante.<\/span><\/span><\/p>\n<h5><span class=\"a-list-item\"><span dir=\"auto\">Transformaci\u00f3n r\u00e1pida de 360\u00b0<\/span><\/span><\/h5>\n<p><span class=\"a-list-item\"><span dir=\"auto\">No es necesario girarlo, simplemente gira el aro de luz para selfies para transformarlo r\u00e1pidamente en una luz para selfies o una luz de fotograf\u00eda, mejorando la iluminaci\u00f3n de fondo. Con una cobertura de luz de relleno de 360\u00b0, es la opci\u00f3n ideal para creadores de contenido fotogr\u00e1fico.<\/span><\/span><\/p>\n<h5><span class=\"a-list-item\"><span dir=\"auto\">Pr\u00e1ctico espejo de maquillaje integrado<\/span><\/span><\/h5>\n<p><span class=\"a-list-item\"><span dir=\"auto\">La luz de relleno del tel\u00e9fono cuenta con un espejo de maquillaje de alta definici\u00f3n de 56 mm. Este espejo se puede usar con la luz de relleno para retocar tu maquillaje r\u00e1pidamente en cualquier momento y lugar, facilitando las rutinas de aseo y los ajustes r\u00e1pidos sobre la marcha.<\/span><\/span><\/p>\n<h5><span class=\"a-list-item\"><span dir=\"auto\">Compatibilidad universal todo en uno<\/span><\/span><\/h5>\n<p><span class=\"a-list-item\"><span dir=\"auto\">Nuestra luz magn\u00e9tica para selfies no solo es compatible con iPhones MagSafe, sino que tambi\u00e9n funciona con cualquier dispositivo (incluidos tel\u00e9fonos Android, port\u00e1tiles, tr\u00edpodes magn\u00e9ticos para palos de selfie y m\u00e1s) gracias al adaptador adhesivo de anillo met\u00e1lico incluido. Si tiene alguna pregunta sobre el producto, cont\u00e1ctenos.<\/span><\/span><\/p>\n<h5><span class=\"a-list-item\"><span dir=\"auto\">Luz de relleno de bolsillo para tel\u00e9fono<\/span><\/span><\/h5>\n<p><span class=\"a-list-item\"><span dir=\"auto\">Con un di\u00e1metro de 60 mm, esta luz de relleno es f\u00e1cil de guardar en su funda de transporte. Con un peso de tan solo 80 g, es ultraport\u00e1til. La bater\u00eda recargable integrada de 500 mAh proporciona hasta 45 minutos de brillo m\u00e1ximo y hasta 500 minutos de brillo m\u00ednimo.<\/span><\/span><\/p>\n<h5><span class=\"a-list-item\"><span dir=\"auto\">Opciones de soporte para tel\u00e9fono<\/span><\/span><\/h5>\n<p><span class=\"a-list-item\"><span dir=\"auto\">Esta luz se puede fijar a la parte trasera del tel\u00e9fono para ayudarte a tomar selfies, fotos o videos. Adem\u00e1s, funciona como soporte para tel\u00e9fono, proporcionando una iluminaci\u00f3n pr\u00e1ctica y estabilidad durante las videoconferencias.<\/span><\/span><\/p>\n<h3>Caraster\u00edsticas<\/h3>\n<ul>\n<li><span dir=\"auto\">Fuente de luz: LED<\/span><\/li>\n<li><span dir=\"auto\">M\u00e9todo de fijaci\u00f3n: Magn\u00e9tico<\/span><\/li>\n<li><span dir=\"auto\">Longitud de la varilla extensible: 36 mm<\/span><\/li>\n<li><span dir=\"auto\">Tama\u00f1o del espejo: 56 mm<\/span><\/li>\n<li><span dir=\"auto\">Temperatura de color: Temperatura de color ajustable en tres velocidades<\/span><\/li>\n<li><span dir=\"auto\">\u00cdndice de reproducci\u00f3n crom\u00e1tica: \u226595<\/span><\/li>\n<li><span dir=\"auto\">Iluminaci\u00f3n: 200lux a 0,5 m, \u00e1ngulo luminoso 120\u00b0<\/span><\/li>\n<li><span dir=\"auto\">Capacidad de la bater\u00eda: 500 mAh\/3,7 V<\/span><\/li>\n<li><span dir=\"auto\">Resistencia: Resistencia m\u00e1xima del brillo \u226545 minutos, resistencia m\u00ednima del brillo \u2265500 minutos<\/span><\/li>\n<li><span dir=\"auto\">Par\u00e1metros de carga: 5 W, 5 V\/1 A (carga por l\u00ednea de datos tipo C)<\/span><\/li>\n<li><span dir=\"auto\">Interfaz de carga: Tipo-C*1<\/span><\/li>\n<\/ul>\n","protected":false},"excerpt":{"rendered":"<p>SELFIE RIGHT LIGHT Luz magn\u00e9tica para selfies TELESIN compatible con iPhone Magsafe, anillo de luz LED de 360\u00b0 con anillo<\/p>\n","protected":false},"featured_media":92189,"comment_status":"open","ping_status":"closed","template":"","meta":{"nf_dc_page":""},"product_brand":[1009],"product_cat":[89],"product_tag":[1014],"class_list":{"0":"post-92188","1":"product","2":"type-product","3":"status-publish","4":"has-post-thumbnail","6":"product_brand-telesin","7":"product_cat-electronicos","8":"product_tag-1014","10":"first","11":"instock","12":"sale","13":"shipping-taxable","14":"purchasable","15":"product-type-simple"},"_links":{"self":[{"href":"https:\/\/brandss.com.py\/index\/wp-json\/wp\/v2\/product\/92188","targetHints":{"allow":["GET"]}}],"collection":[{"href":"https:\/\/brandss.com.py\/index\/wp-json\/wp\/v2\/product"}],"about":[{"href":"https:\/\/brandss.com.py\/index\/wp-json\/wp\/v2\/types\/product"}],"replies":[{"embeddable":true,"href":"https:\/\/brandss.com.py\/index\/wp-json\/wp\/v2\/comments?post=92188"}],"version-history":[{"count":1,"href":"https:\/\/brandss.com.py\/index\/wp-json\/wp\/v2\/product\/92188\/revisions"}],"predecessor-version":[{"id":92205,"href":"https:\/\/brandss.com.py\/index\/wp-json\/wp\/v2\/product\/92188\/revisions\/92205"}],"wp:featuredmedia":[{"embeddable":true,"href":"https:\/\/brandss.com.py\/index\/wp-json\/wp\/v2\/media\/92189"}],"wp:attachment":[{"href":"https:\/\/brandss.com.py\/index\/wp-json\/wp\/v2\/media?parent=92188"}],"wp:term":[{"taxonomy":"product_brand","embeddable":true,"href":"https:\/\/brandss.com.py\/index\/wp-json\/wp\/v2\/product_brand?post=92188"},{"taxonomy":"product_cat","embeddable":true,"href":"https:\/\/brandss.com.py\/index\/wp-json\/wp\/v2\/product_cat?post=92188"},{"taxonomy":"product_tag","embeddable":true,"href":"https:\/\/brandss.com.py\/index\/wp-json\/wp\/v2\/product_tag?post=92188"}],"curies":[{"name":"wp","href":"https:\/\/api.w.org\/{rel}","templated":true}]}}