{"id":92206,"date":"2025-10-16T11:52:35","date_gmt":"2025-10-16T11:52:35","guid":{"rendered":"https:\/\/brandss.com.py\/index\/?post_type=product&#038;p=92206"},"modified":"2025-10-16T11:54:28","modified_gmt":"2025-10-16T11:54:28","slug":"soporte-magnetico-telesin-p3-fs-01-para-telefono-y-tableta","status":"publish","type":"product","link":"https:\/\/brandss.com.py\/index\/producto\/soporte-magnetico-telesin-p3-fs-01-para-telefono-y-tableta\/","title":{"rendered":"SOPORTE MAGN\u00c9TICO TELESIN P3-FS-01 PARA TEL\u00c9FONO Y TABLETA"},"content":{"rendered":"<p><img loading=\"lazy\" decoding=\"async\" class=\"\" src=\"https:\/\/movidis.nl\/wp-content\/uploads\/2022\/02\/TELESIN-LOGO-600x180-2.png\" alt=\"Telesin-Movidis\" width=\"110\" height=\"33\" \/><\/p>\n<h1>P3-FS-01<\/h1>\n<p><strong><em><span class=\"a-list-item\">Comienza a disparar en segundos<\/span><\/em><\/strong><\/p>\n<p><span class=\"a-list-item\">El soporte de suelo para tel\u00e9fonos utiliza un dise\u00f1o de anillo magn\u00e9tico ultra vanguardista, se niega a pasos engorrosos (no es necesario usar un clip para tel\u00e9fono celular), las transiciones\/cortes de disparo se pueden operar f\u00e1cilmente con una mano, y es m\u00e1s conveniente quitar el tel\u00e9fono. El anillo magn\u00e9tico est\u00e1 integrado con un im\u00e1n fuerte N52 para que pueda ajustarse perfectamente al tel\u00e9fono, sin miedo a que se caiga (para tel\u00e9fonos\/tabletas sin funci\u00f3n magn\u00e9tica, util\u00edcelo con nuestro anillo de magnetizaci\u00f3n complementario).<\/span><\/p>\n<h5><span class=\"a-list-item\">Rotaci\u00f3n universal, crea seg\u00fan el contenido de tu coraz\u00f3n<\/span><\/h5>\n<p><span class=\"a-list-item\">el soporte magn\u00e9tico de piso TELESIN\u00b0 2024 para grabaci\u00f3n y transmisi\u00f3n en vivo est\u00e1 dise\u00f1ado con un pivote de metal amortiguado bidireccional de 360\u00b0, y el voladizo en el soporte de piso de la tableta se puede ajustar libremente a una variedad de \u00e1ngulos: disparo vertical, disparo horizontal, disparo de elevaci\u00f3n, disparo panor\u00e1mico de 360\u00b0, etc., se convierte f\u00e1cilmente en un buen ayudante para tu vida, trabajo. Disparo y grabaci\u00f3n.<img loading=\"lazy\" decoding=\"async\" class=\"alignleft\" src=\"https:\/\/img.myipadbox.com\/upload\/store\/detail_l\/TBD06053483_B3.jpg\" width=\"659\" height=\"659\" \/><\/span><\/p>\n<h5><span class=\"a-list-item\">Extensi\u00f3n de 1.6M con visi\u00f3n amplia<\/span><\/h5>\n<p><span class=\"a-list-item\">este soporte de piso para tableta est\u00e1 dise\u00f1ado con varilla de aleaci\u00f3n de aluminio segmentada, y 0.6M-1.6M flexible y ajustable, la altura est\u00e1 bajo su control. Mientras tanto, la perilla tiene un dise\u00f1o de patr\u00f3n de diamante, textura de alta gama para mejorar tu experiencia de disparo<\/span><\/p>\n<h5><span class=\"a-list-item\">Base de metal pesada, m\u00e1s estable que estable<\/span><\/h5>\n<p><span class=\"a-list-item\">este soporte magn\u00e9tico para tel\u00e9fono cuenta con una gran base cuadrada de metal centrada y un dise\u00f1o de cuello en espiral que permite que el centro de gravedad se distribuya uniformemente, eliminando la necesidad de preocuparse por el tambaleo del soporte. Mientras tanto, la parte inferior de la base cuenta con una almohadilla antideslizante de EVA, que es m\u00e1s que estable<\/span><\/p>\n<h5><span class=\"a-list-item\">Dise\u00f1os infinitamente expandibles<\/span><\/h5>\n<p><span class=\"a-list-item\">este soporte para tel\u00e9fono de pie tiene dos puertos roscados de 1\/4 en el poste, lo que le permite conectar externamente varios accesorios como una luz de relleno, lo que facilita la creatividad. El uso de la escena es muy diverso: maquillaje de belleza disparo frente al espejo, grabaci\u00f3n de cocina o transmisi\u00f3n en vivo, grabaci\u00f3n de ense\u00f1anza, soporte de tel\u00e9fono perezoso para ver pel\u00edculas, entretenimiento de ocio, etc.<\/span><\/p>\n<h5><span class=\"a-list-item\">F\u00e1cil de plegar y almacenamiento pr\u00e1ctico<\/span><\/h5>\n<p><span class=\"a-list-item\">este soporte de suelo para tel\u00e9fono celular cuenta con un pivote de amortiguaci\u00f3n bidireccional + barra de tubo redondo, que te permite plegarlo f\u00e1cilmente cuando no est\u00e9 en uso, ahorr\u00e1ndote tiempo y esfuerzo y no ocupando mucho espacio de almacenamiento.<\/span><\/p>\n<h3>Caracter\u00edsticas<\/h3>\n<ul>\n<li>Material: aleaci\u00f3n de aluminio, hierro, ABS.<\/li>\n<li>Dispositivos aplicables: tel\u00e9fonos m\u00f3viles de hasta 6,5 \u200b\u200bpulgadas.<\/li>\n<li>Altura: aproximadamente 122,5-162 cm.<\/li>\n<li>Tama\u00f1o de la base: aproximadamente 26 x 26 cm.<\/li>\n<li>Peso: aproximadamente 2360 g.<\/li>\n<li>Nota: solo el soporte, sin incluir otros.<\/li>\n<li>Dise\u00f1o magn\u00e9tico, f\u00e1cil de colocar con una mano.<\/li>\n<li>Brazo oscilante flexible, que evita que la toma se quede colgando en el aire, adecuado para tomar escenas como espejos, gran \u00e1ngulo de visi\u00f3n sin bloqueos.<\/li>\n<li>Cuerpo de poste de aleaci\u00f3n de aluminio segmentado, altura ajustable de 0,6 m a 1,6 m.<\/li>\n<li>Aleaci\u00f3n de aluminio, resistente a la carga, sin miedo a caerse.<\/li>\n<li>Anillo magn\u00e9tico esquel\u00e9tico, r\u00e1pida disipaci\u00f3n del calor.<\/li>\n<li>2 puertos roscados de 1\/4, para llevar m\u00e1s accesorios de fotograf\u00eda.<\/li>\n<li>Perilla de diamante, textura de alta gama, ajuste libre.<\/li>\n<li>Base cuadrada grande + anillo en espiral en el centro, gravedad uniforme, estable colocaci\u00f3n.<\/li>\n<li>Husillo de amortiguaci\u00f3n bidireccional + varilla de tubo redondo, f\u00e1cil de plegar, almacenamiento conveniente<\/li>\n<li>Lista de empaque:<br \/>\n&#8211; Caja x 1<br \/>\n&#8211; Soporte x 1<br \/>\n&#8211; Poste telesc\u00f3pico x 1<br \/>\n&#8211; Base x 1<br \/>\n&#8211; Correa de mano x 1<br \/>\n&#8211; Anillo magn\u00e9tico x 1<br \/>\n&#8211; L\u00e1mina magn\u00e9tica x 1<br \/>\n&#8211; Manual de instrucciones x 1<br \/>\n&#8211; Llave hexagonal x 2<br \/>\n&#8211; Tornillos de montaje de la base x 1<br \/>\n&#8211; Kit de limpieza x 1<\/li>\n<\/ul>\n","protected":false},"excerpt":{"rendered":"<p>P3-FS-01 Comienza a disparar en segundos El soporte de suelo para tel\u00e9fonos utiliza un dise\u00f1o de anillo magn\u00e9tico ultra vanguardista,<\/p>\n","protected":false},"featured_media":92207,"comment_status":"open","ping_status":"closed","template":"","meta":{"nf_dc_page":""},"product_brand":[1009],"product_cat":[89],"product_tag":[1015],"class_list":{"0":"post-92206","1":"product","2":"type-product","3":"status-publish","4":"has-post-thumbnail","6":"product_brand-telesin","7":"product_cat-electronicos","8":"product_tag-1015","10":"first","11":"instock","12":"shipping-taxable","13":"purchasable","14":"product-type-simple"},"_links":{"self":[{"href":"https:\/\/brandss.com.py\/index\/wp-json\/wp\/v2\/product\/92206","targetHints":{"allow":["GET"]}}],"collection":[{"href":"https:\/\/brandss.com.py\/index\/wp-json\/wp\/v2\/product"}],"about":[{"href":"https:\/\/brandss.com.py\/index\/wp-json\/wp\/v2\/types\/product"}],"replies":[{"embeddable":true,"href":"https:\/\/brandss.com.py\/index\/wp-json\/wp\/v2\/comments?post=92206"}],"version-history":[{"count":1,"href":"https:\/\/brandss.com.py\/index\/wp-json\/wp\/v2\/product\/92206\/revisions"}],"predecessor-version":[{"id":92221,"href":"https:\/\/brandss.com.py\/index\/wp-json\/wp\/v2\/product\/92206\/revisions\/92221"}],"wp:featuredmedia":[{"embeddable":true,"href":"https:\/\/brandss.com.py\/index\/wp-json\/wp\/v2\/media\/92207"}],"wp:attachment":[{"href":"https:\/\/brandss.com.py\/index\/wp-json\/wp\/v2\/media?parent=92206"}],"wp:term":[{"taxonomy":"product_brand","embeddable":true,"href":"https:\/\/brandss.com.py\/index\/wp-json\/wp\/v2\/product_brand?post=92206"},{"taxonomy":"product_cat","embeddable":true,"href":"https:\/\/brandss.com.py\/index\/wp-json\/wp\/v2\/product_cat?post=92206"},{"taxonomy":"product_tag","embeddable":true,"href":"https:\/\/brandss.com.py\/index\/wp-json\/wp\/v2\/product_tag?post=92206"}],"curies":[{"name":"wp","href":"https:\/\/api.w.org\/{rel}","templated":true}]}}