{"id":92224,"date":"2025-10-16T13:27:48","date_gmt":"2025-10-16T13:27:48","guid":{"rendered":"https:\/\/brandss.com.py\/index\/?post_type=product&#038;p=92224"},"modified":"2025-10-16T13:28:33","modified_gmt":"2025-10-16T13:28:33","slug":"soporte-subacuatico-telesin-gp-wbt-001-selfie-stick","status":"publish","type":"product","link":"https:\/\/brandss.com.py\/index\/producto\/soporte-subacuatico-telesin-gp-wbt-001-selfie-stick\/","title":{"rendered":"SOPORTE SUBACU\u00c1TICO TELESIN GP-WBT-001 SELFIE STICK"},"content":{"rendered":"<p><img loading=\"lazy\" decoding=\"async\" class=\"\" src=\"https:\/\/movidis.nl\/wp-content\/uploads\/2022\/02\/TELESIN-LOGO-600x180-2.png\" alt=\"Telesin-Movidis\" width=\"146\" height=\"44\" \/><\/p>\n<h1>GP-WBT-001<\/h1>\n<p><strong><em><span class=\"a-list-item\">Palo selfie remoto submarino mejorado<\/span><\/em><\/strong><\/p>\n<p><span class=\"a-list-item\">El palo selfie submarino con control remoto Bluetooth para Go Pro, lo que te permite capturar fotos y videos bajo el agua manos libres sin esfuerzo.<\/span><\/p>\n<h5><span class=\"a-list-item\">Buceo de hasta 98.4 ft (100 pies) y compatible con Go Pro 13\/12\/11\/10\/9\/8<img loading=\"lazy\" decoding=\"async\" class=\"alignleft\" src=\"https:\/\/m.media-amazon.com\/images\/I\/71CGEPw+JFL._AC_SL1500_.jpg\" width=\"625\" height=\"781\" \/><\/span><\/h5>\n<p><span class=\"a-list-item\">dise\u00f1ado para exploraci\u00f3n en aguas profundas y funciona perfectamente para m\u00faltiples modelos Go Pro, asegurando versatilidad para todas tus actividades submarinas.<\/span><\/p>\n<h5><span class=\"a-list-item\">Poste de longitud extra de 33 pulgadas para tomas \u00e9picas de gran angular<\/span><\/h5>\n<p><span class=\"a-list-item\">Perfecto para capturar escenas submarinas expansivas, desde arrecifes de coral vibrantes hasta majestuosa vida marina, haciendo que tus im\u00e1genes sean realmente cinematogr\u00e1ficas.<\/span><\/p>\n<h5><span class=\"a-list-item\">Control remoto Bluetooth para una mayor duraci\u00f3n de la bater\u00eda<\/span><\/h5>\n<p><span class=\"a-list-item\">controla tu c\u00e1mara de acci\u00f3n de forma remota para ahorrar bater\u00eda, asegurando aventuras submarinas m\u00e1s largas y m\u00e1s tiempo para explorar sin interrupciones.<\/span><\/p>\n<h5><span class=\"a-list-item\">Funciones remotas f\u00e1ciles de usar<\/span><\/h5>\n<p><span class=\"a-list-item\">disparo de un solo toque, cambio de modo y funciones de encendido\/apagado hacen que sea f\u00e1cil de operar, incluso bajo el agua, para que puedas concentrarte en tu aventura.<\/span><\/p>\n<h5><span class=\"a-list-item\">Sugerencias para el mantenimiento y mantenimiento del palo selfie remoto bajo el agua<\/span><\/h5>\n<p><span class=\"a-list-item\">Despu\u00e9s de cada uso, especialmente en ambientes de agua de mar, remojar en agua dulce durante 10 minutos y enjuagar con agua corriente del grifo durante 5 minutos. Despu\u00e9s de asegurarse de que no haya gotas de agua residuales en la superficie del producto, gu\u00e1rdelo en un lugar seco y bien ventilado.<\/span><\/p>\n<h3><strong><span dir=\"auto\">Caracter\u00edsticas:<\/span><\/strong><\/h3>\n<p><span dir=\"auto\">1. El primer palo para selfies que puede controlar remotamente la c\u00e1mara bajo el agua;<\/span><br \/>\n<span dir=\"auto\">2. Control remoto Bluetooth, toma fotograf\u00edas cuando quieras, extiende la vida \u00fatil de la bater\u00eda en mayor medida y nada bajo el agua;<\/span><br \/>\n<span dir=\"auto\">3. 85 cm de longitud total del palo, toma fotograf\u00edas de las grandes escenas bajo el mar.<\/span><\/p>\n<h3><strong><span dir=\"auto\">Especificaci\u00f3n:<\/span><\/strong><\/h3>\n<p><span dir=\"auto\">\u00a0Funci\u00f3n de control remoto: admite disparo\/cambio de modo\/encendido y apagado por control remoto, etc.; simple y f\u00e1cil de usar;<\/span><br \/>\n<span dir=\"auto\">\u00a0Admite el uso en profundidades de agua de hasta 30 metros;<\/span><br \/>\n<strong><span dir=\"auto\">\u00a0Admite varios modelos: GoPro 13\/12\/11\/10\/9\/8Black<\/span><\/strong><\/p>\n<p><strong><span dir=\"auto\">C\u00f3mo usar en agua de mar:<\/span><\/strong><br \/>\n<span dir=\"auto\">Despu\u00e9s de usar el producto en agua de mar:<\/span><br \/>\n<span dir=\"auto\">&#8211; Primero, sacuda el palo de selfie para eliminar el agua de mar.<\/span><br \/>\n<span dir=\"auto\">&#8211; Luego, sum\u00e9rjalo en agua dulce durante 10 minutos.<\/span><br \/>\n<span dir=\"auto\">&#8211; Despu\u00e9s de sacar el producto del agua dulce, enju\u00e1guelo con agua corriente suave durante 5 minutos.<\/span><br \/>\n<span dir=\"auto\">&#8211; Despu\u00e9s de lavarlo, limpie cualquier gota de agua restante en la superficie con un pa\u00f1o suave y seco y deje secar.<\/span><br \/>\n<strong><span dir=\"auto\">No lo seque con un secador de pelo ni ninguna otra fuente de calor.<\/span><\/strong><br \/>\n<strong><span dir=\"auto\">Guarde el producto en un lugar seco y bien ventilado.<\/span><\/strong><\/p>\n<h2>Contenido de la caja<\/h2>\n<ul>\n<li class=\"postpurchase-included-components-list-item\"><span class=\"a-list-item\">1 palo para selfie bluetooth bajo el agua<\/span><\/li>\n<li class=\"postpurchase-included-components-list-item\"><span class=\"a-list-item\">1 tornillo de bloqueo<\/span><\/li>\n<li class=\"postpurchase-included-components-list-item\"><span class=\"a-list-item\">1 cable de carga<\/span><\/li>\n<li class=\"postpurchase-included-components-list-item\"><span class=\"a-list-item\">1 cuerda anti ca\u00edda<\/span><\/li>\n<li class=\"postpurchase-included-components-list-item\"><span class=\"a-list-item\">1 manual de instrucciones (idioma espa\u00f1ol no garantizado)<\/span><\/li>\n<\/ul>\n","protected":false},"excerpt":{"rendered":"<p>GP-WBT-001 Palo selfie remoto submarino mejorado El palo selfie submarino con control remoto Bluetooth para Go Pro, lo que te<\/p>\n","protected":false},"featured_media":92225,"comment_status":"open","ping_status":"closed","template":"","meta":{"nf_dc_page":""},"product_brand":[1009],"product_cat":[89],"product_tag":[1016],"class_list":{"0":"post-92224","1":"product","2":"type-product","3":"status-publish","4":"has-post-thumbnail","6":"product_brand-telesin","7":"product_cat-electronicos","8":"product_tag-1016","10":"first","11":"instock","12":"shipping-taxable","13":"purchasable","14":"product-type-simple"},"_links":{"self":[{"href":"https:\/\/brandss.com.py\/index\/wp-json\/wp\/v2\/product\/92224","targetHints":{"allow":["GET"]}}],"collection":[{"href":"https:\/\/brandss.com.py\/index\/wp-json\/wp\/v2\/product"}],"about":[{"href":"https:\/\/brandss.com.py\/index\/wp-json\/wp\/v2\/types\/product"}],"replies":[{"embeddable":true,"href":"https:\/\/brandss.com.py\/index\/wp-json\/wp\/v2\/comments?post=92224"}],"version-history":[{"count":1,"href":"https:\/\/brandss.com.py\/index\/wp-json\/wp\/v2\/product\/92224\/revisions"}],"predecessor-version":[{"id":92241,"href":"https:\/\/brandss.com.py\/index\/wp-json\/wp\/v2\/product\/92224\/revisions\/92241"}],"wp:featuredmedia":[{"embeddable":true,"href":"https:\/\/brandss.com.py\/index\/wp-json\/wp\/v2\/media\/92225"}],"wp:attachment":[{"href":"https:\/\/brandss.com.py\/index\/wp-json\/wp\/v2\/media?parent=92224"}],"wp:term":[{"taxonomy":"product_brand","embeddable":true,"href":"https:\/\/brandss.com.py\/index\/wp-json\/wp\/v2\/product_brand?post=92224"},{"taxonomy":"product_cat","embeddable":true,"href":"https:\/\/brandss.com.py\/index\/wp-json\/wp\/v2\/product_cat?post=92224"},{"taxonomy":"product_tag","embeddable":true,"href":"https:\/\/brandss.com.py\/index\/wp-json\/wp\/v2\/product_tag?post=92224"}],"curies":[{"name":"wp","href":"https:\/\/api.w.org\/{rel}","templated":true}]}}