{"id":92242,"date":"2025-10-16T14:23:06","date_gmt":"2025-10-16T14:23:06","guid":{"rendered":"https:\/\/brandss.com.py\/index\/?post_type=product&#038;p=92242"},"modified":"2026-03-14T11:45:44","modified_gmt":"2026-03-14T11:45:44","slug":"perfume-femenino-paco-rabanne-fame-intense-edpi-80ml","status":"publish","type":"product","link":"https:\/\/brandss.com.py\/index\/producto\/perfume-femenino-paco-rabanne-fame-intense-edpi-80ml\/","title":{"rendered":"PERFUME FEMENINO PACO RABANNE FAME INTENSE EDPI 80ML"},"content":{"rendered":"<p><img loading=\"lazy\" decoding=\"async\" class=\"\" src=\"https:\/\/cdn.freebiesupply.com\/logos\/large\/2x\/paco-rabanne-1-logo-png-transparent.png\" alt=\"Paco Rabanne Logo PNG Transparent &amp; SVG Vector - Freebie Supply\" width=\"120\" height=\"120\" \/><\/p>\n<h1>FAME INTENSE<\/h1>\n<p>Descubre FAME Intense: la deslumbrante firma femenina de Rabanne. Brillante, m\u00e1s fascinante que antes: FAME Intense est\u00e1 dise\u00f1ado para la luminosa it-girl que reclama Par\u00eds en el crep\u00fasculo. Deja que tu aura brille, s\u00e9 la vida y el alma de la fiesta. Con FAME Intense, iluminas cada habitaci\u00f3n. Fabricado con el legendario esp\u00edritu vanguardista de Rabanne, FAME Intense es una fragancia femenina \u00fanica que revela tu lado espont\u00e1neo como el jazm\u00edn solar se encuentra con el incienso opulento y el s\u00e1ndalo cremoso para la mujer que nace para brillar.<img decoding=\"async\" class=\"alignleft\" src=\"https:\/\/fuschia.com.py\/userfiles\/images\/productos\/600\/3349668630448-3.jpg\" \/><\/p>\n<p>Reclama tu luz interior. Deja que el oro sea el nuevo atrevimiento. FAME Intense de Rabanne desata tu tono m\u00e1s atrevido. Brilla con m\u00e1s intensidad. M\u00e1s traviesa. M\u00e1s irresistible. M\u00e1s explosiva. El jazm\u00edn solar se une al opulento incienso y al cremoso s\u00e1ndalo en una fragancia deslumbrante que libera tus facetas m\u00e1s chispeantes, potenciando la estrella FAME que llevas dentro.<\/p>\n<div>Fame Intense es una combinaci\u00f3n magistral de notas clave, que incluyen el delicado y ex\u00f3tico jazm\u00edn, el c\u00e1lido y cremoso s\u00e1ndalo y el misterioso y ahumado incienso. Juntos, estos elementos crean una fragancia atemporal y contempor\u00e1nea, ideal para la mujer moderna que irradia confianza y gracia.<\/div>\n<div><\/div>\n<div>Este Eau de Parfum es perfectamente port\u00e1til, lo que te permite llevar la esencia de la elegancia a donde quiera que vayas. Como producto de Paco Rabanne, un nombre distinguido en la industria de la moda, puedes confiar en la calidad y el lujo de esta fragancia.<\/div>\n<div><\/div>\n<div>Dise\u00f1ado exclusivamente para mujeres, Fame Intense es m\u00e1s que un aroma; es una experiencia. Ya sea que vayas a un evento especial o simplemente quieras sentirte extraordinaria todos los d\u00edas, esta fragancia realzar\u00e1 tu presencia y dejar\u00e1 una impresi\u00f3n duradera.<\/div>\n<div><\/div>\n<h3>Notas Olfativas<\/h3>\n<div><\/div>\n<div>Sum\u00e9rgete en la audacia y el lujo con el perfume Paco Rabanne. Esta ic\u00f3nica fragancia es una celebraci\u00f3n de la originalidad y la sofisticaci\u00f3n, cautivando los sentidos con una mezcla armoniosa de notas frescas y sensuales. Desde sus notas superiores que evocan frescura y dinamismo hasta su coraz\u00f3n vibrante y su base c\u00e1lida y envolvente, cada elemento de esta fragancia est\u00e1 meticulosamente elaborado para ofrecer una experiencia olfativa \u00fanica. Con su estela duradera y su car\u00e1cter distintivo, Paco Rabanne es m\u00e1s que una simple fragancia; es una declaraci\u00f3n de estilo y atrevimiento que deja una impresi\u00f3n imborrable en cada ocasi\u00f3n<\/div>\n<div>\n<p><strong>Nota de salida:<\/strong> tr\u00edo de incienso<\/p>\n<p><strong>Nota de coraz\u00f3n:<\/strong> jazm\u00edn et\u00e9reo<\/p>\n<p><strong>Nota de fondo:<\/strong> crema de s\u00e1ndalo<\/p>\n<\/div>\n","protected":false},"excerpt":{"rendered":"<p>FAME INTENSE Descubre FAME Intense: la deslumbrante firma femenina de Rabanne. Brillante, m\u00e1s fascinante que antes: FAME Intense est\u00e1 dise\u00f1ado<\/p>\n","protected":false},"featured_media":92243,"comment_status":"open","ping_status":"closed","template":"","meta":{"nf_dc_page":""},"product_brand":[126],"product_cat":[84],"product_tag":[1024],"class_list":{"0":"post-92242","1":"product","2":"type-product","3":"status-publish","4":"has-post-thumbnail","6":"product_brand-paco-rabanne","7":"product_cat-perfumeria","8":"product_tag-1024","10":"first","11":"outofstock","12":"shipping-taxable","13":"purchasable","14":"product-type-simple"},"_links":{"self":[{"href":"https:\/\/brandss.com.py\/index\/wp-json\/wp\/v2\/product\/92242","targetHints":{"allow":["GET"]}}],"collection":[{"href":"https:\/\/brandss.com.py\/index\/wp-json\/wp\/v2\/product"}],"about":[{"href":"https:\/\/brandss.com.py\/index\/wp-json\/wp\/v2\/types\/product"}],"replies":[{"embeddable":true,"href":"https:\/\/brandss.com.py\/index\/wp-json\/wp\/v2\/comments?post=92242"}],"version-history":[{"count":1,"href":"https:\/\/brandss.com.py\/index\/wp-json\/wp\/v2\/product\/92242\/revisions"}],"predecessor-version":[{"id":92252,"href":"https:\/\/brandss.com.py\/index\/wp-json\/wp\/v2\/product\/92242\/revisions\/92252"}],"wp:featuredmedia":[{"embeddable":true,"href":"https:\/\/brandss.com.py\/index\/wp-json\/wp\/v2\/media\/92243"}],"wp:attachment":[{"href":"https:\/\/brandss.com.py\/index\/wp-json\/wp\/v2\/media?parent=92242"}],"wp:term":[{"taxonomy":"product_brand","embeddable":true,"href":"https:\/\/brandss.com.py\/index\/wp-json\/wp\/v2\/product_brand?post=92242"},{"taxonomy":"product_cat","embeddable":true,"href":"https:\/\/brandss.com.py\/index\/wp-json\/wp\/v2\/product_cat?post=92242"},{"taxonomy":"product_tag","embeddable":true,"href":"https:\/\/brandss.com.py\/index\/wp-json\/wp\/v2\/product_tag?post=92242"}],"curies":[{"name":"wp","href":"https:\/\/api.w.org\/{rel}","templated":true}]}}