{"id":92264,"date":"2025-10-16T18:48:56","date_gmt":"2025-10-16T18:48:56","guid":{"rendered":"https:\/\/brandss.com.py\/index\/?post_type=product&#038;p=92264"},"modified":"2026-03-11T12:52:35","modified_gmt":"2026-03-11T12:52:35","slug":"perfume-masculino-hugo-boss-dark-blue-edt-75ml","status":"publish","type":"product","link":"https:\/\/brandss.com.py\/index\/producto\/perfume-masculino-hugo-boss-dark-blue-edt-75ml\/","title":{"rendered":"PERFUME MASCULINO HUGO BOSS DARK BLUE EDT 75ML"},"content":{"rendered":"<p><img loading=\"lazy\" decoding=\"async\" class=\"\" src=\"https:\/\/upload.wikimedia.org\/wikipedia\/commons\/thumb\/7\/73\/Hugo-Boss-Logo.svg\/2560px-Hugo-Boss-Logo.svg.png\" alt=\"Archivo:Hugo-Boss-Logo.svg - Wikipedia, la enciclopedia libre\" width=\"162\" height=\"60\" \/><\/p>\n<h1>DARK BLUE<\/h1>\n<p>Es una fragancia audaz y seductora lanzada en 1999, dise\u00f1ada para el hombre moderno que disfruta experimentar y destacar. Esta fragancia oriental especiada fue creada por los perfumistas Alain Astori y Beatrice Piquet, y se caracteriza por su combinaci\u00f3n vibrante y c\u00e1lida de aromas, ideal para eventos nocturnos o situaciones especiales. Con un aroma profundo y duradero, el perfume Hugo Boss Dark Blue se convierte en una elecci\u00f3n ideal para quienes buscan dejar una huella imborrable.<img loading=\"lazy\" decoding=\"async\" class=\"alignleft\" src=\"https:\/\/farina.com.bo\/wp-content\/uploads\/2020\/04\/hugo-boss-dark-blue-arte.jpg\" width=\"661\" height=\"469\" \/><\/p>\n<p>El dise\u00f1o del frasco de la locion Dark Blue, inspirado en una coctelera de color azul oscuro, refleja su esp\u00edritu nocturno y atrevido. Esta fragancia es perfecta para el hombre confiado y sofisticado que busca un aroma distintivo que resalte su personalidad. Es especialmente adecuada para el uso en climas frescos y durante la noche, proyectando una presencia potente pero equilibrada.<\/p>\n<p>&nbsp;<\/p>\n<h3>Notas Olfativas<\/h3>\n<p>&nbsp;<\/p>\n<p>Hugo Dark Blue\u00a0de\u00a0Hugo Boss\u00a0es una fragancia de la familia olfativa\u00a0Oriental Especiada\u00a0para Hombres.\u00a0La fragancia Dark Blue se abre con un estallido refrescante de notas c\u00edtricas y especiadas como jengibre, pomelo, naranja y lim\u00f3n, que crean una introducci\u00f3n en\u00e9rgica y cautivadora. En el coraz\u00f3n, las notas especiadas de cardamomo y geranio, combinadas con un toque de caoba y cipr\u00e9s, aportan profundidad y una sofisticaci\u00f3n elegante. Finalmente, el aroma se asienta en una base c\u00e1lida y envolvente de vainilla, pachul\u00ed, benju\u00ed y maderas, que a\u00f1aden un toque de misterio y masculinidad persistente.<\/p>\n<p><strong>Notas de salida:<\/strong> jengibre, toronja (pomelo), naranja, lima (lim\u00f3n verde) y lim\u00f3n (lima \u00e1cida).<\/p>\n<p><strong>Notas de coraz\u00f3n:<\/strong> cipr\u00e9s, geranio, cardamomo, caoba y salvia.<\/p>\n<p><strong>Notas de fondo:<\/strong> vainilla, cedro, vetiver, benju\u00ed y pachul\u00ed.<\/p>\n","protected":false},"excerpt":{"rendered":"<p>DARK BLUE Es una fragancia audaz y seductora lanzada en 1999, dise\u00f1ada para el hombre moderno que disfruta experimentar y<\/p>\n","protected":false},"featured_media":92265,"comment_status":"open","ping_status":"closed","template":"","meta":{"nf_dc_page":""},"product_brand":[130],"product_cat":[84],"product_tag":[1042],"class_list":{"0":"post-92264","1":"product","2":"type-product","3":"status-publish","4":"has-post-thumbnail","6":"product_brand-hugo-boss","7":"product_cat-perfumeria","8":"product_tag-1042","10":"first","11":"outofstock","12":"shipping-taxable","13":"purchasable","14":"product-type-simple"},"_links":{"self":[{"href":"https:\/\/brandss.com.py\/index\/wp-json\/wp\/v2\/product\/92264","targetHints":{"allow":["GET"]}}],"collection":[{"href":"https:\/\/brandss.com.py\/index\/wp-json\/wp\/v2\/product"}],"about":[{"href":"https:\/\/brandss.com.py\/index\/wp-json\/wp\/v2\/types\/product"}],"replies":[{"embeddable":true,"href":"https:\/\/brandss.com.py\/index\/wp-json\/wp\/v2\/comments?post=92264"}],"version-history":[{"count":1,"href":"https:\/\/brandss.com.py\/index\/wp-json\/wp\/v2\/product\/92264\/revisions"}],"predecessor-version":[{"id":92272,"href":"https:\/\/brandss.com.py\/index\/wp-json\/wp\/v2\/product\/92264\/revisions\/92272"}],"wp:featuredmedia":[{"embeddable":true,"href":"https:\/\/brandss.com.py\/index\/wp-json\/wp\/v2\/media\/92265"}],"wp:attachment":[{"href":"https:\/\/brandss.com.py\/index\/wp-json\/wp\/v2\/media?parent=92264"}],"wp:term":[{"taxonomy":"product_brand","embeddable":true,"href":"https:\/\/brandss.com.py\/index\/wp-json\/wp\/v2\/product_brand?post=92264"},{"taxonomy":"product_cat","embeddable":true,"href":"https:\/\/brandss.com.py\/index\/wp-json\/wp\/v2\/product_cat?post=92264"},{"taxonomy":"product_tag","embeddable":true,"href":"https:\/\/brandss.com.py\/index\/wp-json\/wp\/v2\/product_tag?post=92264"}],"curies":[{"name":"wp","href":"https:\/\/api.w.org\/{rel}","templated":true}]}}