{"id":92273,"date":"2025-10-17T11:48:53","date_gmt":"2025-10-17T11:48:53","guid":{"rendered":"https:\/\/brandss.com.py\/index\/?post_type=product&#038;p=92273"},"modified":"2025-10-17T11:49:50","modified_gmt":"2025-10-17T11:49:50","slug":"protector-de-silicona-coteci-73050-lb-airpods-max-set-light-blue","status":"publish","type":"product","link":"https:\/\/brandss.com.py\/index\/producto\/protector-de-silicona-coteci-73050-lb-airpods-max-set-light-blue\/","title":{"rendered":"PROTECTOR DE SILICONA COTECI 73050-LB AIRPODS MAX SET LIGHT BLUE"},"content":{"rendered":"<p><img loading=\"lazy\" decoding=\"async\" class=\"\" src=\"https:\/\/idealelifestyle.com.sg\/cdn\/shop\/collections\/shopify_collection_image_4_873f11dc-e345-407f-b782-40229d34296f.png?v=1747123156\" alt=\"Coteci \u2013 idealelifestyle\" width=\"75\" height=\"75\" \/><\/p>\n<h1>73050-LB<\/h1>\n<p><span dir=\"auto\">Puntas de silicona suave en un color encantador. Te encantar\u00e1n cada vez que las veas, y su silicona suave al tacto te har\u00e1 sentir como en casa al pon\u00e9rtelas y quit\u00e1rtelas. \u00a1<\/span><span dir=\"auto\">Destaca con estas hermosas puntas y expresa tu individualidad!<\/span><br \/>\n<span dir=\"auto\">Viste tus auriculares con un suave color azul cielo y disfruta de cada toque gracias a la suavidad de las puntas y la silicona suave al tacto.<\/span><\/p>\n<h3>Caracter\u00edsticas<\/h3>\n<ul>\n<li><span dir=\"auto\">Adecuado para AirPods Max<\/span><\/li>\n<li><span dir=\"auto\">Material de silicona de alta calidad.<\/span><\/li>\n<li><span dir=\"auto\">Resistente a rayones<\/span><\/li>\n<li><span dir=\"auto\">Antihuellas, resistente al agua y al sudor.<\/span><\/li>\n<li><span dir=\"auto\">Protecci\u00f3n de 360 \u200b\u200bgrados<\/span><\/li>\n<li><span dir=\"auto\">Tiene cortes precisos.\u00a0<\/span><br \/>\n<span dir=\"auto\">Este producto es una funda protectora para los Apple AirPods Max y no los auriculares en s\u00ed.<\/span><\/li>\n<\/ul>\n","protected":false},"excerpt":{"rendered":"<p>73050-LB Puntas de silicona suave en un color encantador. Te encantar\u00e1n cada vez que las veas, y su silicona suave<\/p>\n","protected":false},"featured_media":92274,"comment_status":"open","ping_status":"closed","template":"","meta":{"nf_dc_page":""},"product_brand":[1044],"product_cat":[89],"product_tag":[1045],"class_list":{"0":"post-92273","1":"product","2":"type-product","3":"status-publish","4":"has-post-thumbnail","6":"product_brand-coteci","7":"product_cat-electronicos","8":"product_tag-1045","10":"first","11":"instock","12":"shipping-taxable","13":"purchasable","14":"product-type-simple"},"_links":{"self":[{"href":"https:\/\/brandss.com.py\/index\/wp-json\/wp\/v2\/product\/92273","targetHints":{"allow":["GET"]}}],"collection":[{"href":"https:\/\/brandss.com.py\/index\/wp-json\/wp\/v2\/product"}],"about":[{"href":"https:\/\/brandss.com.py\/index\/wp-json\/wp\/v2\/types\/product"}],"replies":[{"embeddable":true,"href":"https:\/\/brandss.com.py\/index\/wp-json\/wp\/v2\/comments?post=92273"}],"version-history":[{"count":1,"href":"https:\/\/brandss.com.py\/index\/wp-json\/wp\/v2\/product\/92273\/revisions"}],"predecessor-version":[{"id":92283,"href":"https:\/\/brandss.com.py\/index\/wp-json\/wp\/v2\/product\/92273\/revisions\/92283"}],"wp:featuredmedia":[{"embeddable":true,"href":"https:\/\/brandss.com.py\/index\/wp-json\/wp\/v2\/media\/92274"}],"wp:attachment":[{"href":"https:\/\/brandss.com.py\/index\/wp-json\/wp\/v2\/media?parent=92273"}],"wp:term":[{"taxonomy":"product_brand","embeddable":true,"href":"https:\/\/brandss.com.py\/index\/wp-json\/wp\/v2\/product_brand?post=92273"},{"taxonomy":"product_cat","embeddable":true,"href":"https:\/\/brandss.com.py\/index\/wp-json\/wp\/v2\/product_cat?post=92273"},{"taxonomy":"product_tag","embeddable":true,"href":"https:\/\/brandss.com.py\/index\/wp-json\/wp\/v2\/product_tag?post=92273"}],"curies":[{"name":"wp","href":"https:\/\/api.w.org\/{rel}","templated":true}]}}