{"id":92297,"date":"2025-10-17T12:56:47","date_gmt":"2025-10-17T12:56:47","guid":{"rendered":"https:\/\/brandss.com.py\/index\/?post_type=product&#038;p=92297"},"modified":"2025-10-17T12:59:27","modified_gmt":"2025-10-17T12:59:27","slug":"protector-de-silicona-coteci-73050-bk-airpods-max-set-black","status":"publish","type":"product","link":"https:\/\/brandss.com.py\/index\/producto\/protector-de-silicona-coteci-73050-bk-airpods-max-set-black\/","title":{"rendered":"PROTECTOR DE SILICONA COTECI 73050-BK AIRPODS MAX SET BLACK"},"content":{"rendered":"<p><img loading=\"lazy\" decoding=\"async\" class=\"\" src=\"https:\/\/i0.wp.com\/idealelifestyle.com.sg\/cdn\/shop\/collections\/shopify_collection_image_4_873f11dc-e345-407f-b782-40229d34296f.png?resize=114%2C114&amp;ssl=1\" alt=\"Coteci \u2013 idealelifestyle\" width=\"114\" height=\"114\" data-recalc-dims=\"1\" \/><\/p>\n<h1>73050-BK<\/h1>\n<p><span dir=\"auto\">Protector de silicona suave en un color encantador. Te encantar\u00e1n cada vez que las veas, y su silicona suave al tacto te har\u00e1 sentir como en casa al pon\u00e9rtelas y quit\u00e1rtelas. \u00a1<\/span><span dir=\"auto\">Destaca con estas hermosas puntas y expresa tu individualidad!<\/span><br \/>\n<span dir=\"auto\">Viste tus auriculares con un color negro y disfruta de cada toque gracias a la suavidad de las puntas y la silicona suave al tacto.<\/span><\/p>\n<h5><strong><span dir=\"auto\">Se puede lavar, transpirable<\/span><\/strong><\/h5>\n<p><span dir=\"auto\">El protector COTECI absorbe y evapora la humedad con una esponja fina, para hacer deporte, correr, viajar, ojal para cable de audio o\u00a0<\/span><span dir=\"auto\">cable de carga.<\/span><\/p>\n<h5><strong><span dir=\"auto\">Puede prevenir eficazmente el polvo<\/span><\/strong><\/h5>\n<p><span dir=\"auto\">Por ejemplo, protege las almohadillas de tus auriculares del sudor, prolonga eficazmente su vida \u00fatil y mejora considerablemente su durabilidad. Ofrece protecci\u00f3n total para tu llavero contra ara\u00f1azos, rozaduras, ca\u00eddas y golpes sin a\u00f1adir volumen. Mantiene tu llavero seguro en todo momento.<\/span><\/p>\n<h5><strong><span dir=\"auto\">Los botones son accesibles<\/span><\/strong><\/h5>\n<p><span dir=\"auto\">Kit de silicona Airpods Max La instalaci\u00f3n de la cubierta protectora de silicona no afectar\u00e1 el uso de los botones de los auriculares, el micr\u00f3fono y el puerto de carga, sensaci\u00f3n suave al tacto sin necesidad de quitar la cubierta protectora durante la carga.<\/span><\/p>\n<h5><strong><span dir=\"auto\">Instalaci\u00f3n sencilla<\/span><\/strong><\/h5>\n<p><span dir=\"auto\">Por ejemplo, alinee la cubierta protectora de la cubierta del auricular y los botones del auricular, col\u00f3quela suavemente para completar la instalaci\u00f3n. La tecnolog\u00eda actualizada con material de primera calidad brinda protecci\u00f3n general suave y flexible. La instalaci\u00f3n de la cubierta protectora de silicona no afectar\u00e1 el uso de los botones del auricular, el micr\u00f3fono y el puerto de carga.<\/span><\/p>\n<p><span dir=\"auto\">Adem\u00e1s, el kit de silicona para Airpods Max est\u00e1 hecho de silicona de alta calidad, suave, segura y no t\u00f3xica. A\u00edsla eficazmente los sonidos externos y proporciona una excelente experiencia auditiva. En otras palabras, protege tu dispositivo de ara\u00f1azos, golpes, polvo y da\u00f1os. Cuenta con un orificio que permite cargar los auriculares sin quitar la funda.<\/span><\/p>\n<div>\n<h2><strong><span dir=\"auto\">Caracter\u00edsticas :<\/span><\/strong><\/h2>\n<ol>\n<li><span dir=\"auto\">Dise\u00f1o simple de silicona suave.<\/span><\/li>\n<li><span dir=\"auto\">Hecho de silicona de alta calidad, suave y flexible.<\/span><\/li>\n<li><span dir=\"auto\">El accesorio es firme y f\u00e1cil de desmontar.<\/span><\/li>\n<li><span dir=\"auto\">No es necesario quitar la cubierta protectora durante la carga.<\/span><\/li>\n<li><span dir=\"auto\">Mejora el rendimiento de graves de tus auriculares.<\/span><\/li>\n<li><span dir=\"auto\">F\u00e1cil de colocar en tus auriculares, suave y c\u00f3modo.<\/span><\/li>\n<li><span dir=\"auto\">Hecho de material de silicona de alta calidad, suave, seguro y no t\u00f3xico para usar.<\/span><\/li>\n<li><span dir=\"auto\">Materiales de silicona de alta elasticidad, robustez, suavidad y resistencia al desgaste.<\/span><\/li>\n<li><span dir=\"auto\">Adem\u00e1s, dise\u00f1ado con un orificio de carga, se puede utilizar a voluntad, enchufar y usar.<\/span><\/li>\n<li><span dir=\"auto\">Adem\u00e1s, limpieza r\u00e1pida Silicona ecol\u00f3gica, resistente al sudor, lavable<\/span><\/li>\n<\/ol>\n<\/div>\n","protected":false},"excerpt":{"rendered":"<p>73050-BK Protector de silicona suave en un color encantador. Te encantar\u00e1n cada vez que las veas, y su silicona suave<\/p>\n","protected":false},"featured_media":92298,"comment_status":"open","ping_status":"closed","template":"","meta":{"nf_dc_page":""},"product_brand":[1044],"product_cat":[89],"product_tag":[1047],"class_list":{"0":"post-92297","1":"product","2":"type-product","3":"status-publish","4":"has-post-thumbnail","6":"product_brand-coteci","7":"product_cat-electronicos","8":"product_tag-1047","10":"first","11":"instock","12":"shipping-taxable","13":"purchasable","14":"product-type-simple"},"_links":{"self":[{"href":"https:\/\/brandss.com.py\/index\/wp-json\/wp\/v2\/product\/92297","targetHints":{"allow":["GET"]}}],"collection":[{"href":"https:\/\/brandss.com.py\/index\/wp-json\/wp\/v2\/product"}],"about":[{"href":"https:\/\/brandss.com.py\/index\/wp-json\/wp\/v2\/types\/product"}],"replies":[{"embeddable":true,"href":"https:\/\/brandss.com.py\/index\/wp-json\/wp\/v2\/comments?post=92297"}],"version-history":[{"count":3,"href":"https:\/\/brandss.com.py\/index\/wp-json\/wp\/v2\/product\/92297\/revisions"}],"predecessor-version":[{"id":92304,"href":"https:\/\/brandss.com.py\/index\/wp-json\/wp\/v2\/product\/92297\/revisions\/92304"}],"wp:featuredmedia":[{"embeddable":true,"href":"https:\/\/brandss.com.py\/index\/wp-json\/wp\/v2\/media\/92298"}],"wp:attachment":[{"href":"https:\/\/brandss.com.py\/index\/wp-json\/wp\/v2\/media?parent=92297"}],"wp:term":[{"taxonomy":"product_brand","embeddable":true,"href":"https:\/\/brandss.com.py\/index\/wp-json\/wp\/v2\/product_brand?post=92297"},{"taxonomy":"product_cat","embeddable":true,"href":"https:\/\/brandss.com.py\/index\/wp-json\/wp\/v2\/product_cat?post=92297"},{"taxonomy":"product_tag","embeddable":true,"href":"https:\/\/brandss.com.py\/index\/wp-json\/wp\/v2\/product_tag?post=92297"}],"curies":[{"name":"wp","href":"https:\/\/api.w.org\/{rel}","templated":true}]}}