{"id":92327,"date":"2025-10-17T17:32:39","date_gmt":"2025-10-17T17:32:39","guid":{"rendered":"https:\/\/brandss.com.py\/index\/?post_type=product&#038;p=92327"},"modified":"2026-01-10T14:25:09","modified_gmt":"2026-01-10T14:25:09","slug":"altavoz-portatil-ikarao-shell-s2-con-2-microfono-140w","status":"publish","type":"product","link":"https:\/\/brandss.com.py\/index\/producto\/altavoz-portatil-ikarao-shell-s2-con-2-microfono-140w\/","title":{"rendered":"ALTAVOZ PORT\u00c1TIL IKARAO SHELL S2 CON 2 MICR\u00d3FONO 140W"},"content":{"rendered":"<p><img loading=\"lazy\" decoding=\"async\" class=\"\" src=\"https:\/\/ikarao.com.au\/wp-content\/uploads\/2025\/01\/Ikarao-Black.png\" alt=\"Home - Ikarao Australia\" width=\"114\" height=\"38\" \/><\/p>\n<h1>SHELL S2<\/h1>\n<p><em><strong><span class=\"a-list-item\"><span dir=\"auto\">LA MEJOR OPCI\u00d3N DE KARAOKE PORT\u00c1TIL<\/span><\/span><\/strong><\/em><\/p>\n<p><span class=\"a-list-item\"><span dir=\"auto\">Shell S2 es la mejor m\u00e1quina de karaoke port\u00e1til todo en uno para adultos, con Bluetooth, micr\u00f3fonos inal\u00e1mbricos, aplicaciones de karaoke y una potencia m\u00e1xima de 140 W.\u00a0<\/span><\/span><span class=\"a-list-item\"><span dir=\"auto\">Con una bater\u00eda recargable, acabado de tela de primera calidad y dise\u00f1o liviano, es perfecto para karaoke en cualquier momento y en cualquier lugar.<img decoding=\"async\" class=\"alignleft\" src=\"https:\/\/ikarao.com\/cdn\/shop\/files\/Everyone_s_a_Star_Singer_-_Super_Cardioid_Pickup_for_Clear_Sound.jpg?v=1743068172&amp;width=600\" \/><\/span><\/span><\/p>\n<p><strong><span class=\"a-list-item\"><span dir=\"auto\">BIBLIOTECA MUSICAL ENORME<\/span><\/span><\/strong><\/p>\n<ul>\n<li><span class=\"a-list-item\"><span dir=\"auto\">Esta m\u00e1quina de karaoke con pantalla de letras viene con una suscripci\u00f3n gratuita a KaraFun de 6 meses y acceso a m\u00e1s de 100.000 canciones.\u00a0<\/span><\/span><\/li>\n<li><span class=\"a-list-item\"><span dir=\"auto\">Con\u00e9ctese f\u00e1cilmente a WiFi o a un televisor a trav\u00e9s de HDMI para disfrutar de una experiencia de karaoke todo en uno, perfecta para el hogar, fiestas y eventos al aire libre.<\/span><\/span><\/li>\n<\/ul>\n<p><strong><span class=\"a-list-item\"><span dir=\"auto\">SONIDO INMERSIVO CON CALIDAD DE CONCIERTO<\/span><\/span><\/strong><\/p>\n<ul>\n<li><span class=\"a-list-item\"><span dir=\"auto\">El Ikarao PRO Sound 3.0 ofrece una potencia m\u00e1xima de 140 W con altavoces duales de 2,7&#8243;, lo que proporciona un sonido claro y potente con audio equilibrado, con reducci\u00f3n de ruido y cancelaci\u00f3n de eco.\u00a0<\/span><\/span><\/li>\n<li><span class=\"a-list-item\"><span dir=\"auto\">Cambia de un altavoz Bluetooth durante el d\u00eda a un potente karaoke por la noche, con refuerzo de graves para una experiencia inmersiva.<\/span><\/span><\/li>\n<\/ul>\n<p><strong><span class=\"a-list-item\"><span dir=\"auto\">DISE\u00d1O DE MICR\u00d3FONO BLUETOOTH DEFINITIVO<\/span><\/span><\/strong><\/p>\n<ul>\n<li><span class=\"a-list-item\"><span dir=\"auto\">La m\u00e1quina de karaoke port\u00e1til Shell S2 incluye 2 micr\u00f3fonos inal\u00e1mbricos, 8 efectos de sonido y ajustes de ecualizaci\u00f3n; cada micr\u00f3fono se ajusta independientemente para un sonido claro.\u00a0<\/span><\/span><\/li>\n<li><span class=\"a-list-item\"><span dir=\"auto\">Tambi\u00e9n cuenta con ranuras para altavoces superiores para cargar y almacenar los micr\u00f3fonos, lo que lo hace perfecto para anfitriones de karaoke, DJ, organizadores de eventos y m\u00e1s.<\/span><\/span><\/li>\n<\/ul>\n<p><strong><span class=\"a-list-item\"><span dir=\"auto\">F\u00c1CIL DE USAR, EST\u00c9TICA Y EL MEJOR REGALO<\/span><\/span><\/strong><\/p>\n<ul>\n<li><span class=\"a-list-item\"><span dir=\"auto\">El Ikarao Shell S2 combina un dise\u00f1o minimalista con karaoke Bluetooth f\u00e1cil de usar, perfecto para todas las edades.\u00a0<\/span><\/span><\/li>\n<li><span class=\"a-list-item\"><span dir=\"auto\">Es un regalo ideal para cualquier ocasi\u00f3n, creando recuerdos alegres a trav\u00e9s de la m\u00fasica durante las vacaciones y momentos especiales.<\/span><\/span><\/li>\n<\/ul>\n<h3>Caracter\u00edsticas<\/h3>\n<div class=\"booster-col-md-4 booster-col-6 order-md-1 text-center text-md-left pr-md-5    booster-mobile-spacing-10          \">\n<div class=\"shopbooster_right_col\">\n<p class=\"mb-2 booster-title booster-title-bottom-4\"><span dir=\"auto\">Pantalla incorporada<\/span><\/p>\n<\/div>\n<\/div>\n<div class=\"booster-col-md-4 booster-col-6 order-md-1 text-center text-md-left pr-md-5    booster-mobile-spacing-10          \">\n<div class=\"shopbooster_right_col\">\n<p class=\"mb-2 booster-title booster-title-bottom-4\"><span dir=\"auto\">Micr\u00f3fonos incorporados<\/span><\/p>\n<\/div>\n<\/div>\n<div class=\"booster-col-md-4 booster-col-6 order-md-1 text-center text-md-left pr-md-5    booster-mobile-spacing-10          \">\n<div class=\"shopbooster_right_col\">\n<p class=\"mb-2 booster-title booster-title-bottom-4\"><span dir=\"auto\">Karafun gratis durante 6 meses<\/span><\/p>\n<\/div>\n<\/div>\n<div class=\"booster-col-md-4 booster-col-6 order-md-1 text-center text-md-left pr-md-5    booster-mobile-spacing-10          \">\n<div class=\"shopbooster_right_col\">\n<p class=\"mb-2 booster-title booster-title-bottom-4\"><span dir=\"auto\">Espect\u00e1culo de luces din\u00e1mico<\/span><\/p>\n<\/div>\n<\/div>\n<div class=\"booster-col-md-4 booster-col-6 order-md-1 text-center text-md-left pr-md-5                \">\n<div class=\"shopbooster_right_col\">\n<p class=\"mb-2 booster-title booster-title-bottom-4\"><span dir=\"auto\">HDMI 1.4, Bluetooth 5.4, Wi-Fi 2.4G\/5G<\/span><\/p>\n<\/div>\n<\/div>\n<div class=\"booster-col-md-4 booster-col-6 order-md-1 text-center text-md-left pr-md-5                \">\n<div class=\"shopbooster_right_col\">\n<p class=\"mb-2 booster-title booster-title-bottom-4\"><span dir=\"auto\">Duraci\u00f3n de la bater\u00eda \u226510H<\/span><\/p>\n<\/div>\n<\/div>\n","protected":false},"excerpt":{"rendered":"<p>SHELL S2 LA MEJOR OPCI\u00d3N DE KARAOKE PORT\u00c1TIL Shell S2 es la mejor m\u00e1quina de karaoke port\u00e1til todo en uno<\/p>\n","protected":false},"featured_media":92328,"comment_status":"open","ping_status":"closed","template":"","meta":{"nf_dc_page":""},"product_brand":[1049],"product_cat":[89],"product_tag":[1052],"class_list":{"0":"post-92327","1":"product","2":"type-product","3":"status-publish","4":"has-post-thumbnail","6":"product_brand-ikarao","7":"product_cat-electronicos","8":"product_tag-1052","10":"first","11":"instock","12":"shipping-taxable","13":"purchasable","14":"product-type-simple"},"_links":{"self":[{"href":"https:\/\/brandss.com.py\/index\/wp-json\/wp\/v2\/product\/92327","targetHints":{"allow":["GET"]}}],"collection":[{"href":"https:\/\/brandss.com.py\/index\/wp-json\/wp\/v2\/product"}],"about":[{"href":"https:\/\/brandss.com.py\/index\/wp-json\/wp\/v2\/types\/product"}],"replies":[{"embeddable":true,"href":"https:\/\/brandss.com.py\/index\/wp-json\/wp\/v2\/comments?post=92327"}],"version-history":[{"count":1,"href":"https:\/\/brandss.com.py\/index\/wp-json\/wp\/v2\/product\/92327\/revisions"}],"predecessor-version":[{"id":92338,"href":"https:\/\/brandss.com.py\/index\/wp-json\/wp\/v2\/product\/92327\/revisions\/92338"}],"wp:featuredmedia":[{"embeddable":true,"href":"https:\/\/brandss.com.py\/index\/wp-json\/wp\/v2\/media\/92328"}],"wp:attachment":[{"href":"https:\/\/brandss.com.py\/index\/wp-json\/wp\/v2\/media?parent=92327"}],"wp:term":[{"taxonomy":"product_brand","embeddable":true,"href":"https:\/\/brandss.com.py\/index\/wp-json\/wp\/v2\/product_brand?post=92327"},{"taxonomy":"product_cat","embeddable":true,"href":"https:\/\/brandss.com.py\/index\/wp-json\/wp\/v2\/product_cat?post=92327"},{"taxonomy":"product_tag","embeddable":true,"href":"https:\/\/brandss.com.py\/index\/wp-json\/wp\/v2\/product_tag?post=92327"}],"curies":[{"name":"wp","href":"https:\/\/api.w.org\/{rel}","templated":true}]}}