{"id":92379,"date":"2025-10-18T13:42:09","date_gmt":"2025-10-18T13:42:09","guid":{"rendered":"https:\/\/brandss.com.py\/index\/?post_type=product&#038;p=92379"},"modified":"2025-10-18T16:56:34","modified_gmt":"2025-10-18T16:56:34","slug":"llavero-juvenil-pop-mart-popland-labubu-mokoko-the-blue-diamond","status":"publish","type":"product","link":"https:\/\/brandss.com.py\/index\/producto\/llavero-juvenil-pop-mart-popland-labubu-mokoko-the-blue-diamond\/","title":{"rendered":"LLAVERO JUVENIL POP MART POPLAND LABUBU MOKOKO THE BLUE DIAMOND"},"content":{"rendered":"<p><img loading=\"lazy\" decoding=\"async\" class=\"\" src=\"https:\/\/www.toyeast.com\/wp-content\/uploads\/2021\/11\/popmart-cover-image_%E5%B7%A5%E4%BD%9C%E5%8D%80%E5%9F%9F-1.jpg\" alt=\"POPMART \u2013 \u6771\u65b9\u73a9\u5177\u6709\u9650\u516c\u53f8\" width=\"107\" height=\"107\" \/><\/p>\n<h1>LABUBU MOKOKO THE BLUE DIAMOND<\/h1>\n<p data-start=\"26\" data-end=\"219\">El llavero Popland Labubu The Blue Diamond Mokoko es una encantadora pieza de colecci\u00f3n que combina el estilo m\u00e1gico y travieso del universo <em data-start=\"171\" data-end=\"179\">Labubu<\/em> con un toque de elegancia y fantas\u00eda. Este modelo presenta a Labubu en una versi\u00f3n inspirada en los tonos del diamante azul, con un dise\u00f1o brillante y detalles que evocan pureza y misterio. Su cuerpo est\u00e1 cubierto por un traje peludito en tonos azul celeste y turquesa, acompa\u00f1ado de un vestido o capa con acabados iridiscentes que reflejan la luz sutilmente. Su rostro conserva la expresi\u00f3n caracter\u00edstica: ojos grandes y brillantes, sonrisa de dientes peque\u00f1os y una nariz en forma de coraz\u00f3n, d\u00e1ndole ese encanto peculiar y dulce.<\/p>\n<p data-start=\"762\" data-end=\"791\"><strong data-start=\"765\" data-end=\"789\">Detalles destacados:<\/strong><\/p>\n<ul data-start=\"792\" data-end=\"1059\">\n<li data-start=\"792\" data-end=\"855\">\n<p data-start=\"794\" data-end=\"855\">Llavero o figura coleccionable de edici\u00f3n especial Popland.<\/p>\n<\/li>\n<li data-start=\"856\" data-end=\"923\">\n<p data-start=\"858\" data-end=\"923\">Dise\u00f1o detallado, con textura suave y acabados de alta calidad.<\/p>\n<\/li>\n<li data-start=\"924\" data-end=\"988\">\n<p data-start=\"926\" data-end=\"988\">Ideal para decorar mochilas, bolsos o vitrinas de colecci\u00f3n.<\/p>\n<\/li>\n<li data-start=\"989\" data-end=\"1059\">\n<p data-start=\"991\" data-end=\"1059\">Representa la fusi\u00f3n entre lo tierno, lo elegante y lo fant\u00e1stico.<\/p>\n<\/li>\n<\/ul>\n<p data-start=\"1061\" data-end=\"1267\">En resumen, el Labubu The Blue Diamond Mokoko es un llavero que simboliza ternura, brillo y encanto m\u00e1gico, perfecto para quienes aman los art\u00edculos coleccionables con estilo \u00fanico y so\u00f1ador.<\/p>\n","protected":false},"excerpt":{"rendered":"<p>LABUBU MOKOKO THE BLUE DIAMOND El llavero Popland Labubu The Blue Diamond Mokoko es una encantadora pieza de colecci\u00f3n que<\/p>\n","protected":false},"featured_media":92380,"comment_status":"open","ping_status":"closed","template":"","meta":{"nf_dc_page":""},"product_brand":[1055],"product_cat":[75],"product_tag":[1057],"class_list":{"0":"post-92379","1":"product","2":"type-product","3":"status-publish","4":"has-post-thumbnail","6":"product_brand-pop-mart","7":"product_cat-infantil","8":"product_tag-1057","10":"first","11":"instock","12":"sale","13":"shipping-taxable","14":"purchasable","15":"product-type-simple"},"_links":{"self":[{"href":"https:\/\/brandss.com.py\/index\/wp-json\/wp\/v2\/product\/92379","targetHints":{"allow":["GET"]}}],"collection":[{"href":"https:\/\/brandss.com.py\/index\/wp-json\/wp\/v2\/product"}],"about":[{"href":"https:\/\/brandss.com.py\/index\/wp-json\/wp\/v2\/types\/product"}],"replies":[{"embeddable":true,"href":"https:\/\/brandss.com.py\/index\/wp-json\/wp\/v2\/comments?post=92379"}],"version-history":[{"count":1,"href":"https:\/\/brandss.com.py\/index\/wp-json\/wp\/v2\/product\/92379\/revisions"}],"predecessor-version":[{"id":92385,"href":"https:\/\/brandss.com.py\/index\/wp-json\/wp\/v2\/product\/92379\/revisions\/92385"}],"wp:featuredmedia":[{"embeddable":true,"href":"https:\/\/brandss.com.py\/index\/wp-json\/wp\/v2\/media\/92380"}],"wp:attachment":[{"href":"https:\/\/brandss.com.py\/index\/wp-json\/wp\/v2\/media?parent=92379"}],"wp:term":[{"taxonomy":"product_brand","embeddable":true,"href":"https:\/\/brandss.com.py\/index\/wp-json\/wp\/v2\/product_brand?post=92379"},{"taxonomy":"product_cat","embeddable":true,"href":"https:\/\/brandss.com.py\/index\/wp-json\/wp\/v2\/product_cat?post=92379"},{"taxonomy":"product_tag","embeddable":true,"href":"https:\/\/brandss.com.py\/index\/wp-json\/wp\/v2\/product_tag?post=92379"}],"curies":[{"name":"wp","href":"https:\/\/api.w.org\/{rel}","templated":true}]}}