{"id":92431,"date":"2025-10-18T19:15:32","date_gmt":"2025-10-18T19:15:32","guid":{"rendered":"https:\/\/brandss.com.py\/index\/?post_type=product&#038;p=92431"},"modified":"2025-10-18T19:18:36","modified_gmt":"2025-10-18T19:18:36","slug":"llavero-juvenil-pop-mart-labubu-the-monsters-merbubu-hide-and-seek","status":"publish","type":"product","link":"https:\/\/brandss.com.py\/index\/producto\/llavero-juvenil-pop-mart-labubu-the-monsters-merbubu-hide-and-seek\/","title":{"rendered":"LLAVERO JUVENIL POP MART LABUBU THE MONSTERS MERBUBU HIDE AND SEEK"},"content":{"rendered":"<p><img loading=\"lazy\" decoding=\"async\" class=\"\" src=\"https:\/\/www.toyeast.com\/wp-content\/uploads\/2021\/11\/popmart-cover-image_%E5%B7%A5%E4%BD%9C%E5%8D%80%E5%9F%9F-1.jpg\" alt=\"POPMART \u2013 \u6771\u65b9\u73a9\u5177\u6709\u9650\u516c\u53f8\" width=\"121\" height=\"121\" \/><\/p>\n<h1>LABUBU THE MONSTERS MERBUBU HIDE AND SEEK<\/h1>\n<p data-start=\"242\" data-end=\"528\"><span dir=\"auto\">Esta exclusiva serie de Singapur presenta\u00a0<\/span><span dir=\"auto\">a Labubu con un encantador dise\u00f1o &#8221;\u00a0<\/span><span dir=\"auto\">Merbubu<\/span><span dir=\"auto\">\u00a0&#8221; inspirado en una sirena\u00a0, presentado en un suave llavero de peluche de vinilo.<img decoding=\"async\" class=\"alignleft\" src=\"https:\/\/http2.mlstatic.com\/D_NQ_NP_866673-MLC82158124623_012025-O.webp\" \/> <\/span><\/p>\n<p data-start=\"242\" data-end=\"528\"><span dir=\"auto\">Cada caja sorpresa incluye un colgante \u00fanico e irrepetible, adornado con un delicado bordado y una resistente anilla met\u00e1lica para sujetarlo f\u00e1cilmente.<\/span><\/p>\n<p data-start=\"530\" data-end=\"571\"><span dir=\"auto\">\u26a0\ufe0f\u00a0<\/span><strong data-start=\"533\" data-end=\"571\"><span dir=\"auto\">No apto para menores de 15 a\u00f1os.<\/span><\/strong><\/p>\n<p data-start=\"573\" data-end=\"843\"><em data-start=\"573\" data-end=\"587\"><span dir=\"auto\">Nota:<\/span><\/em><br data-start=\"587\" data-end=\"590\" \/><span dir=\"auto\">Debido a la medici\u00f3n manual, el tama\u00f1o real puede variar entre \u00b10,4 y 1,2 pulgadas.<\/span><br data-start=\"662\" data-end=\"665\" \/><span dir=\"auto\">Los colores y detalles del producto pueden variar ligeramente debido a la iluminaci\u00f3n, la configuraci\u00f3n de la pantalla y las condiciones de la fotograf\u00eda.<\/span><br data-start=\"793\" data-end=\"796\" \/><span dir=\"auto\">Las im\u00e1genes y las dimensiones son solo de referencia.<\/span><\/p>\n<p>Carater\u00edsticas<\/p>\n<p>Dise\u00f1ador: POP MART.<br \/>\nFecha de lanzamiento: Exclusiva en Singapur \u2013 2024.<br \/>\nMaterial: Poli\u00e9ster, algod\u00f3n, aleaci\u00f3n.<br \/>\nAltura: Aprox. 11 cm (4,3 pulgadas).<\/p>\n","protected":false},"excerpt":{"rendered":"<p>LABUBU THE MONSTERS MERBUBU HIDE AND SEEK Esta exclusiva serie de Singapur presenta\u00a0a Labubu con un encantador dise\u00f1o &#8221;\u00a0Merbubu\u00a0&#8221; inspirado<\/p>\n","protected":false},"featured_media":92432,"comment_status":"open","ping_status":"closed","template":"","meta":{"nf_dc_page":""},"product_brand":[1055],"product_cat":[75],"product_tag":[1062],"class_list":{"0":"post-92431","1":"product","2":"type-product","3":"status-publish","4":"has-post-thumbnail","6":"product_brand-pop-mart","7":"product_cat-infantil","8":"product_tag-1062","10":"first","11":"instock","12":"sale","13":"shipping-taxable","14":"purchasable","15":"product-type-simple"},"_links":{"self":[{"href":"https:\/\/brandss.com.py\/index\/wp-json\/wp\/v2\/product\/92431","targetHints":{"allow":["GET"]}}],"collection":[{"href":"https:\/\/brandss.com.py\/index\/wp-json\/wp\/v2\/product"}],"about":[{"href":"https:\/\/brandss.com.py\/index\/wp-json\/wp\/v2\/types\/product"}],"replies":[{"embeddable":true,"href":"https:\/\/brandss.com.py\/index\/wp-json\/wp\/v2\/comments?post=92431"}],"version-history":[{"count":2,"href":"https:\/\/brandss.com.py\/index\/wp-json\/wp\/v2\/product\/92431\/revisions"}],"predecessor-version":[{"id":92438,"href":"https:\/\/brandss.com.py\/index\/wp-json\/wp\/v2\/product\/92431\/revisions\/92438"}],"wp:featuredmedia":[{"embeddable":true,"href":"https:\/\/brandss.com.py\/index\/wp-json\/wp\/v2\/media\/92432"}],"wp:attachment":[{"href":"https:\/\/brandss.com.py\/index\/wp-json\/wp\/v2\/media?parent=92431"}],"wp:term":[{"taxonomy":"product_brand","embeddable":true,"href":"https:\/\/brandss.com.py\/index\/wp-json\/wp\/v2\/product_brand?post=92431"},{"taxonomy":"product_cat","embeddable":true,"href":"https:\/\/brandss.com.py\/index\/wp-json\/wp\/v2\/product_cat?post=92431"},{"taxonomy":"product_tag","embeddable":true,"href":"https:\/\/brandss.com.py\/index\/wp-json\/wp\/v2\/product_tag?post=92431"}],"curies":[{"name":"wp","href":"https:\/\/api.w.org\/{rel}","templated":true}]}}