{"id":92440,"date":"2025-10-20T12:48:32","date_gmt":"2025-10-20T12:48:32","guid":{"rendered":"https:\/\/brandss.com.py\/index\/?post_type=product&#038;p=92440"},"modified":"2025-10-20T12:49:10","modified_gmt":"2025-10-20T12:49:10","slug":"soporte-telescopico-coteci-51016-bk-ajustable-de-aleacion-de-aluminio","status":"publish","type":"product","link":"https:\/\/brandss.com.py\/index\/producto\/soporte-telescopico-coteci-51016-bk-ajustable-de-aleacion-de-aluminio\/","title":{"rendered":"SOPORTE TELESC\u00d3PICO COTECI 51016-BK AJUSTABLE DE ALEACI\u00d3N DE ALUMINIO"},"content":{"rendered":"<p><img loading=\"lazy\" decoding=\"async\" class=\"\" src=\"https:\/\/idealelifestyle.com.sg\/cdn\/shop\/collections\/shopify_collection_image_4_873f11dc-e345-407f-b782-40229d34296f.png?v=1747123156\" alt=\"Coteci \u2013 idealelifestyle\" width=\"106\" height=\"106\" \/><\/p>\n<h1>51016-BK<\/h1>\n<p id=\"tl_16\" data-spm-anchor-id=\"a2700.details-description.0.i1.1e75c3flc3flCD\"><em><strong>Soporte con construcci\u00f3n de aleaci\u00f3n de aluminio duradera<\/strong><\/em><\/p>\n<p data-spm-anchor-id=\"a2700.details-description.0.i1.1e75c3flc3flCD\">Nuestro resistente soporte de pluma telesc\u00f3pica de aleaci\u00f3n de aluminio COTECi est\u00e1 construido para soportar el desgaste diario, asegurando un soporte duradero para su dispositivo m\u00f3vil. Soporte de cama, dormitorio y escritorio vers\u00e1ti, con sus caracter\u00edsticas ajustables, este tel\u00e9fono m\u00f3vil y soporte universal para tableta puede funcionar como un soporte de mesa de cama, un soporte de dormitorio y un soporte de escritorio, proporciona flexibilidad para varios espacios interiores.<img loading=\"lazy\" decoding=\"async\" class=\"alignleft\" src=\"https:\/\/sc04.alicdn.com\/kf\/H05413b14186b4ab5b18bd5253d806eb78\/276224548\/H05413b14186b4ab5b18bd5253d806eb78.jpg\" width=\"619\" height=\"619\" \/><\/p>\n<h5 id=\"tl_18\">Compatibilidad universal:<\/h5>\n<p>Este soporte ajustable para tableta es compatible con el dispositivo elegido, lo que garantiza un soporte seguro y fiable mientras usa su tel\u00e9fono o tableta.<\/p>\n<h5 id=\"tl_19\">Dise\u00f1o extensible de larga duraci\u00f3n:<\/h5>\n<p>La funci\u00f3n telesc\u00f3pica permite que el soporte se extienda y soporte su dispositivo a la altura deseada, lo que garantiza un agarre c\u00f3modo y una experiencia de visualizaci\u00f3n sin desorden.<\/p>\n<h5 id=\"tl_20\" data-spm-anchor-id=\"a2700.details-description.0.i0.1e75c3flc3flCD\">Valor exclusivo de la marca COTECi:<\/h5>\n<p data-spm-anchor-id=\"a2700.details-description.0.i0.1e75c3flc3flCD\">Con su soporte ajustable de aleaci\u00f3n de aluminio para tabletas, COTECi ofrece un producto de primera calidad, respaldado por un compromiso con la calidad y la innovaci\u00f3n, lo que lo convierte en un complemento perfecto para el espacio de trabajo de su hogar u oficina.<\/p>\n<h4><span data-sheets-root=\"1\" data-sheets-value=\"{&quot;1&quot;:2,&quot;2&quot;:&quot;COTECi SD-57 Aluminum Alloy Telescopic iPad\/iPhone - 51016&quot;}\"><span dir=\"auto\">Caracter\u00edsticas<\/span><\/span><\/h4>\n<p><span dir=\"auto\">Estructura triangular.<\/span><\/p>\n<p><span dir=\"auto\">Dise\u00f1o de ranura para cables.<\/span><\/p>\n<p><span dir=\"auto\">Coj\u00edn de respaldo de cuero.<\/span><\/p>\n<p><span dir=\"auto\">Juego\/Estudio.<\/span><\/p>\n<p><span dir=\"auto\">Color: Negro.<\/span><\/p>\n<p><span dir=\"auto\">Peso: 723 g\/923 g.<\/span><\/p>\n<p><span dir=\"auto\">Material: Aleaci\u00f3n de aluminio + gel de s\u00edlice + ABS.<\/span><\/p>\n","protected":false},"excerpt":{"rendered":"<p>51016-BK Soporte con construcci\u00f3n de aleaci\u00f3n de aluminio duradera Nuestro resistente soporte de pluma telesc\u00f3pica de aleaci\u00f3n de aluminio COTECi<\/p>\n","protected":false},"featured_media":92441,"comment_status":"open","ping_status":"closed","template":"","meta":{"nf_dc_page":""},"product_brand":[1044],"product_cat":[89],"product_tag":[1064],"class_list":{"0":"post-92440","1":"product","2":"type-product","3":"status-publish","4":"has-post-thumbnail","6":"product_brand-coteci","7":"product_cat-electronicos","8":"product_tag-1064","10":"first","11":"instock","12":"shipping-taxable","13":"purchasable","14":"product-type-simple"},"_links":{"self":[{"href":"https:\/\/brandss.com.py\/index\/wp-json\/wp\/v2\/product\/92440","targetHints":{"allow":["GET"]}}],"collection":[{"href":"https:\/\/brandss.com.py\/index\/wp-json\/wp\/v2\/product"}],"about":[{"href":"https:\/\/brandss.com.py\/index\/wp-json\/wp\/v2\/types\/product"}],"replies":[{"embeddable":true,"href":"https:\/\/brandss.com.py\/index\/wp-json\/wp\/v2\/comments?post=92440"}],"version-history":[{"count":1,"href":"https:\/\/brandss.com.py\/index\/wp-json\/wp\/v2\/product\/92440\/revisions"}],"predecessor-version":[{"id":92448,"href":"https:\/\/brandss.com.py\/index\/wp-json\/wp\/v2\/product\/92440\/revisions\/92448"}],"wp:featuredmedia":[{"embeddable":true,"href":"https:\/\/brandss.com.py\/index\/wp-json\/wp\/v2\/media\/92441"}],"wp:attachment":[{"href":"https:\/\/brandss.com.py\/index\/wp-json\/wp\/v2\/media?parent=92440"}],"wp:term":[{"taxonomy":"product_brand","embeddable":true,"href":"https:\/\/brandss.com.py\/index\/wp-json\/wp\/v2\/product_brand?post=92440"},{"taxonomy":"product_cat","embeddable":true,"href":"https:\/\/brandss.com.py\/index\/wp-json\/wp\/v2\/product_cat?post=92440"},{"taxonomy":"product_tag","embeddable":true,"href":"https:\/\/brandss.com.py\/index\/wp-json\/wp\/v2\/product_tag?post=92440"}],"curies":[{"name":"wp","href":"https:\/\/api.w.org\/{rel}","templated":true}]}}