{"id":92463,"date":"2025-10-20T13:59:16","date_gmt":"2025-10-20T13:59:16","guid":{"rendered":"https:\/\/brandss.com.py\/index\/?post_type=product&#038;p=92463"},"modified":"2025-10-20T14:00:02","modified_gmt":"2025-10-20T14:00:02","slug":"soporte-magnetico-telesin-travel-phone-holder-p1-hss-02","status":"publish","type":"product","link":"https:\/\/brandss.com.py\/index\/producto\/soporte-magnetico-telesin-travel-phone-holder-p1-hss-02\/","title":{"rendered":"SOPORTE MAGN\u00c9TICO TELESIN TRAVEL PHONE HOLDER P1-HSS-02"},"content":{"rendered":"<p><img loading=\"lazy\" decoding=\"async\" class=\"\" src=\"https:\/\/movidis.nl\/wp-content\/uploads\/2022\/02\/TELESIN-LOGO-600x180-2.png\" alt=\"Telesin-Movidis\" width=\"127\" height=\"38\" \/><\/p>\n<h1>TRAVEL PHONE HOLDER P1-HSS-02<\/h1>\n<h5><em><span class=\"a-list-item\">Imprescindible para los viajeros<\/span><\/em><\/h5>\n<p><span class=\"a-list-item\">Di adi\u00f3s a los endebles soportes para tel\u00e9fono que no pueden seguir el ritmo de tu viaje. Este soporte de tel\u00e9fono compatible con MagSafe es tu mejor compa\u00f1ero de viaje: compacto, port\u00e1til y ahora con un accesorio magn\u00e9tico r\u00e1pido para una configuraci\u00f3n sin esfuerzo. Engancha a una bandeja de mesa, asa de equipaje, escritorio, cama o incluso una m\u00e1quina de gimnasio, dondequiera que la vida te lleve, disfruta de una experiencia estable y manos libres en cualquier momento y en cualquier lugar.<img loading=\"lazy\" decoding=\"async\" class=\"alignleft\" src=\"https:\/\/www.telesinstore.com\/cdn\/shop\/files\/3_4724b76d-12a0-463a-99d7-5cf558500658.jpg?v=1740040338\" width=\"579\" height=\"579\" \/><\/span><\/p>\n<h5><span class=\"a-list-item\">Mejora magn\u00e9tica, segura y sin esfuerzo<\/span><\/h5>\n<p><span class=\"a-list-item\">Olv\u00eddate de la molestia de las abrazaderas tradicionales. Nuestro soporte magn\u00e9tico de liberaci\u00f3n r\u00e1pida cuenta con 12 imanes de neodimio ultra fuertes, lo que garantiza un agarre firme y seguro en tu tel\u00e9fono. El dise\u00f1o instant\u00e1neo a presi\u00f3n hace que montar y desmontar tu dispositivo sea f\u00e1cil. Adem\u00e1s, hemos incluido un anillo magn\u00e9tico para que todos los tel\u00e9fonos inteligentes puedan disfrutar de la comodidad de MagSafe, ya sea que lo admitan de forma nativa o no<\/span><\/p>\n<h5><span class=\"a-list-item\">Encuentra tu visi\u00f3n perfecta<\/span><\/h5>\n<p><span class=\"a-list-item\">Ajusta con facilidad: disfruta de una rotaci\u00f3n de 360\u00b0 sin esfuerzo con juntas dobles, lo que te permite encontrar el \u00e1ngulo perfecto, ya sea que est\u00e9s viendo una pel\u00edcula en la cama, trabajando en tu escritorio o relaj\u00e1ndote en pleno vuelo. La estructura resistente de aluminio y ABS proporciona una estabilidad superior, mientras que el soporte MagSafe mantiene tu tel\u00e9fono en su lugar sin apretar ni rayar.<\/span><\/p>\n<h5><span class=\"a-list-item\">Clicker universal para tel\u00e9fono y tablet<\/span><\/h5>\n<p><span class=\"a-list-item\">Toma el control total de tu tel\u00e9fono sin tocarlo. Desliza videos de TikTok\/YouTube\/Instagram, voltea p\u00e1ginas novedosas en aplicaciones Kindle (iPhone\/iPad\/tabletas), cambia pistas de m\u00fasica, activa la grabaci\u00f3n de la c\u00e1mara o selfies y el contenido similar, todo con un clic. Perfecto para transmisi\u00f3n en vivo manos libres, lectura o momentos de viaje. Controla videos, libros, m\u00fasica y fotos sin problemas, ya sea en casa, en vuelos o en cualquier lugar<\/span><\/p>\n<h5><span class=\"a-list-item\">Compatibilidad universal<\/span><\/h5>\n<p><span class=\"a-list-item\">Funciona con cualquier tel\u00e9fono: \u00bfSin MagSafe? \u00a1No hay problema! Nuestro paquete incluye un adaptador de anillo magn\u00e9tico, lo que permite que todos los tel\u00e9fonos inteligentes disfruten de los beneficios del accesorio MagSafe. Compatible con iPhone 16\/16 Plus\/16 Pro\/16 Pro Max, 15\/15 Plus\/15 Pro\/15 Pro Max, 14\/14 Plus\/14 Pro\/14 Pro Max, e incluso dispositivos no MagSafe como Samsung Galaxy M12\/M32, Google Pixel 6, Xiaomi Redmi Note 10 Pro y m\u00e1s. No hay necesidad de quitar la funda de tu tel\u00e9fono, \u00a1simplemente col\u00f3calo y listo!<\/span><\/p>\n<h3><strong><span dir=\"auto\">Caracter\u00edsticas<\/span><\/strong><\/h3>\n<ol>\n<li><span dir=\"auto\">Control remoto Bluetooth, reproducci\u00f3n de video fluida (compatible con iOS y Android)<\/span><\/li>\n<li><span dir=\"auto\">Fuerte atracci\u00f3n magn\u00e9tica, ajuste estable.\u00a0<\/span><\/li>\n<li><span dir=\"auto\">\u00a0Doble rotaci\u00f3n de 360\u00b0, varios \u00e1ngulos<\/span><\/li>\n<li><span dir=\"auto\">\u00a0Amplia gama de sujeci\u00f3n, admite m\u00e1s tableros de mesa.<\/span><\/li>\n<li><span dir=\"auto\">\u00a0Dise\u00f1o oculto integrado, compacto y port\u00e1til, sin carga al viajar.<\/span><\/li>\n<\/ol>\n","protected":false},"excerpt":{"rendered":"<p>TRAVEL PHONE HOLDER P1-HSS-02 Imprescindible para los viajeros Di adi\u00f3s a los endebles soportes para tel\u00e9fono que no pueden seguir<\/p>\n","protected":false},"featured_media":92464,"comment_status":"open","ping_status":"closed","template":"","meta":{"nf_dc_page":""},"product_brand":[1009],"product_cat":[89],"product_tag":[1066],"class_list":{"0":"post-92463","1":"product","2":"type-product","3":"status-publish","4":"has-post-thumbnail","6":"product_brand-telesin","7":"product_cat-electronicos","8":"product_tag-1066","10":"first","11":"instock","12":"shipping-taxable","13":"purchasable","14":"product-type-simple"},"_links":{"self":[{"href":"https:\/\/brandss.com.py\/index\/wp-json\/wp\/v2\/product\/92463","targetHints":{"allow":["GET"]}}],"collection":[{"href":"https:\/\/brandss.com.py\/index\/wp-json\/wp\/v2\/product"}],"about":[{"href":"https:\/\/brandss.com.py\/index\/wp-json\/wp\/v2\/types\/product"}],"replies":[{"embeddable":true,"href":"https:\/\/brandss.com.py\/index\/wp-json\/wp\/v2\/comments?post=92463"}],"version-history":[{"count":1,"href":"https:\/\/brandss.com.py\/index\/wp-json\/wp\/v2\/product\/92463\/revisions"}],"predecessor-version":[{"id":92479,"href":"https:\/\/brandss.com.py\/index\/wp-json\/wp\/v2\/product\/92463\/revisions\/92479"}],"wp:featuredmedia":[{"embeddable":true,"href":"https:\/\/brandss.com.py\/index\/wp-json\/wp\/v2\/media\/92464"}],"wp:attachment":[{"href":"https:\/\/brandss.com.py\/index\/wp-json\/wp\/v2\/media?parent=92463"}],"wp:term":[{"taxonomy":"product_brand","embeddable":true,"href":"https:\/\/brandss.com.py\/index\/wp-json\/wp\/v2\/product_brand?post=92463"},{"taxonomy":"product_cat","embeddable":true,"href":"https:\/\/brandss.com.py\/index\/wp-json\/wp\/v2\/product_cat?post=92463"},{"taxonomy":"product_tag","embeddable":true,"href":"https:\/\/brandss.com.py\/index\/wp-json\/wp\/v2\/product_tag?post=92463"}],"curies":[{"name":"wp","href":"https:\/\/api.w.org\/{rel}","templated":true}]}}