{"id":92496,"date":"2025-10-20T18:11:29","date_gmt":"2025-10-20T18:11:29","guid":{"rendered":"https:\/\/brandss.com.py\/index\/?post_type=product&#038;p=92496"},"modified":"2026-03-06T13:00:57","modified_gmt":"2026-03-06T13:00:57","slug":"soporte-magnetico-telesin-desktop-stand-p3-ds-01-aluminum-alloy","status":"publish","type":"product","link":"https:\/\/brandss.com.py\/index\/producto\/soporte-magnetico-telesin-desktop-stand-p3-ds-01-aluminum-alloy\/","title":{"rendered":"SOPORTE MAGN\u00c9TICO TELESIN DESKTOP STAND P3-DS-01 ALUMINUM ALLOY"},"content":{"rendered":"<p><img loading=\"lazy\" decoding=\"async\" class=\"\" src=\"https:\/\/movidis.nl\/wp-content\/uploads\/2022\/02\/TELESIN-LOGO-600x180-2.png\" alt=\"Telesin-Movidis\" width=\"100\" height=\"30\" \/><\/p>\n<h1>DESKTOP STAND P3-DS-01<\/h1>\n<p class=\"a-spacing-base\">Soporte magn\u00e9tico para tableta y tel\u00e9fono para tomar fotos, videollamadas, transmisi\u00f3n en vivo, transmisi\u00f3n en vivo, grabaci\u00f3n de video. Pero debe utilizarse con un anillo de plomo magn\u00e9tico (estamos equipados con fuertes parches de anillo magn\u00e9tico), que podr\u00eda soportar hasta 10 horas sin ning\u00fan problema. Soporte de tel\u00e9fono mejorado para mejorar la agitaci\u00f3n y es dif\u00edcil de ajustar. Experimenta la m\u00e1xima comodidad con el brazo de n\u00facleo de aleaci\u00f3n de alta calidad mejorado. Dise\u00f1ado para estabilidad y flexibilidad, este soporte de tel\u00e9fono de escritorio se adapta sin esfuerzo a tu \u00e1ngulo de visi\u00f3n preferido, eliminando el dolor de cuello.<img loading=\"lazy\" decoding=\"async\" class=\"alignleft\" src=\"https:\/\/www.telesin.com\/\/uploadfile\/file\/20250107\/1736242726481416.png\" width=\"427\" height=\"427\" \/><\/p>\n<h5><span class=\"a-list-item\">Detalles adicionales<\/span><\/h5>\n<p><span class=\"a-list-item\">tanto un soporte para tel\u00e9fono como un soporte para tableta iPad, compatible con la serie de tabletas iPad, dispositivos Android e iPhone. Su base resistente hace que este soporte sea estable y evita que se agite cuando tocas la pantalla del tel\u00e9fono. Al ajustar el \u00e1ngulo del soporte de escritorio, se recomienda sostener una mano en el soporte de escritorio y ajustar el \u00e1ngulo con la otra mano.<\/span><\/p>\n<h5><span class=\"a-list-item\">Funci\u00f3n magn\u00e9tica fuerte mejorada<\/span><\/h5>\n<p><span class=\"a-list-item\">Dise\u00f1ado con imanes N52, simplemente cierra tu tel\u00e9fono para un accesorio instant\u00e1neo y seguro. Resolvi\u00f3 el problema de la instalaci\u00f3n inconveniente de hebillas, acceso de alta frecuencia y f\u00e1cil atascamiento de la mano. Este soporte para tel\u00e9fono est\u00e1 equipado con la funci\u00f3n de succi\u00f3n magn\u00e9tica, que puede fijar directamente el tel\u00e9fono para un f\u00e1cil acceso.<\/span><\/p>\n<h5><span class=\"a-list-item\">Materiales de alta calidad y carga de 3 libras<\/span><\/h5>\n<p><span class=\"a-list-item\">el soporte para tablet est\u00e1 hecho de cuerpo de varilla de aleaci\u00f3n de aluminio estable, eje de carcasa de metal + base cuadrada de metal resistente, que es una combinaci\u00f3n perfecta de durabilidad, estabilidad y textura. Con recubrimiento en polvo negro de alta calidad, este soporte para tel\u00e9fono cuenta con una textura de metal resistente y proporciona la m\u00e1xima estabilidad. Clip de tel\u00e9fono Soporta dispositivos de hasta 3 libras\/3.3 lbs, sin hundimiento.<\/span><\/p>\n<h5><span class=\"a-list-item\">Base antideslizante de metal pesado<img loading=\"lazy\" decoding=\"async\" class=\"alignright\" src=\"https:\/\/m.media-amazon.com\/images\/S\/aplus-media-library-service-media\/5ade7a1f-6c4c-4f97-8c46-14c83357117d.__CR0,0,970,600_PT0_SX970_V1___.jpg\" width=\"700\" height=\"433\" \/><\/span><\/h5>\n<p><span class=\"a-list-item\">para garantizar la estabilidad del soporte para tel\u00e9fono celular, la base de este soporte de escritorio est\u00e1 hecha de excelente metal pesado, base ancha y estable que no se desliza ni se vuelca, con almohadilla antideslizante de EVA, puede aumentar la estabilidad del soporte y antideslizante, pero tambi\u00e9n puede proteger mejor el escritorio de ara\u00f1azos. Ideal para ver videos o flim en la cama, FaceTiming en el escritorio, o grabaci\u00f3n de video y transmisi\u00f3n en vivo.<\/span><\/p>\n<h5><span class=\"a-list-item\">Rotaci\u00f3n ajustable en altura y \u00e1ngulo de 360\u00b0<\/span><\/h5>\n<p><span class=\"a-list-item\">A diferencia del soporte tradicional, el soporte magn\u00e9tico para tel\u00e9fono ya no restringe la direcci\u00f3n de la pantalla del tel\u00e9fono, y se puede colocar libremente horizontal, vertical o incluso diagonal. Le permite obtener un \u00e1ngulo de visi\u00f3n y altura m\u00e1s c\u00f3modos. Reduce la frecuencia de mirar hacia abajo a la pantalla del tel\u00e9fono para evitar lastimar la espalda y el cuello.<\/span><\/p>\n<h5><span class=\"a-list-item\">Servicio al cliente posventa<\/span><\/h5>\n<p><span class=\"a-list-item\">Un soporte flexible perfecto para tel\u00e9fono\/tableta que puede liberar tus manos para ver pel\u00edculas, hacer llamadas Facetime o grabar videos, etc. Si tienes alg\u00fan problema al utilizar este soporte de tel\u00e9fono superior, no dudes en comunicarte con nosotros a trav\u00e9s del mensaje de Amazon.<\/span><\/p>\n<h5><span class=\"a-list-item\">Consejos: <\/span><\/h5>\n<p><span class=\"a-list-item\">compatible con la serie de tabletas iPad, usuarios de Android e iPhone MagSafe. Los usuarios de iPhone\/iPad tienen anillos magn\u00e9ticos integrados en sus tel\u00e9fonos, que se pueden usar directamente conect\u00e1ndolos al tel\u00e9fono. Los usuarios de Android no tienen anillos magn\u00e9ticos, pero estamos equipados con fuertes parches de anillo magn\u00e9tico. La tira magn\u00e9tica debe fijarse a la parte posterior de la funda del tel\u00e9fono y dejarse reposar durante 2 horas antes de su uso.<\/span><\/p>\n<h3><span dir=\"auto\">Caracter\u00edsticas<\/span><\/h3>\n<p><span dir=\"auto\">Fijaci\u00f3n de anillo magn\u00e9tico: Se coloca r\u00e1pidamente y se quita f\u00e1cilmente.<\/span><\/p>\n<p><span dir=\"auto\">Bisagra de metal de 360\u00b0: ajustable con m\u00faltiples \u00e1ngulos.<\/span><\/p>\n<p><span dir=\"auto\">Construcci\u00f3n robusta: la varilla de aleaci\u00f3n de aluminio, la bisagra de metal y la base de metal cuadrada garantizan la estabilidad.<\/span><\/p>\n<p><span dir=\"auto\">Anillo magn\u00e9tico hueco: mejora la refrigeraci\u00f3n; compatible con refrigeradores, cargadores inal\u00e1mbricos y otros accesorios.<\/span><\/p>\n<p><span dir=\"auto\">Montajes roscados dobles de 1\/4: admiten equipos externos como luces de anillo, luces de panel y luces de barra.<\/span><\/p>\n<p><span dir=\"auto\">Dise\u00f1o plegable: compacto y ahorra espacio.<\/span><\/p>\n<p>Modelo: P3-DS-01.<\/p>\n<p>Dimensiones de la base: 150 x 150 mil\u00edmetros.<\/p>\n<p>Dimensiones del brazo: 225 x 165 mil\u00edmetros.<\/p>\n<p>Peso del producto: Aproximadamente 1250 g.<\/p>\n<p>Material: Metal + ABS.<\/p>\n","protected":false},"excerpt":{"rendered":"<p>DESKTOP STAND P3-DS-01 Soporte magn\u00e9tico para tableta y tel\u00e9fono para tomar fotos, videollamadas, transmisi\u00f3n en vivo, transmisi\u00f3n en vivo, grabaci\u00f3n<\/p>\n","protected":false},"featured_media":92497,"comment_status":"open","ping_status":"closed","template":"","meta":{"nf_dc_page":""},"product_brand":[1009],"product_cat":[89],"product_tag":[1068],"class_list":{"0":"post-92496","1":"product","2":"type-product","3":"status-publish","4":"has-post-thumbnail","6":"product_brand-telesin","7":"product_cat-electronicos","8":"product_tag-1068","10":"first","11":"outofstock","12":"shipping-taxable","13":"purchasable","14":"product-type-simple"},"_links":{"self":[{"href":"https:\/\/brandss.com.py\/index\/wp-json\/wp\/v2\/product\/92496","targetHints":{"allow":["GET"]}}],"collection":[{"href":"https:\/\/brandss.com.py\/index\/wp-json\/wp\/v2\/product"}],"about":[{"href":"https:\/\/brandss.com.py\/index\/wp-json\/wp\/v2\/types\/product"}],"replies":[{"embeddable":true,"href":"https:\/\/brandss.com.py\/index\/wp-json\/wp\/v2\/comments?post=92496"}],"version-history":[{"count":1,"href":"https:\/\/brandss.com.py\/index\/wp-json\/wp\/v2\/product\/92496\/revisions"}],"predecessor-version":[{"id":92510,"href":"https:\/\/brandss.com.py\/index\/wp-json\/wp\/v2\/product\/92496\/revisions\/92510"}],"wp:featuredmedia":[{"embeddable":true,"href":"https:\/\/brandss.com.py\/index\/wp-json\/wp\/v2\/media\/92497"}],"wp:attachment":[{"href":"https:\/\/brandss.com.py\/index\/wp-json\/wp\/v2\/media?parent=92496"}],"wp:term":[{"taxonomy":"product_brand","embeddable":true,"href":"https:\/\/brandss.com.py\/index\/wp-json\/wp\/v2\/product_brand?post=92496"},{"taxonomy":"product_cat","embeddable":true,"href":"https:\/\/brandss.com.py\/index\/wp-json\/wp\/v2\/product_cat?post=92496"},{"taxonomy":"product_tag","embeddable":true,"href":"https:\/\/brandss.com.py\/index\/wp-json\/wp\/v2\/product_tag?post=92496"}],"curies":[{"name":"wp","href":"https:\/\/api.w.org\/{rel}","templated":true}]}}