{"id":92511,"date":"2025-10-20T19:15:02","date_gmt":"2025-10-20T19:15:02","guid":{"rendered":"https:\/\/brandss.com.py\/index\/?post_type=product&#038;p=92511"},"modified":"2025-10-20T19:17:37","modified_gmt":"2025-10-20T19:17:37","slug":"soporte-magnetico-telesin-p3-ds-02-aluminum-alloy","status":"publish","type":"product","link":"https:\/\/brandss.com.py\/index\/producto\/soporte-magnetico-telesin-p3-ds-02-aluminum-alloy\/","title":{"rendered":"SOPORTE MAGN\u00c9TICO TELESIN P3-DS-02 ALUMINUM ALLOY"},"content":{"rendered":"<p><img loading=\"lazy\" decoding=\"async\" class=\"\" src=\"https:\/\/movidis.nl\/wp-content\/uploads\/2022\/02\/TELESIN-LOGO-600x180-2.png\" alt=\"Telesin-Movidis\" width=\"100\" height=\"30\" \/><\/p>\n<h1>P3-DS-02<\/h1>\n<p><span dir=\"auto\">Crea fotos profesionales con tu tel\u00e9fono con mayor facilidad. Col\u00f3calo sobre la mesa y graba videos o realiza transmisiones en l\u00ednea con total libertad. El soporte magn\u00e9tico garantiza estabilidad y una r\u00e1pida preparaci\u00f3n para la grabaci\u00f3n, mientras que su vers\u00e1til ajuste te permite obtener el encuadre exacto que deseas. Adem\u00e1s, el dise\u00f1o plegable del tr\u00edpode te permite guardarlo y llevarlo a donde necesites sin problemas. El tr\u00edpode es compatible con accesorios adicionales, como iluminaci\u00f3n, para que puedas perfeccionar tus grabaciones desde cualquier \u00e1ngulo.<img loading=\"lazy\" decoding=\"async\" class=\"alignleft\" src=\"https:\/\/img.myipadbox.com\/upload\/store\/detail_l\/TBD06053479_B10.jpg\" width=\"521\" height=\"521\" \/><\/span><\/p>\n<h5><span dir=\"auto\">Soporte magn\u00e9tico: acceso r\u00e1pido y sujeci\u00f3n segura<\/span><\/h5>\n<p><span dir=\"auto\">Gracias al anillo magn\u00e9tico, el tr\u00edpode Telesin permite fijar el tel\u00e9fono al instante con una sola mano. Esta innovadora soluci\u00f3n no solo simplifica la colocaci\u00f3n y extracci\u00f3n del tel\u00e9fono, sino que tambi\u00e9n garantiza una sujeci\u00f3n segura, eliminando el riesgo de ca\u00eddas accidentales. Ideal para usuarios de iPhone 13, 14 y 15 con funci\u00f3n MagSafe y tel\u00e9fonos Android: solo hay que usar el anillo magn\u00e9tico adicional.<\/span><\/p>\n<h5><span dir=\"auto\">Ajuste de \u00e1ngulo flexible para tomas perfectas<\/span><\/h5>\n<p><span dir=\"auto\">El tr\u00edpode Telesin est\u00e1 equipado con una junta de amortiguaci\u00f3n giratoria que permite ajustar el \u00e1ngulo con suavidad. Tienes control total sobre la posici\u00f3n de tu tel\u00e9fono, lo que te permite ajustar perfectamente tus tomas, tanto en vertical como desde arriba. Esto te ayudar\u00e1 a crear grabaciones profesionales sin esfuerzo.<\/span><\/p>\n<h5><span dir=\"auto\">Construcci\u00f3n robusta y montaje estable sobre la mesa<\/span><\/h5>\n<p><span dir=\"auto\">La base robusta del tr\u00edpode y su estable soporte de sobremesa garantizan que la unidad no se mueva ni se mueva durante su uso. Se fija f\u00e1cilmente a diversas superficies, lo que lo convierte en una herramienta ideal tanto para trabajar en casa como para viajar. Adem\u00e1s, el acabado de silicona protege tanto la superficie de la mesa como el dispositivo de ara\u00f1azos. Su plegado facilita su almacenamiento y transporte.<\/span><\/p>\n<h5><span dir=\"auto\">Funcionalidad de refrigeraci\u00f3n y carga<\/span><\/h5>\n<p><span dir=\"auto\">Una de las mayores ventajas del tr\u00edpode Telesin es la posibilidad de acoplar un disipador de calor (se vende por separado) a la parte posterior del anillo magn\u00e9tico, lo que permite que el tel\u00e9fono disipe el calor eficazmente. Esta caracter\u00edstica lo convierte en el tr\u00edpode ideal para sesiones de grabaci\u00f3n prolongadas, cuando el uso intensivo del tel\u00e9fono puede provocar sobrecalentamiento.<\/span><\/p>\n<h5><span dir=\"auto\">Capacidad de expansi\u00f3n con accesorios adicionales<\/span><\/h5>\n<p><span dir=\"auto\">El tr\u00edpode Telesin es compatible con anillos de luz y otros accesorios con interfaz de \u00bc&#8221;, lo que te permite personalizar la iluminaci\u00f3n seg\u00fan tus necesidades de grabaci\u00f3n. Ya sea que est\u00e9s transmitiendo en vivo, grabando vlogs o creando contenido para redes sociales, puedes ajustar f\u00e1cilmente la configuraci\u00f3n para obtener los mejores resultados visuales.<\/span><\/p>\n<p>&nbsp;<\/p>\n<h3>Caracter\u00edsticas<\/h3>\n<div class=\"table-wrapper\">\n<p>Marca: Telesin.<\/p>\n<p>Modelo P3-DS-02.<\/p>\n<p>Material: aleaci\u00f3n de aluminio, aleaci\u00f3n de zinc, ABS.<\/p>\n<p>Dispositivos aplicables: tel\u00e9fonos m\u00f3viles de hasta 6,5 \u200b\u200bpulgadas<\/p>\n<p>Rango de sujeci\u00f3n de la base: aproximadamente 0-5,2 cm<\/p>\n<p>Tama\u00f1o: aproximadamente 75,3 x 10,5 x 6,4 cm<\/p>\n<p>Peso: aproximadamente 395 g<\/p>\n<p>Nota: solo el soporte, no incluye otros<\/p>\n<p>Dise\u00f1o magn\u00e9tico, f\u00e1cil de colocar con una mano<\/p>\n<p>Pivote de metal de amortiguaci\u00f3n bidireccional de 360 \u200b\u200bgrados, libre para ajustar el \u00e1ngulo<\/p>\n<p>La pinza de silicona se ajusta firmemente, mayor fuerza de sujeci\u00f3n, sin temor a que se suelte<\/p>\n<p>Cuerpo del poste de aleaci\u00f3n de aluminio, duradero, no se deforma f\u00e1cilmente<\/p>\n<p>Anillo magn\u00e9tico esquel\u00e9tico para una r\u00e1pida disipaci\u00f3n del calor<\/p>\n<p>Conector roscado de 1\/4 para m\u00e1s accesorios de fotograf\u00eda<\/p>\n<p>Husillo de amortiguaci\u00f3n bidireccional + cuerpo de tubo redondo, almacenamiento plegable, ligero y port\u00e1til<\/p>\n<p>Compatibilidad: Dispositivos m\u00f3viles de hasta 6,5 \u200b\u200bpulgadas, iPhone 13\/14\/15 Pro\/Pro Max (MagSafe), tel\u00e9fonos Android (con anillo magn\u00e9tico)<\/p>\n<p>Interfaz: 1\/4 de pulgada para accesorios externos<\/p>\n<h3>Que hay en la caja?<\/h3>\n<p>&#8211; Caja x 1<br \/>\n&#8211; Soporte x1<br \/>\n&#8211; Anillo magn\u00e9tico x 1<br \/>\n&#8211; L\u00e1mina magn\u00e9tica x 1<br \/>\n&#8211; Manual de instrucciones x 1<br \/>\n&#8211; Tornillo de cabeza hueca hexagonal x 1<br \/>\n&#8211; Kit de limpieza x 1<\/p>\n<\/div>\n","protected":false},"excerpt":{"rendered":"<p>P3-DS-02 Crea fotos profesionales con tu tel\u00e9fono con mayor facilidad. Col\u00f3calo sobre la mesa y graba videos o realiza transmisiones<\/p>\n","protected":false},"featured_media":92512,"comment_status":"open","ping_status":"closed","template":"","meta":{"nf_dc_page":""},"product_brand":[1009],"product_cat":[89],"product_tag":[1069],"class_list":{"0":"post-92511","1":"product","2":"type-product","3":"status-publish","4":"has-post-thumbnail","6":"product_brand-telesin","7":"product_cat-electronicos","8":"product_tag-p3-ds-02","10":"first","11":"instock","12":"shipping-taxable","13":"purchasable","14":"product-type-simple"},"_links":{"self":[{"href":"https:\/\/brandss.com.py\/index\/wp-json\/wp\/v2\/product\/92511","targetHints":{"allow":["GET"]}}],"collection":[{"href":"https:\/\/brandss.com.py\/index\/wp-json\/wp\/v2\/product"}],"about":[{"href":"https:\/\/brandss.com.py\/index\/wp-json\/wp\/v2\/types\/product"}],"replies":[{"embeddable":true,"href":"https:\/\/brandss.com.py\/index\/wp-json\/wp\/v2\/comments?post=92511"}],"version-history":[{"count":1,"href":"https:\/\/brandss.com.py\/index\/wp-json\/wp\/v2\/product\/92511\/revisions"}],"predecessor-version":[{"id":92525,"href":"https:\/\/brandss.com.py\/index\/wp-json\/wp\/v2\/product\/92511\/revisions\/92525"}],"wp:featuredmedia":[{"embeddable":true,"href":"https:\/\/brandss.com.py\/index\/wp-json\/wp\/v2\/media\/92512"}],"wp:attachment":[{"href":"https:\/\/brandss.com.py\/index\/wp-json\/wp\/v2\/media?parent=92511"}],"wp:term":[{"taxonomy":"product_brand","embeddable":true,"href":"https:\/\/brandss.com.py\/index\/wp-json\/wp\/v2\/product_brand?post=92511"},{"taxonomy":"product_cat","embeddable":true,"href":"https:\/\/brandss.com.py\/index\/wp-json\/wp\/v2\/product_cat?post=92511"},{"taxonomy":"product_tag","embeddable":true,"href":"https:\/\/brandss.com.py\/index\/wp-json\/wp\/v2\/product_tag?post=92511"}],"curies":[{"name":"wp","href":"https:\/\/api.w.org\/{rel}","templated":true}]}}