{"id":92526,"date":"2025-10-21T13:07:19","date_gmt":"2025-10-21T13:07:19","guid":{"rendered":"https:\/\/brandss.com.py\/index\/?post_type=product&#038;p=92526"},"modified":"2026-03-06T13:00:41","modified_gmt":"2026-03-06T13:00:41","slug":"soporte-magnetico-telesin-p9-mpr-01-car-desktop-aluminum-alloy","status":"publish","type":"product","link":"https:\/\/brandss.com.py\/index\/producto\/soporte-magnetico-telesin-p9-mpr-01-car-desktop-aluminum-alloy\/","title":{"rendered":"SOPORTE MAGN\u00c9TICO TELESIN P9-MPR-01 CAR DESKTOP ALUMINUM ALLOY"},"content":{"rendered":"<p><img loading=\"lazy\" decoding=\"async\" class=\"\" src=\"https:\/\/movidis.nl\/wp-content\/uploads\/2022\/02\/TELESIN-LOGO-600x180-2.png\" alt=\"Telesin-Movidis\" width=\"123\" height=\"37\" \/><\/p>\n<h1>P9-MPR-01 CAR DESKTOP<\/h1>\n<p><strong><span class=\"a-list-item\">Rotaci\u00f3n de 360\u00b0 y ajuste de doble eje para una visualizaci\u00f3n personalizada: <\/span><\/strong><\/p>\n<p><span class=\"a-list-item\">Este vers\u00e1til soporte para tel\u00e9fono de autom\u00f3vil ofrece una varilla giratoria de 360\u00b0 y brazos de metal plegables de doble eje de 180\u00b0, lo que permite ajustes de \u00e1ngulo f\u00e1ciles para adaptarse a su \u00e1ngulo de visi\u00f3n preferido. Cambie sin problemas entre los modos vertical y horizontal, ya sea que est\u00e9 navegando por la carretera o asistiendo a una videollamada en la oficina. El innovador dise\u00f1o plegable del soporte reduce su tama\u00f1o en un 50% cuando no est\u00e1 en uso, asegurando que su autom\u00f3vil o espacio de trabajo se mantenga ordenado. Probado m\u00e1s de 30.000 veces para mayor durabilidad, ofrece un rendimiento confiable para un uso a largo plazo<img loading=\"lazy\" decoding=\"async\" class=\"alignleft\" src=\"https:\/\/ae01.alicdn.com\/kf\/Se2291f4131c64c0082347f17cc45bdb0A.jpg?width=790&amp;height=1570&amp;hash=2360\" width=\"640\" height=\"1272\" \/><\/span><\/p>\n<h5><span class=\"a-list-item\">Fuerza magn\u00e9tica sobrealimentada para una m\u00e1xima estabilidad<\/span><\/h5>\n<p><span class=\"a-list-item\">Equipado con 24 imanes de alto rendimiento, este soporte para tel\u00e9fono cuenta con una fuerza magn\u00e9tica 240% m\u00e1s fuerte que los imanes est\u00e1ndar, proporcionando hasta 2800 gf de fuerza magn\u00e9tica. Puede sostener de forma segura dispositivos tan pesados como el iPhone 16 Pro Max. Despu\u00e9s de pasar 6.000 pruebas de vibraci\u00f3n y simulaciones extremas de carretera, puede contar con que su tel\u00e9fono permanezca firmemente unido, incluso en condiciones dif\u00edciles. El dise\u00f1o magn\u00e9tico preciso garantiza una fuerte adherencia sin interferir con las se\u00f1ales del tel\u00e9fono, lo que te da una navegaci\u00f3n ininterrumpida y llamadas claras<\/span><\/p>\n<h5><span class=\"a-list-item\">Succi\u00f3n magn\u00e9tica de vac\u00edo el\u00e9ctrico<\/span><\/h5>\n<p><span class=\"a-list-item\">El soporte de tel\u00e9fono de succi\u00f3n magn\u00e9tica de vac\u00edo el\u00e9ctrico adopta tecnolog\u00eda avanzada de vac\u00edo el\u00e9ctrico. Simplemente col\u00f3calo suavemente, puede absorber autom\u00e1ticamente superficies lisas como espejos y vidrio sin fuerza manual. Este dise\u00f1o innovador no solo simplifica los pasos de fijaci\u00f3n del tel\u00e9fono, sino que tambi\u00e9n mejora la comodidad y el sentido de la tecnolog\u00eda.<\/span><\/p>\n<h5><span class=\"a-list-item\">Consejos profesionales para un agarre m\u00e1s fuerte en superficies texturizadas!<\/span><\/h5>\n<p><span class=\"a-list-item\"> Si se monta en superficies granuladas, irregulares o no lisas (por ejemplo, tableros texturizados), utiliza la almohadilla cuadrada de policarbonato incluida para garantizar una succi\u00f3n perfecta: \u2460 Limpia la superficie y retira la pel\u00edcula protectora de la almohadilla; \u2461 Presiona la almohadilla firmemente en el \u00e1rea de montaje; \u2462 Coloca la ventosa al centro de la almohadilla y bloquea. La almohadilla crea una base ultra suave, lo que permite una expulsi\u00f3n completa del aire para un agarre s\u00f3lido como una roca<\/span><\/p>\n<h5><span class=\"a-list-item\">Amplia compatibilidad e instalaci\u00f3n r\u00e1pida: <\/span><\/h5>\n<p><span class=\"a-list-item\">Dise\u00f1ado para iPhone 16\/15\/14\/13\/12 y todos los dispositivos compatibles con MagSafe, este soporte incluye un anillo magn\u00e9tico para garantizar una fuerte sujeci\u00f3n magn\u00e9tica para tel\u00e9fonos que no sean MagSafe, as\u00ed. Ya sea que tu tel\u00e9fono est\u00e9 desnudo o en una funda, se conecta en solo un segundo con una mano, r\u00e1pido, f\u00e1cil y sin complicaciones. Con su amplia compatibilidad, se adapta de forma segura en pr\u00e1cticamente cualquier modelo de veh\u00edculo, lo que hace que la instalaci\u00f3n sea sencilla. Simplemente col\u00f3calo y ya est\u00e1s listo para ir!<\/span><\/p>\n<h5><span class=\"a-list-item\">Consejos:<\/span><\/h5>\n<p>1. Cuando lo utilices por primera vez, utiliza un adaptador por debajo de 15 W para cargar completamente el soporte de succi\u00f3n el\u00e9ctrico.<\/p>\n<p>2. El soporte de tel\u00e9fono con succi\u00f3n el\u00e9ctrica generalmente se puede utilizar durante aproximadamente medio mes cuando est\u00e1 completamente cargado. Si el sonido es d\u00e9bil, carga oportuna.<\/p>\n<p>3. Antes de usar, aseg\u00farate de que el espacio entre el soporte para tel\u00e9fono m\u00f3vil con ventosa y la superficie de contacto est\u00e9 seco y libre de polvo para evitar afectar el efecto de adsorci\u00f3n.<\/p>\n<p>4. No cargar el tel\u00e9fono<\/p>\n","protected":false},"excerpt":{"rendered":"<p>P9-MPR-01 CAR DESKTOP Rotaci\u00f3n de 360\u00b0 y ajuste de doble eje para una visualizaci\u00f3n personalizada: Este vers\u00e1til soporte para tel\u00e9fono<\/p>\n","protected":false},"featured_media":92527,"comment_status":"open","ping_status":"closed","template":"","meta":{"nf_dc_page":""},"product_brand":[1009],"product_cat":[89],"product_tag":[1070],"class_list":{"0":"post-92526","1":"product","2":"type-product","3":"status-publish","4":"has-post-thumbnail","6":"product_brand-telesin","7":"product_cat-electronicos","8":"product_tag-p9-mpr-01","10":"first","11":"outofstock","12":"shipping-taxable","13":"purchasable","14":"product-type-simple"},"_links":{"self":[{"href":"https:\/\/brandss.com.py\/index\/wp-json\/wp\/v2\/product\/92526","targetHints":{"allow":["GET"]}}],"collection":[{"href":"https:\/\/brandss.com.py\/index\/wp-json\/wp\/v2\/product"}],"about":[{"href":"https:\/\/brandss.com.py\/index\/wp-json\/wp\/v2\/types\/product"}],"replies":[{"embeddable":true,"href":"https:\/\/brandss.com.py\/index\/wp-json\/wp\/v2\/comments?post=92526"}],"version-history":[{"count":2,"href":"https:\/\/brandss.com.py\/index\/wp-json\/wp\/v2\/product\/92526\/revisions"}],"predecessor-version":[{"id":92554,"href":"https:\/\/brandss.com.py\/index\/wp-json\/wp\/v2\/product\/92526\/revisions\/92554"}],"wp:featuredmedia":[{"embeddable":true,"href":"https:\/\/brandss.com.py\/index\/wp-json\/wp\/v2\/media\/92527"}],"wp:attachment":[{"href":"https:\/\/brandss.com.py\/index\/wp-json\/wp\/v2\/media?parent=92526"}],"wp:term":[{"taxonomy":"product_brand","embeddable":true,"href":"https:\/\/brandss.com.py\/index\/wp-json\/wp\/v2\/product_brand?post=92526"},{"taxonomy":"product_cat","embeddable":true,"href":"https:\/\/brandss.com.py\/index\/wp-json\/wp\/v2\/product_cat?post=92526"},{"taxonomy":"product_tag","embeddable":true,"href":"https:\/\/brandss.com.py\/index\/wp-json\/wp\/v2\/product_tag?post=92526"}],"curies":[{"name":"wp","href":"https:\/\/api.w.org\/{rel}","templated":true}]}}