{"id":92555,"date":"2025-10-21T16:32:49","date_gmt":"2025-10-21T16:32:49","guid":{"rendered":"https:\/\/brandss.com.py\/index\/?post_type=product&#038;p=92555"},"modified":"2026-03-06T13:00:29","modified_gmt":"2026-03-06T13:00:29","slug":"auricular-inalambrico-lelisu-ls-202-bt","status":"publish","type":"product","link":"https:\/\/brandss.com.py\/index\/producto\/auricular-inalambrico-lelisu-ls-202-bt\/","title":{"rendered":"AURICULAR INAL\u00c1MBRICO LELISU LS-202 BT"},"content":{"rendered":"<p><img loading=\"lazy\" decoding=\"async\" class=\"\" src=\"https:\/\/omeganet.tn\/wp-content\/uploads\/2024\/05\/lelisu.png\" alt=\"Casque Bluetooth LELISU LS-233 BLEU - OmegaNet\" width=\"122\" height=\"57\" \/><\/p>\n<h1>LS-202 BT<\/h1>\n<p><span dir=\"auto\">Disfruta de m\u00fasica est\u00e9reo de forma inal\u00e1mbrica, s<\/span><span dir=\"auto\">u dise\u00f1o plegable \u00fanico lo hace port\u00e1til. <\/span><span dir=\"auto\">Chat bidireccional manos libres remoto, <\/span><span dir=\"auto\">HI-FI, calidad de sonido CD<\/span><span dir=\"auto\">, control remoto para a\u00f1adir mayor movilidad.<\/span><span dir=\"auto\"> Altavoz multidireccional de alta sensibilidad para un sonido envolvente virtual. La mejor opci\u00f3n para escuchar m\u00fasica, ver pel\u00edculas, chatear en l\u00ednea, etc.\u00a0Con ranura para tarjeta SD, una tarjeta SD peque\u00f1a es suficiente para disfrutar de la m\u00fasica en cualquier momento y en cualquier lugar.<\/span><\/p>\n<p><span dir=\"auto\">Dispositivo compatible: tel\u00e9fono m\u00f3vil con funci\u00f3n Bluetooth, iPhone, port\u00e1til, iPad, etc.<\/span><\/p>\n<h5><span dir=\"auto\">Excelente claridad de audio<\/span><\/h5>\n<p><span dir=\"auto\">El audio de alta calidad ofrece una experiencia auditiva inmersiva para tus canciones, llamadas y contenido multimedia, con sonidos n\u00edtidos y graves potentes. Mejora tu experiencia de audio con los auriculares inal\u00e1mbricos Bluetooth M10 TWS.<\/span><\/p>\n<h5><span dir=\"auto\">Conectividad inal\u00e1mbrica perfecta<\/span><\/h5>\n<p><span dir=\"auto\">Los auriculares cuentan con una conexi\u00f3n Bluetooth fluida, lo que te permite conectarlos f\u00e1cilmente a tus dispositivos para disfrutar de una experiencia musical sin complicaciones. Independencia inal\u00e1mbrica sin la molestia de cables enredados.<\/span><\/p>\n<h5><span dir=\"auto\">Un estilo ergon\u00f3mico y amigable<\/span><\/h5>\n<p><span dir=\"auto\">Los auriculares fueron creados para brindar comodidad durante todo el d\u00eda, con una forma ergon\u00f3mica que se ajusta firmemente a sus o\u00eddos sin crear dolor, lo que los hace adecuados para per\u00edodos de audici\u00f3n prolongados o usuarios activos.<\/span><\/p>\n<h5><span dir=\"auto\">Controladores t\u00e1ctiles inteligentes<\/span><\/h5>\n<p><span dir=\"auto\">Los inteligentes controles t\u00e1ctiles de los auriculares facilitan la gesti\u00f3n de tu m\u00fasica y llamadas. Con simples movimientos t\u00e1ctiles, puedes ajustar el volumen, reproducir\/pausar canciones, responder\/rechazar llamadas y activar asistentes virtuales, lo que te permite un control f\u00e1cil y manos libres.<\/span><\/p>\n<h5><span dir=\"auto\">La duraci\u00f3n de la bater\u00eda es extensa<\/span><\/h5>\n<p><span dir=\"auto\">Los aud\u00edfonos cuentan con una bater\u00eda de larga duraci\u00f3n de 1,5 horas, lo que permite horas de escucha continua con una sola carga. Puedes recargarlos r\u00e1pidamente en cualquier lugar con el estuche de carga incluido, asegur\u00e1ndote de que siempre est\u00e9n listos para tu pr\u00f3ximo viaje.<\/span><\/p>\n<h5 dir=\"ltr\"><strong><span dir=\"auto\">Factor de compatibilidad<\/span><\/strong><\/h5>\n<p dir=\"ltr\"><span dir=\"auto\">Uno de los factores m\u00e1s importantes que influyen en la compra de un reloj inteligente es su compatibilidad con tu smartphone. Los dos sistemas operativos dominantes en el mercado de smartphones son iOS y Android. La compatibilidad con tu reloj inteligente te permite acceder a funciones completas, como recibir notificaciones de una amplia variedad de aplicaciones.<\/span><\/p>\n<h3 dir=\"ltr\">Caracter\u00edsticas<\/h3>\n<ul>\n<li><span dir=\"auto\">Los potentes graves del OneDer S2, con transductores din\u00e1micos ultragrandes de 60 mm y carcasa tipo turbina, y el ic\u00f3nico amortiguador de graves Bluedio, te permiten sentir la resonancia de los graves en tu pecho y disfrutar de la mejor calidad de sonido. Graves, medios y agudos n\u00edtidos y transparentes, con una experiencia visual impecable.<\/span><\/li>\n<li><span dir=\"auto\">Uso c\u00f3modo: orejeras suaves supraaurales de ajuste personalizado, orejeras de cuero de prote\u00edna artificial simuladas a la textura de la piel humana, garantizan una comodidad duradera en diversas circunstancias dif\u00edciles.<\/span><\/li>\n<li><span dir=\"auto\">Especificaciones t\u00e9cnicas: Micr\u00f3fono interno, funci\u00f3n manos libres, bater\u00eda recargable de iones de litio. Compatible con tarjeta TF\/AUX\/FM.<\/span><\/li>\n<li><span dir=\"auto\">Controladores: altavoces de 60 mm x 2<\/span><\/li>\n<li><span dir=\"auto\">Tipo de transductor: din\u00e1mico<\/span><\/li>\n<li><span dir=\"auto\">Rango de frecuencia: 2,4 GHz-2,48 GHz<\/span><\/li>\n<li><span dir=\"auto\">Distancia de funcionamiento: hasta 10 m (espacio libre)<\/span><\/li>\n<li><span dir=\"auto\">Perfiles Bluetooth: A2DP, AVRCP, HSP, HFP<\/span><\/li>\n<li><span dir=\"auto\">Impedancia: 16\u03a9 Frecuencia<\/span><\/li>\n<li><span dir=\"auto\">respuesta: 20Hz-20kHz<\/span><\/li>\n<li><span dir=\"auto\">Sensibilidad: 110dB<\/span><\/li>\n<li data-spm-anchor-id=\"a2a0e.pdp_revamp.product_detail.i2.6d89a95cWmdTVc\"><span dir=\"auto\">Auriculares M\u00fasica Auriculares inal\u00e1mbricos Micr\u00f3fono micr\u00f3fono incorporado Bass bluetooth plegables auriculares para juegos y pel\u00edculas Auriculares Bluetooth supraaurales<\/span><\/li>\n<\/ul>\n","protected":false},"excerpt":{"rendered":"<p>LS-202 BT Disfruta de m\u00fasica est\u00e9reo de forma inal\u00e1mbrica, su dise\u00f1o plegable \u00fanico lo hace port\u00e1til. Chat bidireccional manos libres<\/p>\n","protected":false},"featured_media":92556,"comment_status":"open","ping_status":"closed","template":"","meta":{"nf_dc_page":""},"product_brand":[1072],"product_cat":[89],"product_tag":[1073],"class_list":{"0":"post-92555","1":"product","2":"type-product","3":"status-publish","4":"has-post-thumbnail","6":"product_brand-lelisu","7":"product_cat-electronicos","8":"product_tag-1073","10":"first","11":"outofstock","12":"shipping-taxable","13":"purchasable","14":"product-type-simple"},"_links":{"self":[{"href":"https:\/\/brandss.com.py\/index\/wp-json\/wp\/v2\/product\/92555","targetHints":{"allow":["GET"]}}],"collection":[{"href":"https:\/\/brandss.com.py\/index\/wp-json\/wp\/v2\/product"}],"about":[{"href":"https:\/\/brandss.com.py\/index\/wp-json\/wp\/v2\/types\/product"}],"replies":[{"embeddable":true,"href":"https:\/\/brandss.com.py\/index\/wp-json\/wp\/v2\/comments?post=92555"}],"version-history":[{"count":1,"href":"https:\/\/brandss.com.py\/index\/wp-json\/wp\/v2\/product\/92555\/revisions"}],"predecessor-version":[{"id":92558,"href":"https:\/\/brandss.com.py\/index\/wp-json\/wp\/v2\/product\/92555\/revisions\/92558"}],"wp:featuredmedia":[{"embeddable":true,"href":"https:\/\/brandss.com.py\/index\/wp-json\/wp\/v2\/media\/92556"}],"wp:attachment":[{"href":"https:\/\/brandss.com.py\/index\/wp-json\/wp\/v2\/media?parent=92555"}],"wp:term":[{"taxonomy":"product_brand","embeddable":true,"href":"https:\/\/brandss.com.py\/index\/wp-json\/wp\/v2\/product_brand?post=92555"},{"taxonomy":"product_cat","embeddable":true,"href":"https:\/\/brandss.com.py\/index\/wp-json\/wp\/v2\/product_cat?post=92555"},{"taxonomy":"product_tag","embeddable":true,"href":"https:\/\/brandss.com.py\/index\/wp-json\/wp\/v2\/product_tag?post=92555"}],"curies":[{"name":"wp","href":"https:\/\/api.w.org\/{rel}","templated":true}]}}