{"id":92564,"date":"2025-10-21T18:27:28","date_gmt":"2025-10-21T18:27:28","guid":{"rendered":"https:\/\/brandss.com.py\/index\/?post_type=product&#038;p=92564"},"modified":"2026-04-16T12:33:41","modified_gmt":"2026-04-16T12:33:41","slug":"perfume-femenino-lattafa-yara-elixir-edp-100ml","status":"publish","type":"product","link":"https:\/\/brandss.com.py\/index\/producto\/perfume-femenino-lattafa-yara-elixir-edp-100ml\/","title":{"rendered":"PERFUME FEMENINO LATTAFA YARA ELIXIR EDP 100ML"},"content":{"rendered":"<p><img loading=\"lazy\" decoding=\"async\" class=\"\" src=\"https:\/\/myscentjourney.s3.us-east-2.amazonaws.com\/2022\/02\/14\/29KIascent_j_marca_1644871114_202.png\" alt=\"MSJ::LATTAFA\" width=\"84\" height=\"100\" \/><\/p>\n<h1>YARA ELIXIR<\/h1>\n<p>Una evoluci\u00f3n m\u00e1s rica del Yara original, esta fragancia cambia la suavidad por la diversi\u00f3n y un caos embriagador, y es algo que querr\u00e1s experimentar.<\/p>\n<p>Ideal para ocasiones especiales, tardes o momentos en los que quieras destacar, Yara Elixir tambi\u00e9n se adapta a climas de entretiempo o ambientes m\u00e1s fr\u00edos donde el estilo gourmet brilla. Su larga duraci\u00f3n se considera buena para su rango de precio, y su estilo refleja una fragancia divertida, moderna y dulce sin ser infantil: una excelente adici\u00f3n a tu portafolio de comercio electr\u00f3nico si buscas algo que llame la atenci\u00f3n tanto visual como olfativa.<\/p>\n<p><img loading=\"lazy\" decoding=\"async\" class=\"alignleft\" src=\"https:\/\/emiratesoud.co.uk\/cdn\/shop\/files\/Yara-Elixir-Perfume-100ml-EDP-Lattafa-178956554.jpg?v=1760476098&amp;width=713\" width=\"516\" height=\"516\" \/><\/p>\n<h3>Notas Olfativas<\/h3>\n<p>&nbsp;<\/p>\n<p><span dir=\"auto\">Yara\u00a0<\/span><span dir=\"auto\">Elixir de\u00a0<\/span><span dir=\"auto\">Lattafa Perfumes\u00a0<\/span><span dir=\"auto\">es una fragancia de vainilla oriental para mujer. Notas frutales, florales y cremosas se combinan con maestr\u00eda para crear una fragancia duradera, elegante, c\u00e1lida y femenina.<\/span><\/p>\n<p>En la salida, una explosi\u00f3n juguetona de s&#8217;mores de fresa y grosella negra tienta los sentidos con una calidez gourmand y un contraste jugoso.<\/p>\n<p>El coraz\u00f3n florece con jazm\u00edn y flor de azahar, a\u00f1adiendo una tensi\u00f3n floral tan atractiva como provocadora. Como base, se encuentra una base de vainilla, caramelo, \u00e1mbar y almizcle: decadente, cremosa y peligrosamente adictiva. Esto es un problema. De esos que quieres experimentar.<\/p>\n<p><strong><span dir=\"auto\">Notas de salida:<\/span><\/strong><span dir=\"auto\"> S&#8217;mores de fresa, grosella negra.<\/span><\/p>\n<p><strong><span dir=\"auto\">Notas de coraz\u00f3n:<\/span><\/strong><span dir=\"auto\"> jazm\u00edn, flor de naranja.<\/span><\/p>\n<p><strong><span dir=\"auto\">\u00a0Notas de fondo:<\/span><\/strong><span dir=\"auto\"> vainilla, caramelo, \u00e1mbar, almizcle.<\/span><\/p>\n","protected":false},"excerpt":{"rendered":"<p>YARA ELIXIR Una evoluci\u00f3n m\u00e1s rica del Yara original, esta fragancia cambia la suavidad por la diversi\u00f3n y un caos<\/p>\n","protected":false},"featured_media":92565,"comment_status":"open","ping_status":"closed","template":"","meta":{"nf_dc_page":""},"product_brand":[109],"product_cat":[84],"product_tag":[1075],"class_list":{"0":"post-92564","1":"product","2":"type-product","3":"status-publish","4":"has-post-thumbnail","6":"product_brand-lattafa","7":"product_cat-perfumeria","8":"product_tag-1075","10":"first","11":"instock","12":"sale","13":"shipping-taxable","14":"purchasable","15":"product-type-simple"},"_links":{"self":[{"href":"https:\/\/brandss.com.py\/index\/wp-json\/wp\/v2\/product\/92564","targetHints":{"allow":["GET"]}}],"collection":[{"href":"https:\/\/brandss.com.py\/index\/wp-json\/wp\/v2\/product"}],"about":[{"href":"https:\/\/brandss.com.py\/index\/wp-json\/wp\/v2\/types\/product"}],"replies":[{"embeddable":true,"href":"https:\/\/brandss.com.py\/index\/wp-json\/wp\/v2\/comments?post=92564"}],"version-history":[{"count":1,"href":"https:\/\/brandss.com.py\/index\/wp-json\/wp\/v2\/product\/92564\/revisions"}],"predecessor-version":[{"id":92569,"href":"https:\/\/brandss.com.py\/index\/wp-json\/wp\/v2\/product\/92564\/revisions\/92569"}],"wp:featuredmedia":[{"embeddable":true,"href":"https:\/\/brandss.com.py\/index\/wp-json\/wp\/v2\/media\/92565"}],"wp:attachment":[{"href":"https:\/\/brandss.com.py\/index\/wp-json\/wp\/v2\/media?parent=92564"}],"wp:term":[{"taxonomy":"product_brand","embeddable":true,"href":"https:\/\/brandss.com.py\/index\/wp-json\/wp\/v2\/product_brand?post=92564"},{"taxonomy":"product_cat","embeddable":true,"href":"https:\/\/brandss.com.py\/index\/wp-json\/wp\/v2\/product_cat?post=92564"},{"taxonomy":"product_tag","embeddable":true,"href":"https:\/\/brandss.com.py\/index\/wp-json\/wp\/v2\/product_tag?post=92564"}],"curies":[{"name":"wp","href":"https:\/\/api.w.org\/{rel}","templated":true}]}}