{"id":92570,"date":"2025-10-21T19:00:40","date_gmt":"2025-10-21T19:00:40","guid":{"rendered":"https:\/\/brandss.com.py\/index\/?post_type=product&#038;p=92570"},"modified":"2026-04-16T11:12:26","modified_gmt":"2026-04-16T11:12:26","slug":"perfume-masculino-lattafa-asad-elixir-edp-100ml","status":"publish","type":"product","link":"https:\/\/brandss.com.py\/index\/producto\/perfume-masculino-lattafa-asad-elixir-edp-100ml\/","title":{"rendered":"PERFUME MASCULINO LATTAFA ASAD ELIXIR EDP 100ML"},"content":{"rendered":"<p><img loading=\"lazy\" decoding=\"async\" class=\"\" src=\"https:\/\/myscentjourney.s3.us-east-2.amazonaws.com\/2022\/02\/14\/29KIascent_j_marca_1644871114_202.png\" alt=\"MSJ::LATTAFA\" width=\"85\" height=\"101\" \/><\/p>\n<h1>ASAD ELIXIR<\/h1>\n<p><span dir=\"auto\">El perfume Asad Elixir es un perfume amaderado para hombre<\/span><span dir=\"auto\">.<\/span><span dir=\"auto\">\u00a0Este\u00a0<\/span><span dir=\"auto\">perfume \u00e1rabe para hombre\u00a0<\/span><span dir=\"auto\">tiene una fragancia intensa y c\u00e1lida, cl\u00e1sica y actual a la vez. Con un aroma exquisito y duradero, la elecci\u00f3n perfecta para tus seres queridos.<\/span><\/p>\n<p><span dir=\"auto\">Elixir de Asad<\/span> <span dir=\"auto\">es una creaci\u00f3n audaz y magn\u00e9tica lanzada en 2025 que celebra el poder y el carisma masculinos. <\/span><span dir=\"auto\">Un verdadero concentrado de intensidad oriental, esta fragancia de Dubai revela una composici\u00f3n rica, sensual y envolvente, donde las especias ardientes se encuentran con maderas preciosas y \u00e1mbar seco.<\/span><\/p>\n<h3>Notas Olfativas<\/h3>\n<p><span dir=\"auto\">La salida de\u00a0<\/span><span dir=\"auto\">Elixir de Asad<\/span><span dir=\"auto\">\u00a0es deslumbrante:\u00a0<\/span><span dir=\"auto\">la pimienta rosa<\/span><span dir=\"auto\">\u00a0y\u00a0<\/span><span dir=\"auto\">el azafr\u00e1n<\/span><span dir=\"auto\">\u00a0se combinan con la vivacidad del\u00a0<\/span><span dir=\"auto\">pomelo<\/span><span dir=\"auto\">\u00a0para una primera impresi\u00f3n vibrante y en\u00e9rgica. En el coraz\u00f3n, la fragancia se suaviza con un acorde de\u00a0<\/span><span dir=\"auto\">tabaco rubio<\/span><span dir=\"auto\">\u00a0y\u00a0<\/span><span dir=\"auto\">madera de cedro<\/span><span dir=\"auto\">\u00a0con un toque de\u00a0<\/span><span dir=\"auto\">sensual vainilla<\/span><span dir=\"auto\">\u00a0. Finalmente, la base combina\u00a0<\/span><span dir=\"auto\">pachul\u00ed<\/span><span dir=\"auto\">\u00a0, incienso\u00a0<\/span><span dir=\"auto\">y\u00a0<\/span><span dir=\"auto\">cachemira,<\/span><span dir=\"auto\">\u00a0sublimados\u00a0por un\u00a0<\/span><span dir=\"auto\">\u00e1mbar seco<\/span><span dir=\"auto\">\u00a0de irresistible calidez.<\/span><\/p>\n<ul>\n<li><span dir=\"auto\">Fragancia oriental intensa y carism\u00e1tica para hombre.<\/span><\/li>\n<li><span dir=\"auto\">Una mezcla de especias, maderas nobles y notas de \u00e1mbar.<\/span><\/li>\n<li><span dir=\"auto\">Creado por\u00a0\u00a0<\/span><span dir=\"auto\">Lattafa Perfumes,<\/span><span dir=\"auto\">\u00a0un s\u00edmbolo del refinamiento de Dub\u00e1i<\/span><\/li>\n<\/ul>\n<p dir=\"ltr\"><span dir=\"auto\">La interesante mezcla de madera y especias lo convierte en un perfume ideal para hombres que buscan algo c\u00e1lido. El elegante dise\u00f1o de su frasco negro le da un aspecto de alta gama, ideal para uso personal o para regalar. Si buscas los\u00a0<\/span><span dir=\"auto\">mejores perfumes \u00e1rabes\u00a0<\/span><span dir=\"auto\">, Asad Elixir destaca por su alta calidad y estilo cl\u00e1sico. Muchos amantes del perfume de oud para hombre y del arte de elaborar\u00a0<\/span><span dir=\"auto\">perfumes \u00e1rabes para hombre\u00a0<\/span><span dir=\"auto\">conf\u00edan en esta marca.<\/span><\/p>\n<ul>\n<li dir=\"ltr\"><strong><span dir=\"auto\">Notas de salida:<\/span><\/strong><span dir=\"auto\"> pimienta rosa, azafr\u00e1n, pomelo.<\/span><\/li>\n<li dir=\"ltr\"><strong><span dir=\"auto\">Notas de coraz\u00f3n:<\/span><\/strong><span dir=\"auto\"> Tabaco, madera de cedro, vainilla.<\/span><\/li>\n<li dir=\"ltr\"><strong><span dir=\"auto\">Notas de fondo:<\/span><\/strong><span dir=\"auto\"> pachul\u00ed, ol\u00edbano, cachemira, \u00e1mbar seco.<\/span><\/li>\n<\/ul>\n","protected":false},"excerpt":{"rendered":"<p>ASAD ELIXIR El perfume Asad Elixir es un perfume amaderado para hombre.\u00a0Este\u00a0perfume \u00e1rabe para hombre\u00a0tiene una fragancia intensa y c\u00e1lida,<\/p>\n","protected":false},"featured_media":92571,"comment_status":"open","ping_status":"closed","template":"","meta":{"nf_dc_page":""},"product_brand":[109],"product_cat":[84],"product_tag":[1076],"class_list":{"0":"post-92570","1":"product","2":"type-product","3":"status-publish","4":"has-post-thumbnail","6":"product_brand-lattafa","7":"product_cat-perfumeria","8":"product_tag-1076","10":"first","11":"instock","12":"sale","13":"shipping-taxable","14":"purchasable","15":"product-type-simple"},"_links":{"self":[{"href":"https:\/\/brandss.com.py\/index\/wp-json\/wp\/v2\/product\/92570","targetHints":{"allow":["GET"]}}],"collection":[{"href":"https:\/\/brandss.com.py\/index\/wp-json\/wp\/v2\/product"}],"about":[{"href":"https:\/\/brandss.com.py\/index\/wp-json\/wp\/v2\/types\/product"}],"replies":[{"embeddable":true,"href":"https:\/\/brandss.com.py\/index\/wp-json\/wp\/v2\/comments?post=92570"}],"version-history":[{"count":1,"href":"https:\/\/brandss.com.py\/index\/wp-json\/wp\/v2\/product\/92570\/revisions"}],"predecessor-version":[{"id":92574,"href":"https:\/\/brandss.com.py\/index\/wp-json\/wp\/v2\/product\/92570\/revisions\/92574"}],"wp:featuredmedia":[{"embeddable":true,"href":"https:\/\/brandss.com.py\/index\/wp-json\/wp\/v2\/media\/92571"}],"wp:attachment":[{"href":"https:\/\/brandss.com.py\/index\/wp-json\/wp\/v2\/media?parent=92570"}],"wp:term":[{"taxonomy":"product_brand","embeddable":true,"href":"https:\/\/brandss.com.py\/index\/wp-json\/wp\/v2\/product_brand?post=92570"},{"taxonomy":"product_cat","embeddable":true,"href":"https:\/\/brandss.com.py\/index\/wp-json\/wp\/v2\/product_cat?post=92570"},{"taxonomy":"product_tag","embeddable":true,"href":"https:\/\/brandss.com.py\/index\/wp-json\/wp\/v2\/product_tag?post=92570"}],"curies":[{"name":"wp","href":"https:\/\/api.w.org\/{rel}","templated":true}]}}