{"id":92575,"date":"2025-10-24T11:15:56","date_gmt":"2025-10-24T11:15:56","guid":{"rendered":"https:\/\/brandss.com.py\/index\/?post_type=product&#038;p=92575"},"modified":"2025-10-25T10:01:30","modified_gmt":"2025-10-25T10:01:30","slug":"linterna-led-smiling-shark-sd-7800-10000-lumenes-black","status":"publish","type":"product","link":"https:\/\/brandss.com.py\/index\/producto\/linterna-led-smiling-shark-sd-7800-10000-lumenes-black\/","title":{"rendered":"LINTERNA LED SMILING SHARK SD-7800 10000 L\u00daMENES BLACK"},"content":{"rendered":"<p><img loading=\"lazy\" decoding=\"async\" class=\"\" src=\"https:\/\/mms.img.susercontent.com\/ec1b69e603ad439cc63491512c2f9393@resize_bs700x700\" alt=\"Smiling Shark Official Mall.br, Loja Online | Shopee Brasil\" width=\"123\" height=\"69\" \/><\/p>\n<h1>SD-7800<\/h1>\n<p>La Linterna LED Smiling Shark SD-7008 de 10000 l\u00famenes es el accesorio perfecto para quienes buscan una iluminaci\u00f3n potente y fiable. Con un dise\u00f1o robusto fabricado en aleaci\u00f3n de aluminio, esta linterna garantiza durabilidad y resistencia en cualquier entorno. Sus 10000 l\u00famenes proporcionan una potencia luminosa excepcional, ideal para actividades al aire libre como acampadas, senderismo o situaciones de emergencia. La linterna ofrece cinco modos de iluminaci\u00f3n: fuerte, medio, d\u00e9bil, estrobo y SOS, adapt\u00e1ndose a diversas necesidades.<img loading=\"lazy\" decoding=\"async\" class=\"alignleft\" src=\"https:\/\/filebroker-cdn.lazada.sg\/kf\/S3a7b01c08f9f4fca9cc0aa526521c201t.jpg\" width=\"533\" height=\"533\" \/><\/p>\n<p>Adem\u00e1s, su bater\u00eda de litio 26650 de 3000 mAh asegura una duraci\u00f3n prolongada de uso. El m\u00e9todo de carga por USB Tipo-C facilita mantener la linterna lista para cualquier aventura. Con una resistencia al agua IPX6, la Smiling Shark SD-7008 es adecuada para condiciones clim\u00e1ticas adversas, garantizando funcionamiento incluso bajo lluvia intensa. Su tama\u00f1o compacto de 16.3 cm de largo y 4.2 cm de di\u00e1metro del reflector la hace f\u00e1cilmente transportable. La combinaci\u00f3n de potencia, versatilidad y resistencia hace de esta linterna una elecci\u00f3n inigualable para quienes necesitan un rendimiento superior en iluminaci\u00f3n.<\/p>\n<h3 class=\"QN2lPu\"><span dir=\"auto\">Especificaci\u00f3n<\/span><\/h3>\n<p class=\"QN2lPu\"><span dir=\"auto\">1. Marca: Smiling Shark.<\/span><\/p>\n<p class=\"QN2lPu\"><span dir=\"auto\">2. Modelo: SD-7008.<\/span><\/p>\n<p class=\"QN2lPu\"><span dir=\"auto\">3.Material: aleaci\u00f3n de aluminio.<\/span><\/p>\n<p class=\"QN2lPu\"><span dir=\"auto\">4. Cuentas de l\u00e1mpara: M80 (nueva actualizaci\u00f3n).<\/span><\/p>\n<p class=\"QN2lPu\"><span dir=\"auto\">5. L\u00famenes: 10000 l\u00famenes.<\/span><\/p>\n<p class=\"QN2lPu\"><span dir=\"auto\">6.Bater\u00eda: bater\u00eda de litio 26650 * 1\/5500 mAh.<\/span><\/p>\n<p class=\"QN2lPu\"><span dir=\"auto\">7.Carga: Cable micro USB.<\/span><\/p>\n<p class=\"QN2lPu\"><span dir=\"auto\">8. Resistente al agua: IPX6.<\/span><\/p>\n<p class=\"QN2lPu\"><span dir=\"auto\">9. Zoomable: enfoque telesc\u00f3pico.<\/span><\/p>\n<p class=\"QN2lPu\"><span dir=\"auto\">10.3 Modos: fuerte-d\u00e9bil-estrobosc\u00f3pico.<\/span><\/p>\n<p class=\"QN2lPu\"><span dir=\"auto\">11.Tama\u00f1o: Ancho 5 cm * Largo 17,3 cm.<\/span><\/p>\n<p class=\"QN2lPu\"><span dir=\"auto\">12.Peso: 338,6 g (sin bater\u00eda).<\/span><\/p>\n","protected":false},"excerpt":{"rendered":"<p>SD-7800 La Linterna LED Smiling Shark SD-7008 de 10000 l\u00famenes es el accesorio perfecto para quienes buscan una iluminaci\u00f3n potente<\/p>\n","protected":false},"featured_media":92586,"comment_status":"open","ping_status":"closed","template":"","meta":{"nf_dc_page":""},"product_brand":[1077],"product_cat":[89],"product_tag":[1078],"class_list":{"0":"post-92575","1":"product","2":"type-product","3":"status-publish","4":"has-post-thumbnail","6":"product_brand-smiling-shark","7":"product_cat-electronicos","8":"product_tag-sd-7800bk","10":"first","11":"instock","12":"shipping-taxable","13":"purchasable","14":"product-type-simple"},"_links":{"self":[{"href":"https:\/\/brandss.com.py\/index\/wp-json\/wp\/v2\/product\/92575","targetHints":{"allow":["GET"]}}],"collection":[{"href":"https:\/\/brandss.com.py\/index\/wp-json\/wp\/v2\/product"}],"about":[{"href":"https:\/\/brandss.com.py\/index\/wp-json\/wp\/v2\/types\/product"}],"replies":[{"embeddable":true,"href":"https:\/\/brandss.com.py\/index\/wp-json\/wp\/v2\/comments?post=92575"}],"version-history":[{"count":2,"href":"https:\/\/brandss.com.py\/index\/wp-json\/wp\/v2\/product\/92575\/revisions"}],"predecessor-version":[{"id":92579,"href":"https:\/\/brandss.com.py\/index\/wp-json\/wp\/v2\/product\/92575\/revisions\/92579"}],"wp:featuredmedia":[{"embeddable":true,"href":"https:\/\/brandss.com.py\/index\/wp-json\/wp\/v2\/media\/92586"}],"wp:attachment":[{"href":"https:\/\/brandss.com.py\/index\/wp-json\/wp\/v2\/media?parent=92575"}],"wp:term":[{"taxonomy":"product_brand","embeddable":true,"href":"https:\/\/brandss.com.py\/index\/wp-json\/wp\/v2\/product_brand?post=92575"},{"taxonomy":"product_cat","embeddable":true,"href":"https:\/\/brandss.com.py\/index\/wp-json\/wp\/v2\/product_cat?post=92575"},{"taxonomy":"product_tag","embeddable":true,"href":"https:\/\/brandss.com.py\/index\/wp-json\/wp\/v2\/product_tag?post=92575"}],"curies":[{"name":"wp","href":"https:\/\/api.w.org\/{rel}","templated":true}]}}