{"id":92577,"date":"2025-10-24T12:24:14","date_gmt":"2025-10-24T12:24:14","guid":{"rendered":"https:\/\/brandss.com.py\/index\/?post_type=product&#038;p=92577"},"modified":"2025-10-27T18:01:44","modified_gmt":"2025-10-27T18:01:44","slug":"linterna-led-smiling-shark-sd-7800-10000-lumenes-red","status":"publish","type":"product","link":"https:\/\/brandss.com.py\/index\/producto\/linterna-led-smiling-shark-sd-7800-10000-lumenes-red\/","title":{"rendered":"LINTERNA LED SMILING SHARK SD-7800 10000 L\u00daMENES RED"},"content":{"rendered":"<p><img loading=\"lazy\" decoding=\"async\" class=\"\" src=\"https:\/\/mms.img.susercontent.com\/ec1b69e603ad439cc63491512c2f9393@resize_bs700x700\" alt=\"Smiling Shark Official Mall.br, Loja Online | Shopee Brasil\" width=\"116\" height=\"65\" \/><\/p>\n<h1>SD-7800<\/h1>\n<p>La Linterna LED Smiling Shark SD-7008 de 10000 l\u00famenes es el accesorio perfecto para quienes buscan una iluminaci\u00f3n potente y fiable. Con un dise\u00f1o robusto fabricado en aleaci\u00f3n de aluminio, esta linterna garantiza durabilidad y resistencia en cualquier entorno. Sus 10000 l\u00famenes proporcionan una potencia luminosa excepcional, ideal para actividades al aire libre como acampadas, senderismo o situaciones de emergencia. La linterna ofrece cinco modos de iluminaci\u00f3n: fuerte, medio, d\u00e9bil, estrobo y SOS, adapt\u00e1ndose a diversas necesidades. Adem\u00e1s, su bater\u00eda de litio 26650 de 3000 mAh asegura una duraci\u00f3n prolongada de uso. El m\u00e9todo de carga por USB Tipo-C facilita mantener la linterna lista para cualquier aventura. Con una resistencia al agua IPX6, la Smiling Shark SD-7008 es adecuada para condiciones clim\u00e1ticas adversas, garantizando funcionamiento incluso bajo lluvia intensa. Su tama\u00f1o compacto de 16.3 cm de largo y 4.2 cm de di\u00e1metro del reflector la hace f\u00e1cilmente transportable. La combinaci\u00f3n de potencia, versatilidad y resistencia hace de esta linterna una elecci\u00f3n inigualable para quienes necesitan un rendimiento superior en iluminaci\u00f3n.<\/p>\n<h3 class=\"QN2lPu\"><span dir=\"auto\">Caracter\u00edsticas<\/span><\/h3>\n<p class=\"QN2lPu\"><span dir=\"auto\">Modelo: SD-7008.<\/span><\/p>\n<p class=\"QN2lPu\"><span dir=\"auto\">Carga: Carga TIPO C<\/span><\/p>\n<p class=\"QN2lPu\"><span dir=\"auto\">Modelo de l\u00e1mpara: M77 (Brillo M80 \uff1e M77\uff1eP100 \uff09<\/span><\/p>\n<p class=\"QN2lPu\"><span dir=\"auto\">Tejido de la lente: Lente convexa \u00f3ptica<\/span><\/p>\n<p class=\"QN2lPu\"><span dir=\"auto\">Bater\u00eda aplicable: bater\u00eda 26650 (incluida), 1 cable USB<\/span><\/p>\n<p class=\"QN2lPu\"><span dir=\"auto\">L\u00famenes: 10000 l\u00famenes<\/span><\/p>\n<p class=\"QN2lPu\"><span dir=\"auto\">Tejido del producto: Aleaci\u00f3n de aluminio<\/span><\/p>\n<p class=\"QN2lPu\"><span dir=\"auto\">Voltaje de funcionamiento: 3,7 V<\/span><\/p>\n<p class=\"QN2lPu\"><span dir=\"auto\">Color: rojo<\/span><\/p>\n<p class=\"QN2lPu\"><span dir=\"auto\">Enfoque o no: S\u00ed, retr\u00e1ctil<\/span><\/p>\n<p class=\"QN2lPu\"><span dir=\"auto\">Tiempo de iluminaci\u00f3n: 8-16 horas<\/span><\/p>\n<p class=\"QN2lPu\"><span dir=\"auto\">Fuerte brillo M80: Perlas de l\u00e1mpara de fuerte brillo recientemente mejoradas, l<\/span>interna m80 de alta potencia mejorada con una salida de 10000 l\u00famenes, m\u00e1s brillante que las linternas LED comunes. Iluminaci\u00f3n de \u00e1rea amplia, f\u00e1cil de enfocar en objetos hasta 1000 metros de distancia. Ideal para practicar senderismo, acampar, pasear al perro, andar en bicicleta, correr, cazar, pescar, guardar equipos de emergencia para actividades al aire libre y mucho m\u00e1s.<\/p>\n<p class=\"QN2lPu\"><span dir=\"auto\">F\u00e1cil de operar: Esta luz puede cambiar de modo presionando el bot\u00f3n (estrobosc\u00f3pico alto medio). <\/span><span dir=\"auto\">Cuerpo de aluminio, resistente al agua y a las explosiones: Aleaci\u00f3n de aluminio duro, compacto\/duradero. <\/span>Linterna con rendimiento a prueba de agua, dise\u00f1o resistente al desgaste, hace que esta linterna sea ideal para usar bajo la lluvia, la nieve o en emergencias. (No se puede poner en el agua).<\/p>\n<p class=\"QN2lPu\"><span dir=\"auto\">Compra con confianza: Linterna con bater\u00eda 26650 (enchufable), puerto de carga TIPO C, <\/span>Servicio posventa sin preocupaciones. Si tiene alguna pregunta, no dude en contactarnos.<\/p>\n<p class=\"QN2lPu\"><span dir=\"auto\">Comparaci\u00f3n de brillo: M80&gt; M77&gt;P100 (P100-5000LM, M77-8400LM, M80-10000LM).<\/span><\/p>\n","protected":false},"excerpt":{"rendered":"<p>SD-7800 La Linterna LED Smiling Shark SD-7008 de 10000 l\u00famenes es el accesorio perfecto para quienes buscan una iluminaci\u00f3n potente<\/p>\n","protected":false},"featured_media":92607,"comment_status":"open","ping_status":"closed","template":"","meta":{"nf_dc_page":""},"product_brand":[1077],"product_cat":[89],"product_tag":[1079],"class_list":{"0":"post-92577","1":"product","2":"type-product","3":"status-publish","4":"has-post-thumbnail","6":"product_brand-smiling-shark","7":"product_cat-electronicos","8":"product_tag-sd-7800rd","10":"first","11":"instock","12":"shipping-taxable","13":"purchasable","14":"product-type-simple"},"_links":{"self":[{"href":"https:\/\/brandss.com.py\/index\/wp-json\/wp\/v2\/product\/92577","targetHints":{"allow":["GET"]}}],"collection":[{"href":"https:\/\/brandss.com.py\/index\/wp-json\/wp\/v2\/product"}],"about":[{"href":"https:\/\/brandss.com.py\/index\/wp-json\/wp\/v2\/types\/product"}],"replies":[{"embeddable":true,"href":"https:\/\/brandss.com.py\/index\/wp-json\/wp\/v2\/comments?post=92577"}],"version-history":[{"count":1,"href":"https:\/\/brandss.com.py\/index\/wp-json\/wp\/v2\/product\/92577\/revisions"}],"predecessor-version":[{"id":92578,"href":"https:\/\/brandss.com.py\/index\/wp-json\/wp\/v2\/product\/92577\/revisions\/92578"}],"wp:featuredmedia":[{"embeddable":true,"href":"https:\/\/brandss.com.py\/index\/wp-json\/wp\/v2\/media\/92607"}],"wp:attachment":[{"href":"https:\/\/brandss.com.py\/index\/wp-json\/wp\/v2\/media?parent=92577"}],"wp:term":[{"taxonomy":"product_brand","embeddable":true,"href":"https:\/\/brandss.com.py\/index\/wp-json\/wp\/v2\/product_brand?post=92577"},{"taxonomy":"product_cat","embeddable":true,"href":"https:\/\/brandss.com.py\/index\/wp-json\/wp\/v2\/product_cat?post=92577"},{"taxonomy":"product_tag","embeddable":true,"href":"https:\/\/brandss.com.py\/index\/wp-json\/wp\/v2\/product_tag?post=92577"}],"curies":[{"name":"wp","href":"https:\/\/api.w.org\/{rel}","templated":true}]}}