{"id":92582,"date":"2025-10-24T14:48:28","date_gmt":"2025-10-24T14:48:28","guid":{"rendered":"https:\/\/brandss.com.py\/index\/?post_type=product&#038;p=92582"},"modified":"2025-10-28T17:52:55","modified_gmt":"2025-10-28T17:52:55","slug":"linterna-led-smiling-shark-sd-0511-black","status":"publish","type":"product","link":"https:\/\/brandss.com.py\/index\/producto\/linterna-led-smiling-shark-sd-0511-black\/","title":{"rendered":"LINTERNA LED SMILING SHARK SD-0511 BLACK"},"content":{"rendered":"<p><img loading=\"lazy\" decoding=\"async\" class=\"\" src=\"https:\/\/mms.img.susercontent.com\/ec1b69e603ad439cc63491512c2f9393@resize_bs700x700\" alt=\"Smiling Shark Official Mall.br, Loja Online | Shopee Brasil\" width=\"95\" height=\"53\" \/><\/p>\n<h1>SD-0511<\/h1>\n<p><span dir=\"auto\">Linterna potente, port\u00e1til para uso dom\u00e9stico y exploraci\u00f3n de monta\u00f1ismo al aire libre con t<\/span><span dir=\"auto\">res niveles de ajuste de brillo, puede ajustar el brillo a voluntad seg\u00fan la escena de uso.<\/span><span dir=\"auto\"> Carga USB: se puede conectar a la computadora, cargador, banco de energ\u00eda para cargar la linterna.<\/span><span dir=\"auto\">\u00a0Con funci\u00f3n de banco de energ\u00eda, puede cargar tel\u00e9fonos m\u00f3viles u otros dispositivos electr\u00f3nicos en cualquier momento.<\/span><span dir=\"auto\">Luz de advertencia, uso de emergencia, la luz de advertencia intermitente se puede utilizar para dar efecto de advertencia en cualquier escena peligrosa. <\/span><span dir=\"auto\">Luz s\u00faper fuerte de largo alcance, el alcance puede alcanzar los 1000 metros.<img loading=\"lazy\" decoding=\"async\" class=\"alignleft\" src=\"https:\/\/down-my.img.susercontent.com\/file\/0b4109058384dccde3096d615fe0136a\" width=\"524\" height=\"524\" \/><\/span><\/p>\n<h3>Caracter\u00edsticas<\/h3>\n<p class=\"QN2lPu\"><span dir=\"auto\">Marca: Smiling Shark.<\/span><\/p>\n<p class=\"QN2lPu\"><span dir=\"auto\">Modelo: SD-0511<\/span><\/p>\n<p class=\"QN2lPu\"><span dir=\"auto\">Cuentas de l\u00e1mpara: cuentas de l\u00e1mpara LED de alto brillo<\/span><\/p>\n<p class=\"QN2lPu\"><span dir=\"auto\">Material: Aleaci\u00f3n de aluminio<\/span><\/p>\n<p class=\"QN2lPu\"><span dir=\"auto\">Bater\u00eda: Bater\u00eda recargable 18650 de gran capacidad incorporada<\/span><\/p>\n<p class=\"QN2lPu\"><span dir=\"auto\">Impermeable: Resistente al agua de grado de vida<\/span><\/p>\n<p class=\"QN2lPu\"><span dir=\"auto\">Fuente de luz: 3 niveles de atenuaci\u00f3n<\/span><\/p>\n<p class=\"QN2lPu\"><span dir=\"auto\">Carga: Carga USB<\/span><\/p>\n<p class=\"QN2lPu\"><span dir=\"auto\">\ud83d\udce3Recordatorio c\u00e1lido:<\/span><\/p>\n<p class=\"QN2lPu\"><span dir=\"auto\">El color del art\u00edculo puede diferir ligeramente de la imagen debido a las diferentes configuraciones de iluminaci\u00f3n y pantalla.<\/span><\/p>\n<p class=\"QN2lPu\"><span dir=\"auto\">Permita tama\u00f1os ligeramente diferentes debido a las diferentes mediciones manuales.<\/span><\/p>\n<p class=\"QN2lPu\"><span dir=\"auto\">Si tiene alguna pregunta o necesidad sobre el producto, comun\u00edquese con nosotros a trav\u00e9s del chat y el personal de atenci\u00f3n al cliente le responder\u00e1 cuando lo vea.<\/span><\/p>\n","protected":false},"excerpt":{"rendered":"<p>SD-0511 Linterna potente, port\u00e1til para uso dom\u00e9stico y exploraci\u00f3n de monta\u00f1ismo al aire libre con tres niveles de ajuste de<\/p>\n","protected":false},"featured_media":92672,"comment_status":"open","ping_status":"closed","template":"","meta":{"nf_dc_page":""},"product_brand":[1077],"product_cat":[89],"product_tag":[1081],"class_list":{"0":"post-92582","1":"product","2":"type-product","3":"status-publish","4":"has-post-thumbnail","6":"product_brand-smiling-shark","7":"product_cat-electronicos","8":"product_tag-sd-0511b","10":"first","11":"instock","12":"shipping-taxable","13":"purchasable","14":"product-type-simple"},"_links":{"self":[{"href":"https:\/\/brandss.com.py\/index\/wp-json\/wp\/v2\/product\/92582","targetHints":{"allow":["GET"]}}],"collection":[{"href":"https:\/\/brandss.com.py\/index\/wp-json\/wp\/v2\/product"}],"about":[{"href":"https:\/\/brandss.com.py\/index\/wp-json\/wp\/v2\/types\/product"}],"replies":[{"embeddable":true,"href":"https:\/\/brandss.com.py\/index\/wp-json\/wp\/v2\/comments?post=92582"}],"version-history":[{"count":2,"href":"https:\/\/brandss.com.py\/index\/wp-json\/wp\/v2\/product\/92582\/revisions"}],"predecessor-version":[{"id":92682,"href":"https:\/\/brandss.com.py\/index\/wp-json\/wp\/v2\/product\/92582\/revisions\/92682"}],"wp:featuredmedia":[{"embeddable":true,"href":"https:\/\/brandss.com.py\/index\/wp-json\/wp\/v2\/media\/92672"}],"wp:attachment":[{"href":"https:\/\/brandss.com.py\/index\/wp-json\/wp\/v2\/media?parent=92582"}],"wp:term":[{"taxonomy":"product_brand","embeddable":true,"href":"https:\/\/brandss.com.py\/index\/wp-json\/wp\/v2\/product_brand?post=92582"},{"taxonomy":"product_cat","embeddable":true,"href":"https:\/\/brandss.com.py\/index\/wp-json\/wp\/v2\/product_cat?post=92582"},{"taxonomy":"product_tag","embeddable":true,"href":"https:\/\/brandss.com.py\/index\/wp-json\/wp\/v2\/product_tag?post=92582"}],"curies":[{"name":"wp","href":"https:\/\/api.w.org\/{rel}","templated":true}]}}