{"id":92584,"date":"2025-10-24T18:37:01","date_gmt":"2025-10-24T18:37:01","guid":{"rendered":"https:\/\/brandss.com.py\/index\/?post_type=product&#038;p=92584"},"modified":"2025-10-28T17:58:06","modified_gmt":"2025-10-28T17:58:06","slug":"linterna-led-mini-smiling-shark-sd-5028-superbrillante-8400-lumenes-black","status":"publish","type":"product","link":"https:\/\/brandss.com.py\/index\/producto\/linterna-led-mini-smiling-shark-sd-5028-superbrillante-8400-lumenes-black\/","title":{"rendered":"LINTERNA LED MINI SMILING SHARK SD-5028 SUPERBRILLANTE 8400 L\u00daMENES BLACK"},"content":{"rendered":"<p><img loading=\"lazy\" decoding=\"async\" class=\"\" src=\"https:\/\/mms.img.susercontent.com\/ec1b69e603ad439cc63491512c2f9393@resize_bs700x700\" alt=\"Smiling Shark Official Mall.br, Loja Online | Shopee Brasil\" width=\"143\" height=\"80\" \/><\/p>\n<h1>SD-5028<\/h1>\n<p data-start=\"162\" data-end=\"478\">Es una linterna recargable de alto rendimiento, fabricada en aleaci\u00f3n de aluminio resistente, ideal para uso tanto dom\u00e9stico como profesional. Su dise\u00f1o compacto y telesc\u00f3pico permite ajustar el enfoque del haz de luz, logrando una iluminaci\u00f3n potente de largo alcance.<img loading=\"lazy\" decoding=\"async\" class=\"alignleft\" src=\"https:\/\/ae01.alicdn.com\/kf\/S538cca6c8c974fafada13b81c9c90eb5A.jpg\" width=\"529\" height=\"529\" \/><\/p>\n<p data-start=\"480\" data-end=\"741\">Cuenta con un LED de alto brillo, bot\u00f3n de encendido con indicador luminoso, y puerto USB para recarga r\u00e1pida, ofreciendo autonom\u00eda prolongada y comodidad de uso. Adem\u00e1s, incluye clip lateral para sujetarla f\u00e1cilmente en cinturones o mochilas.<\/p>\n<h3><span dir=\"auto\">Caracter\u00edsticas:<\/span><\/h3>\n<p><span dir=\"auto\">Modelo: SD5028<\/span><\/p>\n<p><span dir=\"auto\">Modelo de l\u00e1mpara: P100\/M77<\/span><\/p>\n<p><span dir=\"auto\">Bater\u00eda aplicable: Bater\u00eda 16340, 500 mAh<\/span><\/p>\n<p><span dir=\"auto\">L\u00famenes: P100-5000 l\u00famenes\/ &gt;1500 metros<\/span><\/p>\n<p><span dir=\"auto\">M77-8400 l\u00famenes\/ &gt; 2000 metros<\/span><\/p>\n<p><span dir=\"auto\">Material del producto: aleaci\u00f3n de aluminio<\/span><\/p>\n<p><span dir=\"auto\">Voltaje de funcionamiento: 3,7 V<\/span><\/p>\n<p><span dir=\"auto\">Color: Negro<\/span><\/p>\n<p><span dir=\"auto\">Se puede cargar directamente\uff1a S\u00ed<\/span><\/p>\n<p><span dir=\"auto\">Si enfocar: s\u00ed<\/span><\/p>\n<p><span dir=\"auto\">Tiempo de iluminaci\u00f3n: 1-2 hs.<\/span><\/p>\n<p><span dir=\"auto\">S\u00faper brillante: mecha M77, salida de 8400 l\u00famenes<\/span><\/p>\n<p><span dir=\"auto\">4 modos: fuerte-medio-estrobosc\u00f3pico-SOS<\/span><\/p>\n<p><span dir=\"auto\">Zoomable: Zoom telesc\u00f3pico, \u00e1rea de exposici\u00f3n de luz amplia<\/span><\/p>\n<p><span dir=\"auto\">M\u00e9todo de carga: carga r\u00e1pida USB tipo C<\/span><\/p>\n<p data-spm-anchor-id=\"a2o4k.pdp_revamp.product_detail.i1.1df17a5571h0dR\"><span dir=\"auto\">Dise\u00f1o resistente al agua: selle el cuerpo, use un anillo impermeable de silicona, disponible en d\u00edas lluviosos (no se puede poner en el agua)<\/span><\/p>\n","protected":false},"excerpt":{"rendered":"<p>SD-5028 Es una linterna recargable de alto rendimiento, fabricada en aleaci\u00f3n de aluminio resistente, ideal para uso tanto dom\u00e9stico como<\/p>\n","protected":false},"featured_media":92683,"comment_status":"open","ping_status":"closed","template":"","meta":{"nf_dc_page":""},"product_brand":[1077],"product_cat":[89],"product_tag":[1082],"class_list":{"0":"post-92584","1":"product","2":"type-product","3":"status-publish","4":"has-post-thumbnail","6":"product_brand-smiling-shark","7":"product_cat-electronicos","8":"product_tag-sd-5028bk","10":"first","11":"instock","12":"shipping-taxable","13":"purchasable","14":"product-type-simple"},"_links":{"self":[{"href":"https:\/\/brandss.com.py\/index\/wp-json\/wp\/v2\/product\/92584","targetHints":{"allow":["GET"]}}],"collection":[{"href":"https:\/\/brandss.com.py\/index\/wp-json\/wp\/v2\/product"}],"about":[{"href":"https:\/\/brandss.com.py\/index\/wp-json\/wp\/v2\/types\/product"}],"replies":[{"embeddable":true,"href":"https:\/\/brandss.com.py\/index\/wp-json\/wp\/v2\/comments?post=92584"}],"version-history":[{"count":1,"href":"https:\/\/brandss.com.py\/index\/wp-json\/wp\/v2\/product\/92584\/revisions"}],"predecessor-version":[{"id":92585,"href":"https:\/\/brandss.com.py\/index\/wp-json\/wp\/v2\/product\/92584\/revisions\/92585"}],"wp:featuredmedia":[{"embeddable":true,"href":"https:\/\/brandss.com.py\/index\/wp-json\/wp\/v2\/media\/92683"}],"wp:attachment":[{"href":"https:\/\/brandss.com.py\/index\/wp-json\/wp\/v2\/media?parent=92584"}],"wp:term":[{"taxonomy":"product_brand","embeddable":true,"href":"https:\/\/brandss.com.py\/index\/wp-json\/wp\/v2\/product_brand?post=92584"},{"taxonomy":"product_cat","embeddable":true,"href":"https:\/\/brandss.com.py\/index\/wp-json\/wp\/v2\/product_cat?post=92584"},{"taxonomy":"product_tag","embeddable":true,"href":"https:\/\/brandss.com.py\/index\/wp-json\/wp\/v2\/product_tag?post=92584"}],"curies":[{"name":"wp","href":"https:\/\/api.w.org\/{rel}","templated":true}]}}