{"id":92599,"date":"2025-10-25T12:32:37","date_gmt":"2025-10-25T12:32:37","guid":{"rendered":"https:\/\/brandss.com.py\/index\/?post_type=product&#038;p=92599"},"modified":"2025-10-28T18:06:20","modified_gmt":"2025-10-28T18:06:20","slug":"linterna-led-smiling-shark-sd-5996-multi-funcional-s10000-lumenes","status":"publish","type":"product","link":"https:\/\/brandss.com.py\/index\/producto\/linterna-led-smiling-shark-sd-5996-multi-funcional-s10000-lumenes\/","title":{"rendered":"LINTERNA LED SMILING SHARK SD-5996 MULTI-FUNCIONAL S10000 L\u00daMENES"},"content":{"rendered":"<p><img loading=\"lazy\" decoding=\"async\" class=\"\" src=\"https:\/\/mms.img.susercontent.com\/ec1b69e603ad439cc63491512c2f9393@resize_bs700x700\" alt=\"Smiling Shark Official Mall.br, Loja Online | Shopee Brasil\" width=\"162\" height=\"91\" \/><\/p>\n<h1>SD-5996 MULTI-FUNCIONAL<\/h1>\n<p>La linterna LED Smiling Shark SD-5996 es la herramienta perfecta para iluminar tus aventuras al aire libre. Con su faro delantero M80 de alta potencia mejorado, ofrece una salida de alto lumen S10000, garantizando una iluminaci\u00f3n s\u00faper brillante. Adem\u00e1s, su bater\u00eda de larga duraci\u00f3n de 24000 mAh te permite usarla durante largos periodos de tiempo y recargarla f\u00e1cilmente con su puerto USB tipo C. Su dise\u00f1o impermeable con sello de cuerpo y anillo impermeable de silicona la hacen resistente a los d\u00edas de lluvia, y su efecto fluorescente la hace perfecta para tus actividades nocturnas. <img loading=\"lazy\" decoding=\"async\" class=\"alignleft\" src=\"https:\/\/my-test-11.slatic.net\/p\/fe9fa9c94b38eb6cffedafa4ff0b6577.png\" width=\"652\" height=\"652\" \/><\/p>\n<ul>\n<li><span dir=\"auto\">Superbrillante: Linterna frontal M80 de alta potencia mejorada con una salida de S10000 l\u00famenes altos.<\/span><\/li>\n<li>Bater\u00eda de larga duraci\u00f3n: linterna 181300 bater\u00eda * 4, 24000 mAh, carga USB tipo C.<\/li>\n<li>Zoomable: zoom telesc\u00f3pico, el modo de luz de inundaci\u00f3n puede iluminar \u00e1reas grandes.<\/li>\n<li>Colorido nocturno: la carcasa de la linterna tiene un efecto fluorescente colorido por la noche.<\/li>\n<li>Dise\u00f1o resistente al agua: selle el cuerpo, use un anillo impermeable de silicona, disponible en d\u00edas lluviosos (no se puede poner en el agua)<\/li>\n<\/ul>\n<h3><span dir=\"auto\">Caracter\u00edsticas:<\/span><\/h3>\n<p data-spm-anchor-id=\"a2o4k.pdp_revamp.product_detail.i2.fc402351L43Uz0\"><span dir=\"auto\">Modelo: SD-5996, pantalla LCD de potencia.<\/span><\/p>\n<p><span dir=\"auto\">N\u00facleo de la l\u00e1mpara: Perla de l\u00e1mpara M80.<\/span><\/p>\n<p><span dir=\"auto\">Carga: S\u00ed.<\/span><\/p>\n<p><span dir=\"auto\">M\u00e9todo de carga: Carga USB tipo C.<\/span><\/p>\n<p><span dir=\"auto\">Impermeable: resistente al agua de por vida.<\/span><\/p>\n<p><span dir=\"auto\">Modos de trabajo: 6 modos, extremadamente brillante, alto, medio, bajo, estrobosc\u00f3pico, SOS.<\/span><\/p>\n<p><span dir=\"auto\">Zoomable: s\u00ed.<\/span><\/p>\n<p><span dir=\"auto\">Material: aleaci\u00f3n de aluminio.<\/span><\/p>\n<p><span dir=\"auto\">Horas de funcionamiento de la bater\u00eda: 12-24 horas.<\/span><\/p>\n<p><span dir=\"auto\">Bater\u00eda: Bater\u00eda 181300*4 (24000 mAh).<\/span><\/p>\n<p><span dir=\"auto\">Peso: 854g (sin bater\u00eda).<\/span><\/p>\n<p><span dir=\"auto\">Tama\u00f1o: Largo 28cm*Ancho 5,5cm.<\/span><\/p>\n<p><span dir=\"auto\">Uso del producto: Aplicable: #luz para correr #luz para acampar #luz de trabajo #senderismo <\/span><span dir=\"auto\">#Iluminaci\u00f3n de barbacoa #Luz de emergencia por corte de energ\u00eda.<\/span><\/p>\n","protected":false},"excerpt":{"rendered":"<p>SD-5996 MULTI-FUNCIONAL La linterna LED Smiling Shark SD-5996 es la herramienta perfecta para iluminar tus aventuras al aire libre. Con<\/p>\n","protected":false},"featured_media":92702,"comment_status":"open","ping_status":"closed","template":"","meta":{"nf_dc_page":""},"product_brand":[1077],"product_cat":[89],"product_tag":[1084],"class_list":{"0":"post-92599","1":"product","2":"type-product","3":"status-publish","4":"has-post-thumbnail","6":"product_brand-smiling-shark","7":"product_cat-electronicos","8":"product_tag-sd-5996bk","10":"first","11":"instock","12":"shipping-taxable","13":"purchasable","14":"product-type-simple"},"_links":{"self":[{"href":"https:\/\/brandss.com.py\/index\/wp-json\/wp\/v2\/product\/92599","targetHints":{"allow":["GET"]}}],"collection":[{"href":"https:\/\/brandss.com.py\/index\/wp-json\/wp\/v2\/product"}],"about":[{"href":"https:\/\/brandss.com.py\/index\/wp-json\/wp\/v2\/types\/product"}],"replies":[{"embeddable":true,"href":"https:\/\/brandss.com.py\/index\/wp-json\/wp\/v2\/comments?post=92599"}],"version-history":[{"count":1,"href":"https:\/\/brandss.com.py\/index\/wp-json\/wp\/v2\/product\/92599\/revisions"}],"predecessor-version":[{"id":92600,"href":"https:\/\/brandss.com.py\/index\/wp-json\/wp\/v2\/product\/92599\/revisions\/92600"}],"wp:featuredmedia":[{"embeddable":true,"href":"https:\/\/brandss.com.py\/index\/wp-json\/wp\/v2\/media\/92702"}],"wp:attachment":[{"href":"https:\/\/brandss.com.py\/index\/wp-json\/wp\/v2\/media?parent=92599"}],"wp:term":[{"taxonomy":"product_brand","embeddable":true,"href":"https:\/\/brandss.com.py\/index\/wp-json\/wp\/v2\/product_brand?post=92599"},{"taxonomy":"product_cat","embeddable":true,"href":"https:\/\/brandss.com.py\/index\/wp-json\/wp\/v2\/product_cat?post=92599"},{"taxonomy":"product_tag","embeddable":true,"href":"https:\/\/brandss.com.py\/index\/wp-json\/wp\/v2\/product_tag?post=92599"}],"curies":[{"name":"wp","href":"https:\/\/api.w.org\/{rel}","templated":true}]}}