{"id":92601,"date":"2025-10-25T14:33:25","date_gmt":"2025-10-25T14:33:25","guid":{"rendered":"https:\/\/brandss.com.py\/index\/?post_type=product&#038;p=92601"},"modified":"2025-10-28T18:13:43","modified_gmt":"2025-10-28T18:13:43","slug":"linterna-led-smiling-shark-sd-5999-multi-funcional-15000-lumenes","status":"publish","type":"product","link":"https:\/\/brandss.com.py\/index\/producto\/linterna-led-smiling-shark-sd-5999-multi-funcional-15000-lumenes\/","title":{"rendered":"LINTERNA LED SMILING SHARK SD-5999 MULTI-FUNCIONAL 15000 L\u00daMENES"},"content":{"rendered":"<p><img loading=\"lazy\" decoding=\"async\" class=\"\" src=\"https:\/\/mms.img.susercontent.com\/ec1b69e603ad439cc63491512c2f9393@resize_bs700x700\" alt=\"Smiling Shark Official Mall.br, Loja Online | Shopee Brasil\" width=\"123\" height=\"69\" \/><\/p>\n<h1>SD-5999 MULTI-FUNCIONAL<\/h1>\n<p data-start=\"253\" data-end=\"577\">La linterna LED Smiling Shark SD-5999 es un excelente accesorio para actividades al aire libre, gracias a sus caracter\u00edsticas de alta calidad. Fabricada con material de aleaci\u00f3n de aluminio, esta linterna cuenta con 6 modos de iluminaci\u00f3n, resistencia al agua, recarga USB tipo C y una bater\u00eda de larga duraci\u00f3n (8-16 horas de trabajo). Su tama\u00f1o compacto de 27,5 cm de largo por 7 cm de ancho lo hace ideal para el transporte diario y uso en diversas actividades como pesca, camping, senderismo, reparaci\u00f3n de autom\u00f3viles, caza, entre otras. Certificada seg\u00fan el est\u00e1ndar Bsmi R43015, la linterna LED Smiling Shark SD-5999 seguramente satisfar\u00e1 sus necesidades de iluminaci\u00f3n. Es una herramienta de iluminaci\u00f3n t\u00e1ctica de alto rendimiento, dise\u00f1ada para quienes necesitan m\u00e1xima potencia y durabilidad en actividades extremas. Con una intensidad impresionante de 15.000 l\u00famenes reales, esta linterna es ideal para caza, campamentos, patrullajes, vigilancia o uso profesional.<img loading=\"lazy\" decoding=\"async\" class=\"alignleft\" src=\"https:\/\/my-test-11.slatic.net\/p\/906d2f3ef869e3a64ca5006f3f1a4a81.jpg\" width=\"592\" height=\"592\" \/><\/p>\n<p data-start=\"579\" data-end=\"799\">Fabricada en cuerpo met\u00e1lico resistente, cuenta con\u00a0lente ajustable (zoom), bater\u00eda interna recargable por\u00a0puerto USB tipo C\u00a0y un dise\u00f1o ergon\u00f3mico de\u00a027 cm de largo, que ofrece un agarre firme y balanceado.<\/p>\n<p data-start=\"801\" data-end=\"967\">Soporta condiciones clim\u00e1ticas adversas y proporciona iluminaci\u00f3n de largo alcance. Incluye compatibilidad con bater\u00edas\u00a018650\u00a0para uso extendido y recarga r\u00e1pida.<\/p>\n<ul>\n<li><span dir=\"auto\">S\u00faper brillante: linterna M77 de alta potencia con una salida de 15 000 l\u00famenes.<\/span><\/li>\n<li>Pantalla de potencia: Pantalla de luz LED.<\/li>\n<li>6 modos: s\u00faper brillante, alto, medio, bajo, estrobosc\u00f3pico, SOS.<\/li>\n<li>Port\u00e1til: Correas de hombro que se pueden colgar libremente.<\/li>\n<li>Carga: Carga r\u00e1pida USB tipo C.<\/li>\n<li>Zoomable: Zoom telesc\u00f3pico.<\/li>\n<li>Dise\u00f1o impermeable: selle el cuerpo, use un anillo impermeable de silicona, disponible en d\u00edas lluviosos (no se puede poner en el agua)<\/li>\n<\/ul>\n<h3 data-spm-anchor-id=\"a2o42.pdp_revamp.product_detail.i4.1b78404di3PCCy\">Caracter\u00edsticas<\/h3>\n<p><span dir=\"auto\">Marca: Smiling Shark.<\/span><\/p>\n<p><span dir=\"auto\">Modelo: SD-5999.<\/span><\/p>\n<p><span dir=\"auto\">Cuentas de l\u00e1mpara: M77.<\/span><\/p>\n<p><span dir=\"auto\">Material: Aleaci\u00f3n de aluminio.<\/span><\/p>\n<p><span dir=\"auto\">Bater\u00eda: Bater\u00eda 181300*4 (capacidad de 1 bater\u00eda 600 mAh).<\/span><\/p>\n<p><span dir=\"auto\">Impermeable: Resistente al agua de por vida.<\/span><\/p>\n<p><span dir=\"auto\">Carga: Carga USB tipo C.<\/span><\/p>\n<p><span dir=\"auto\">Modos: 6 modos.<\/span><\/p>\n<p><span dir=\"auto\">Tama\u00f1o: Largo 27,5cm * Ancho 7cm.<\/span><\/p>\n<p><span dir=\"auto\">Peso: 785 g (sin bater\u00eda).<\/span><\/p>\n<p><span dir=\"auto\">Horas de funcionamiento de la bater\u00eda: 8-16 h.<\/span><\/p>\n<p><span dir=\"auto\">Certificaci\u00f3n Bsmi: R43015.<\/span><\/p>\n<p data-spm-anchor-id=\"a2o42.pdp_revamp.product_detail.i2.1b78404di3PCCy\"><span dir=\"auto\">Uso: #Emergencia #pesca #camping #senderismo #camping #reparaci\u00f3n de autom\u00f3viles #patrullaje al aire libre #exploraci\u00f3n #transporte diario #caza #actividades nocturnas #conducci\u00f3n nocturna #iluminaci\u00f3n remota #enfoque remoto #reflector #Luz de trabajo.<\/span><\/p>\n","protected":false},"excerpt":{"rendered":"<p>SD-5999 MULTI-FUNCIONAL La linterna LED Smiling Shark SD-5999 es un excelente accesorio para actividades al aire libre, gracias a sus<\/p>\n","protected":false},"featured_media":92716,"comment_status":"open","ping_status":"closed","template":"","meta":{"nf_dc_page":""},"product_brand":[1077],"product_cat":[89],"product_tag":[1085],"class_list":{"0":"post-92601","1":"product","2":"type-product","3":"status-publish","4":"has-post-thumbnail","6":"product_brand-smiling-shark","7":"product_cat-electronicos","8":"product_tag-sd-5999bk","10":"first","11":"instock","12":"shipping-taxable","13":"purchasable","14":"product-type-simple"},"_links":{"self":[{"href":"https:\/\/brandss.com.py\/index\/wp-json\/wp\/v2\/product\/92601","targetHints":{"allow":["GET"]}}],"collection":[{"href":"https:\/\/brandss.com.py\/index\/wp-json\/wp\/v2\/product"}],"about":[{"href":"https:\/\/brandss.com.py\/index\/wp-json\/wp\/v2\/types\/product"}],"replies":[{"embeddable":true,"href":"https:\/\/brandss.com.py\/index\/wp-json\/wp\/v2\/comments?post=92601"}],"version-history":[{"count":1,"href":"https:\/\/brandss.com.py\/index\/wp-json\/wp\/v2\/product\/92601\/revisions"}],"predecessor-version":[{"id":92602,"href":"https:\/\/brandss.com.py\/index\/wp-json\/wp\/v2\/product\/92601\/revisions\/92602"}],"wp:featuredmedia":[{"embeddable":true,"href":"https:\/\/brandss.com.py\/index\/wp-json\/wp\/v2\/media\/92716"}],"wp:attachment":[{"href":"https:\/\/brandss.com.py\/index\/wp-json\/wp\/v2\/media?parent=92601"}],"wp:term":[{"taxonomy":"product_brand","embeddable":true,"href":"https:\/\/brandss.com.py\/index\/wp-json\/wp\/v2\/product_brand?post=92601"},{"taxonomy":"product_cat","embeddable":true,"href":"https:\/\/brandss.com.py\/index\/wp-json\/wp\/v2\/product_cat?post=92601"},{"taxonomy":"product_tag","embeddable":true,"href":"https:\/\/brandss.com.py\/index\/wp-json\/wp\/v2\/product_tag?post=92601"}],"curies":[{"name":"wp","href":"https:\/\/api.w.org\/{rel}","templated":true}]}}