{"id":92608,"date":"2025-10-27T11:36:02","date_gmt":"2025-10-27T11:36:02","guid":{"rendered":"https:\/\/brandss.com.py\/index\/?post_type=product&#038;p=92608"},"modified":"2025-10-28T18:28:58","modified_gmt":"2025-10-28T18:28:58","slug":"estabilizador-koosda-km-01-180mm","status":"publish","type":"product","link":"https:\/\/brandss.com.py\/index\/producto\/estabilizador-koosda-km-01-180mm\/","title":{"rendered":"ESTABILIZADOR KOOSDA KM-01 180MM"},"content":{"rendered":"<p><img loading=\"lazy\" decoding=\"async\" class=\"\" src=\"https:\/\/koosda.com\/uploads\/20250302\/026e881b0915f3857a1788ccdb06bc6a.png\" alt=\"KSD-W02 Magsafe Magnetic Wireless Charger Holder-Wireless Charger-KOOSDA - Premium Mobile Accessories &amp; Live-Streaming Gear for a Smarter Life\" width=\"83\" height=\"22\" \/><\/p>\n<h1>KM-01<\/h1>\n<p>Es un estabilizador tipo gimbal dise\u00f1ado mayormente para smartphones. Entre sus funcionalidades destacan: estabilizaci\u00f3n autom\u00e1tica, soporte tipo selfie stick\/tr\u00edpode, y dise\u00f1o port\u00e1til.<\/p>\n<h3 data-start=\"660\" data-end=\"719\">Caracter\u00edsticas<\/h3>\n<ul data-start=\"720\" data-end=\"1712\">\n<li data-start=\"720\" data-end=\"848\">\n<p data-start=\"722\" data-end=\"848\">Estabilizaci\u00f3n autom\u00e1tica para smartphone; ayuda a suavizar el v\u00eddeo al filmar a mano.<\/p>\n<\/li>\n<li data-start=\"849\" data-end=\"954\">\n<p data-start=\"851\" data-end=\"954\">Rotaci\u00f3n de 360\u00b0 (horizontal\/vertical) para grabaci\u00f3n flexible.<\/p>\n<\/li>\n<li data-start=\"955\" data-end=\"1112\">\n<p data-start=\"957\" data-end=\"1112\">Modo selfie stick + tr\u00edpode integrado: se puede usar como palo para selfies o desplegar tr\u00edpode para v\u00eddeo estable.<\/p>\n<\/li>\n<li data-start=\"1113\" data-end=\"1276\">\n<p data-start=\"1115\" data-end=\"1276\">Construcci\u00f3n de aluminio ligera o reserva de materiales met\u00e1licos (\u201cAluminum Build\u201d) para mayor durabilidad y menor peso.<\/p>\n<\/li>\n<li data-start=\"1277\" data-end=\"1428\">\n<p data-start=\"1279\" data-end=\"1428\">Dise\u00f1o plegable \/ port\u00e1til, lo que lo hace c\u00f3modo para llevar en viajes o para crear contenido en exteriores.<\/p>\n<\/li>\n<li data-start=\"1429\" data-end=\"1556\">\n<p data-start=\"1431\" data-end=\"1556\">Soporte para smartphones: se menciona que est\u00e1 pensado para tel\u00e9fonos, aunque no encontr\u00e9 la anchura exacta de la sujeci\u00f3n.<\/p>\n<\/li>\n<li data-start=\"1557\" data-end=\"1712\">\n<p data-start=\"1559\" data-end=\"1712\">En algunos casos se da que incluye luz de relleno (fill light) desmontable para mejorar la iluminaci\u00f3n del v\u00eddeo.<\/p>\n<\/li>\n<li data-start=\"1557\" data-end=\"1712\">Modelo: KM-01<\/li>\n<\/ul>\n","protected":false},"excerpt":{"rendered":"<p>KM-01 Es un estabilizador tipo gimbal dise\u00f1ado mayormente para smartphones. Entre sus funcionalidades destacan: estabilizaci\u00f3n autom\u00e1tica, soporte tipo selfie stick\/tr\u00edpode,<\/p>\n","protected":false},"featured_media":92744,"comment_status":"open","ping_status":"closed","template":"","meta":{"nf_dc_page":""},"product_brand":[1087],"product_cat":[89],"product_tag":[1091],"class_list":{"0":"post-92608","1":"product","2":"type-product","3":"status-publish","4":"has-post-thumbnail","6":"product_brand-koosda","7":"product_cat-electronicos","8":"product_tag-1091","10":"first","11":"instock","12":"shipping-taxable","13":"purchasable","14":"product-type-simple"},"_links":{"self":[{"href":"https:\/\/brandss.com.py\/index\/wp-json\/wp\/v2\/product\/92608","targetHints":{"allow":["GET"]}}],"collection":[{"href":"https:\/\/brandss.com.py\/index\/wp-json\/wp\/v2\/product"}],"about":[{"href":"https:\/\/brandss.com.py\/index\/wp-json\/wp\/v2\/types\/product"}],"replies":[{"embeddable":true,"href":"https:\/\/brandss.com.py\/index\/wp-json\/wp\/v2\/comments?post=92608"}],"version-history":[{"count":1,"href":"https:\/\/brandss.com.py\/index\/wp-json\/wp\/v2\/product\/92608\/revisions"}],"predecessor-version":[{"id":92609,"href":"https:\/\/brandss.com.py\/index\/wp-json\/wp\/v2\/product\/92608\/revisions\/92609"}],"wp:featuredmedia":[{"embeddable":true,"href":"https:\/\/brandss.com.py\/index\/wp-json\/wp\/v2\/media\/92744"}],"wp:attachment":[{"href":"https:\/\/brandss.com.py\/index\/wp-json\/wp\/v2\/media?parent=92608"}],"wp:term":[{"taxonomy":"product_brand","embeddable":true,"href":"https:\/\/brandss.com.py\/index\/wp-json\/wp\/v2\/product_brand?post=92608"},{"taxonomy":"product_cat","embeddable":true,"href":"https:\/\/brandss.com.py\/index\/wp-json\/wp\/v2\/product_cat?post=92608"},{"taxonomy":"product_tag","embeddable":true,"href":"https:\/\/brandss.com.py\/index\/wp-json\/wp\/v2\/product_tag?post=92608"}],"curies":[{"name":"wp","href":"https:\/\/api.w.org\/{rel}","templated":true}]}}