{"id":92610,"date":"2025-10-27T12:15:32","date_gmt":"2025-10-27T12:15:32","guid":{"rendered":"https:\/\/brandss.com.py\/index\/?post_type=product&#038;p=92610"},"modified":"2025-10-28T18:31:11","modified_gmt":"2025-10-28T18:31:11","slug":"estabilizador-koosda-km-03-axis","status":"publish","type":"product","link":"https:\/\/brandss.com.py\/index\/producto\/estabilizador-koosda-km-03-axis\/","title":{"rendered":"ESTABILIZADOR KOOSDA KM-03-AXIS"},"content":{"rendered":"<p data-start=\"280\" data-end=\"715\"><img loading=\"lazy\" decoding=\"async\" class=\"\" src=\"https:\/\/koosda.com\/uploads\/20250302\/026e881b0915f3857a1788ccdb06bc6a.png\" alt=\"KSD-W02 Magsafe Magnetic Wireless Charger Holder-Wireless Charger-KOOSDA - Premium Mobile Accessories &amp; Live-Streaming Gear for a Smarter Life\" width=\"94\" height=\"25\" \/><\/p>\n<h1 data-start=\"280\" data-end=\"715\">KM-03<\/h1>\n<p data-start=\"280\" data-end=\"715\">Es un gimbal de 3 ejes para smartphone, con funciones adicionales de seguimiento inteligente de objetos y control gestual. Esto lo hace m\u00e1s avanzado que algunos gimbals b\u00e1sicos que s\u00f3lo estabilizan, ya que incluye funciones de software para mejorar la grabaci\u00f3n de v\u00eddeo y vlogging.<\/p>\n<h3 data-start=\"722\" data-end=\"772\">Caracter\u00edsticas<\/h3>\n<ul data-start=\"773\" data-end=\"1398\">\n<li data-start=\"773\" data-end=\"907\">\n<p data-start=\"775\" data-end=\"907\">Estabilizaci\u00f3n de <strong data-start=\"793\" data-end=\"803\">3 ejes<\/strong> (inclinaci\u00f3n, balanceo, gui\u00f1o) para smartphone.<\/p>\n<\/li>\n<li data-start=\"908\" data-end=\"1019\">\n<p data-start=\"910\" data-end=\"1019\">Funci\u00f3n de seguimiento inteligente de objetos.<\/p>\n<\/li>\n<li data-start=\"1020\" data-end=\"1172\">\n<p data-start=\"1022\" data-end=\"1172\">Control gestual remoto para disparar o cambiar modos sin usar bot\u00f3n f\u00edsico directo.<\/p>\n<\/li>\n<li data-start=\"1173\" data-end=\"1317\">\n<p data-start=\"1175\" data-end=\"1317\">Compatible con smartphone: IOS\/Androide.<\/p>\n<\/li>\n<li data-start=\"1318\" data-end=\"1398\">\n<p data-start=\"1320\" data-end=\"1398\">Color: negro.<\/p>\n<\/li>\n<li data-start=\"1318\" data-end=\"1398\">Modelo: KM-03.<\/li>\n<\/ul>\n","protected":false},"excerpt":{"rendered":"<p>KM-03 Es un gimbal de 3 ejes para smartphone, con funciones adicionales de seguimiento inteligente de objetos y control gestual.<\/p>\n","protected":false},"featured_media":92749,"comment_status":"open","ping_status":"closed","template":"","meta":{"nf_dc_page":""},"product_brand":[1087],"product_cat":[89],"product_tag":[1090],"class_list":{"0":"post-92610","1":"product","2":"type-product","3":"status-publish","4":"has-post-thumbnail","6":"product_brand-koosda","7":"product_cat-electronicos","8":"product_tag-1090","10":"first","11":"instock","12":"shipping-taxable","13":"purchasable","14":"product-type-simple"},"_links":{"self":[{"href":"https:\/\/brandss.com.py\/index\/wp-json\/wp\/v2\/product\/92610","targetHints":{"allow":["GET"]}}],"collection":[{"href":"https:\/\/brandss.com.py\/index\/wp-json\/wp\/v2\/product"}],"about":[{"href":"https:\/\/brandss.com.py\/index\/wp-json\/wp\/v2\/types\/product"}],"replies":[{"embeddable":true,"href":"https:\/\/brandss.com.py\/index\/wp-json\/wp\/v2\/comments?post=92610"}],"version-history":[{"count":1,"href":"https:\/\/brandss.com.py\/index\/wp-json\/wp\/v2\/product\/92610\/revisions"}],"predecessor-version":[{"id":92611,"href":"https:\/\/brandss.com.py\/index\/wp-json\/wp\/v2\/product\/92610\/revisions\/92611"}],"wp:featuredmedia":[{"embeddable":true,"href":"https:\/\/brandss.com.py\/index\/wp-json\/wp\/v2\/media\/92749"}],"wp:attachment":[{"href":"https:\/\/brandss.com.py\/index\/wp-json\/wp\/v2\/media?parent=92610"}],"wp:term":[{"taxonomy":"product_brand","embeddable":true,"href":"https:\/\/brandss.com.py\/index\/wp-json\/wp\/v2\/product_brand?post=92610"},{"taxonomy":"product_cat","embeddable":true,"href":"https:\/\/brandss.com.py\/index\/wp-json\/wp\/v2\/product_cat?post=92610"},{"taxonomy":"product_tag","embeddable":true,"href":"https:\/\/brandss.com.py\/index\/wp-json\/wp\/v2\/product_tag?post=92610"}],"curies":[{"name":"wp","href":"https:\/\/api.w.org\/{rel}","templated":true}]}}